{"id":899,"date":"2023-08-10T16:00:19","date_gmt":"2023-08-10T14:00:19","guid":{"rendered":"https:\/\/www.lapati.ch\/?page_id=899"},"modified":"2023-08-10T16:15:25","modified_gmt":"2023-08-10T14:15:25","slug":"jobs","status":"publish","type":"page","link":"https:\/\/www.lapati.ch\/de\/jobs\/","title":{"rendered":"Jobs"},"content":{"rendered":"<div class=\"wpb-content-wrapper\"><p>[vc_row full_width=&#8220;stretch_row&#8220; el_class=&#8220;no-border&#8220;][vc_column][vc_column_text]<\/p>\n<h1 style=\"text-align: center;\">Jobs<\/h1>\n<div id=\"gtx-trans\" style=\"position: absolute; left: 280px; top: 46.9375px;\">\n<div class=\"gtx-trans-icon\"><\/div>\n<\/div>\n<p>[\/vc_column_text][\/vc_column][\/vc_row][vc_row full_width=&#8220;stretch_row&#8220; content_placement=&#8220;middle&#8220; parallax=&#8220;content-moving&#8220; parallax_image=&#8220;872&#8243; parallax_speed_bg=&#8220;1&#8243; el_class=&#8220;header-page&#8220;][vc_column][\/vc_column][\/vc_row][vc_row full_width=&#8220;stretch_row&#8220; el_class=&#8220;brochure&#8220;][vc_column css=&#8220;.vc_custom_1689594099527{margin-bottom: 100px !important;}&#8220;][vc_column_text el_class=&#8220;bloc-jobs&#8220;]LA PATI SA, das f\u00fchrende Unternehmen f\u00fcr den Bau und die Ausstattung von Eisbahnen in der Schweiz, ist auf der Suche nach DIR!<\/p>\n<p><strong>Wir suchen eine\/n technische\/n Verk\u00e4ufer\/in f\u00fcr die Schweiz.<\/strong><\/p>\n<p>Der\/die Mitarbeiter\/in ist verantwortlich f\u00fcr den Verkauf und die Vermarktung von ARENA-Produkten sowie der gesamten Ausr\u00fcstungspalette. Dazu geh\u00f6ren Banden, Oberfl\u00e4chenmaschinen, Bodenschutz, B\u00e4nke, Zeitmesser, Uhren und die Ausstattung von Garderoben. Du bist f\u00fcr das Produktmanagement von der Bestellung bis zur Endmontage sowie f\u00fcr die \u00dcberwachung der Baustellen und der technischen Teams zust\u00e4ndig.<\/p>\n<p><strong>Erw\u00fcnschte Kompetenzen:<\/strong><\/p>\n<ul>\n<li>Fundierte Kenntnisse der Welt der Eishallen in der Schweiz.<\/li>\n<li>Ein EFZ (Eidgen\u00f6ssisches F\u00e4higkeitszeugnis) oder praktische Erfahrung in den Bereichen Bauwesen oder Baustellen.<\/li>\n<li>Erfahrung und\/oder Lernbereitschaft als IceMaster.<\/li>\n<li>Erfahrung und\/oder Engagement im kaufm\u00e4nnischen Bereich.<\/li>\n<li>Eine selbstst\u00e4ndige und initiative Einstellung.<\/li>\n<li>Eishockeyspieler\/in oder ehemalige\/r Eishockeyspieler\/in.<\/li>\n<\/ul>\n<p><strong>Was dich erwartet:<br \/>\n<\/strong><\/p>\n<ol>\n<li>Ein national f\u00fchrendes Unternehmen, das ein dynamisches und innovatives Umfeld aufweist.<\/li>\n<li>Abwechslungsreiche Projekte, Zusammenarbeit mit Experten, Entwicklung von technischen und kaufm\u00e4nnischen F\u00e4higkeiten.<\/li>\n<li>Umfassende Schulung und Unterst\u00fctzung durch kontinuierliche Betreuung.<\/li>\n<li>Konkurrenzf\u00e4hige Entlohnung: Attraktives Gehalt, Boni, die an die Verkaufsleistung gebunden sind.<\/li>\n<li>Sozialleistungen: Versicherungsschutz, bezahlter Urlaub, etc.<\/li>\n<\/ol>\n<p>Werde Teil eines tollen Teams!<\/p>\n<p>Schicke deine \u00fcblichen Bewerbungsunterlagen an: adescloux@lapati.ch<\/p>\n<p>F\u00fcr weitere Informationen steht dir Antoine Descloux unter 079 541 83 32 gerne zur Verf\u00fcgung.[\/vc_column_text][\/vc_column][\/vc_row]<\/p>\n<\/div>","protected":false},"excerpt":{"rendered":"<p>[vc_row full_width=&#8220;stretch_row&#8220; el_class=&#8220;no-border&#8220;][vc_column][vc_column_text] Jobs [\/vc_column_text][\/vc_column][\/vc_row][vc_row full_width=&#8220;stretch_row&#8220; content_placement=&#8220;middle&#8220; parallax=&#8220;content-moving&#8220; parallax_image=&#8220;872&#8243; parallax_speed_bg=&#8220;1&#8243; el_class=&#8220;header-page&#8220;][vc_column][\/vc_column][\/vc_row][vc_row full_width=&#8220;stretch_row&#8220; el_class=&#8220;brochure&#8220;][vc_column css=&#8220;.vc_custom_1689594099527{margin-bottom: 100px !important;}&#8220;][vc_column_text el_class=&#8220;bloc-jobs&#8220;]LA PATI SA, das f\u00fchrende Unternehmen f\u00fcr den Bau und die Ausstattung von Eisbahnen in der Schweiz, ist auf der Suche nach DIR! Wir suchen eine\/n technische\/n Verk\u00e4ufer\/in f\u00fcr die Schweiz. Der\/die Mitarbeiter\/in ist verantwortlich f\u00fcr den Verkauf und [&hellip;]<\/p>\n","protected":false},"author":2,"featured_media":0,"parent":0,"menu_order":0,"comment_status":"closed","ping_status":"closed","template":"","meta":{"_acf_changed":false,"footnotes":""},"class_list":["post-899","page","type-page","status-publish","hentry"],"acf":[],"yoast_head":"<!-- This site is optimized with the Yoast SEO plugin v26.5 - https:\/\/yoast.com\/wordpress\/plugins\/seo\/ -->\n<title>La Pati : Votre patinoire cl\u00e9 en main ! | Jobs<\/title>\n<meta name=\"description\" content=\"Avec la patinoire fixe \u00ab Pol Arena \u00bb, La Pati SA s\u2019oppose aux id\u00e9es re\u00e7ues entourant la construction et l\u2019exploitation de ce type d\u2019infrastructures sportives.\" \/>\n<meta name=\"robots\" content=\"index, follow, max-snippet:-1, max-image-preview:large, max-video-preview:-1\" \/>\n<link rel=\"canonical\" href=\"https:\/\/www.lapati.ch\/de\/jobs\/\" \/>\n<meta property=\"og:locale\" content=\"de_DE\" \/>\n<meta property=\"og:type\" content=\"article\" \/>\n<meta property=\"og:title\" content=\"La Pati : Votre patinoire cl\u00e9 en main ! | Jobs\" \/>\n<meta property=\"og:description\" content=\"Avec la patinoire fixe \u00ab Pol Arena \u00bb, La Pati SA s\u2019oppose aux id\u00e9es re\u00e7ues entourant la construction et l\u2019exploitation de ce type d\u2019infrastructures sportives.\" \/>\n<meta property=\"og:url\" content=\"https:\/\/www.lapati.ch\/de\/jobs\/\" \/>\n<meta property=\"og:site_name\" content=\"La Pati : Votre patinoire cl\u00e9 en main !\" \/>\n<meta property=\"article:modified_time\" content=\"2023-08-10T14:15:25+00:00\" \/>\n<meta name=\"twitter:card\" content=\"summary_large_image\" \/>\n<meta name=\"twitter:label1\" content=\"Gesch\u00e4tzte Lesezeit\" \/>\n\t<meta name=\"twitter:data1\" content=\"2\u00a0Minuten\" \/>\n<script type=\"application\/ld+json\" class=\"yoast-schema-graph\">{\"@context\":\"https:\/\/schema.org\",\"@graph\":[{\"@type\":\"WebPage\",\"@id\":\"https:\/\/www.lapati.ch\/de\/jobs\/\",\"url\":\"https:\/\/www.lapati.ch\/de\/jobs\/\",\"name\":\"La Pati : Votre patinoire cl\u00e9 en main ! | Jobs\",\"isPartOf\":{\"@id\":\"https:\/\/www.lapati.ch\/de\/#website\"},\"datePublished\":\"2023-08-10T14:00:19+00:00\",\"dateModified\":\"2023-08-10T14:15:25+00:00\",\"description\":\"Avec la patinoire fixe \u00ab Pol Arena \u00bb, La Pati SA s\u2019oppose aux id\u00e9es re\u00e7ues entourant la construction et l\u2019exploitation de ce type d\u2019infrastructures sportives.\",\"breadcrumb\":{\"@id\":\"https:\/\/www.lapati.ch\/de\/jobs\/#breadcrumb\"},\"inLanguage\":\"de\",\"potentialAction\":[{\"@type\":\"ReadAction\",\"target\":[\"https:\/\/www.lapati.ch\/de\/jobs\/\"]}]},{\"@type\":\"BreadcrumbList\",\"@id\":\"https:\/\/www.lapati.ch\/de\/jobs\/#breadcrumb\",\"itemListElement\":[{\"@type\":\"ListItem\",\"position\":1,\"name\":\"Accueil\",\"item\":\"https:\/\/www.lapati.ch\/de\/\"},{\"@type\":\"ListItem\",\"position\":2,\"name\":\"Jobs\"}]},{\"@type\":\"WebSite\",\"@id\":\"https:\/\/www.lapati.ch\/de\/#website\",\"url\":\"https:\/\/www.lapati.ch\/de\/\",\"name\":\"La Pati : Votre patinoire cl\u00e9 en main !\",\"description\":\"\",\"potentialAction\":[{\"@type\":\"SearchAction\",\"target\":{\"@type\":\"EntryPoint\",\"urlTemplate\":\"https:\/\/www.lapati.ch\/de\/?s={search_term_string}\"},\"query-input\":{\"@type\":\"PropertyValueSpecification\",\"valueRequired\":true,\"valueName\":\"search_term_string\"}}],\"inLanguage\":\"de\"}]}<\/script>\n<!-- \/ Yoast SEO plugin. -->","yoast_head_json":{"title":"La Pati : Votre patinoire cl\u00e9 en main ! | Jobs","description":"Avec la patinoire fixe \u00ab Pol Arena \u00bb, La Pati SA s\u2019oppose aux id\u00e9es re\u00e7ues entourant la construction et l\u2019exploitation de ce type d\u2019infrastructures sportives.","robots":{"index":"index","follow":"follow","max-snippet":"max-snippet:-1","max-image-preview":"max-image-preview:large","max-video-preview":"max-video-preview:-1"},"canonical":"https:\/\/www.lapati.ch\/de\/jobs\/","og_locale":"de_DE","og_type":"article","og_title":"La Pati : Votre patinoire cl\u00e9 en main ! | Jobs","og_description":"Avec la patinoire fixe \u00ab Pol Arena \u00bb, La Pati SA s\u2019oppose aux id\u00e9es re\u00e7ues entourant la construction et l\u2019exploitation de ce type d\u2019infrastructures sportives.","og_url":"https:\/\/www.lapati.ch\/de\/jobs\/","og_site_name":"La Pati : Votre patinoire cl\u00e9 en main !","article_modified_time":"2023-08-10T14:15:25+00:00","twitter_card":"summary_large_image","twitter_misc":{"Gesch\u00e4tzte Lesezeit":"2\u00a0Minuten"},"schema":{"@context":"https:\/\/schema.org","@graph":[{"@type":"WebPage","@id":"https:\/\/www.lapati.ch\/de\/jobs\/","url":"https:\/\/www.lapati.ch\/de\/jobs\/","name":"La Pati : Votre patinoire cl\u00e9 en main ! | Jobs","isPartOf":{"@id":"https:\/\/www.lapati.ch\/de\/#website"},"datePublished":"2023-08-10T14:00:19+00:00","dateModified":"2023-08-10T14:15:25+00:00","description":"Avec la patinoire fixe \u00ab Pol Arena \u00bb, La Pati SA s\u2019oppose aux id\u00e9es re\u00e7ues entourant la construction et l\u2019exploitation de ce type d\u2019infrastructures sportives.","breadcrumb":{"@id":"https:\/\/www.lapati.ch\/de\/jobs\/#breadcrumb"},"inLanguage":"de","potentialAction":[{"@type":"ReadAction","target":["https:\/\/www.lapati.ch\/de\/jobs\/"]}]},{"@type":"BreadcrumbList","@id":"https:\/\/www.lapati.ch\/de\/jobs\/#breadcrumb","itemListElement":[{"@type":"ListItem","position":1,"name":"Accueil","item":"https:\/\/www.lapati.ch\/de\/"},{"@type":"ListItem","position":2,"name":"Jobs"}]},{"@type":"WebSite","@id":"https:\/\/www.lapati.ch\/de\/#website","url":"https:\/\/www.lapati.ch\/de\/","name":"La Pati : Votre patinoire cl\u00e9 en main !","description":"","potentialAction":[{"@type":"SearchAction","target":{"@type":"EntryPoint","urlTemplate":"https:\/\/www.lapati.ch\/de\/?s={search_term_string}"},"query-input":{"@type":"PropertyValueSpecification","valueRequired":true,"valueName":"search_term_string"}}],"inLanguage":"de"}]}},"_links":{"self":[{"href":"https:\/\/www.lapati.ch\/de\/wp-json\/wp\/v2\/pages\/899","targetHints":{"allow":["GET"]}}],"collection":[{"href":"https:\/\/www.lapati.ch\/de\/wp-json\/wp\/v2\/pages"}],"about":[{"href":"https:\/\/www.lapati.ch\/de\/wp-json\/wp\/v2\/types\/page"}],"author":[{"embeddable":true,"href":"https:\/\/www.lapati.ch\/de\/wp-json\/wp\/v2\/users\/2"}],"replies":[{"embeddable":true,"href":"https:\/\/www.lapati.ch\/de\/wp-json\/wp\/v2\/comments?post=899"}],"version-history":[{"count":7,"href":"https:\/\/www.lapati.ch\/de\/wp-json\/wp\/v2\/pages\/899\/revisions"}],"predecessor-version":[{"id":906,"href":"https:\/\/www.lapati.ch\/de\/wp-json\/wp\/v2\/pages\/899\/revisions\/906"}],"wp:attachment":[{"href":"https:\/\/www.lapati.ch\/de\/wp-json\/wp\/v2\/media?parent=899"}],"curies":[{"name":"wp","href":"https:\/\/api.w.org\/{rel}","templated":true}]}}