{"id":374,"date":"2021-08-24T10:40:51","date_gmt":"2021-08-24T08:40:51","guid":{"rendered":"http:\/\/www.lapati.ch\/reference\/"},"modified":"2021-09-13T17:46:50","modified_gmt":"2021-09-13T15:46:50","slug":"reference","status":"publish","type":"page","link":"https:\/\/www.lapati.ch\/de\/reference\/","title":{"rendered":"Referenzen"},"content":{"rendered":"<div class=\"wpb-content-wrapper\"><p>[vc_row full_width=&#8220;stretch_row&#8220; el_class=&#8220;no-border&#8220;][vc_column][vc_column_text]<\/p>\n<h1 style=\"text-align: center;\">Referenzen<\/h1>\n<p>[\/vc_column_text][\/vc_column][\/vc_row][vc_row full_width=&#8220;stretch_row_content&#8220; el_class=&#8220;bottom-0 refs&#8220;][vc_column]<div class='references'><div class='maps-links'><div class='container'><div class='row'><div class='col-lg-12'>Mit \u00fcber 534 Projekten sind wir in der ganzen Schweiz pr\u00e4sent. Wir haben drei Abteilungen, die jeweils eine Sprachregion verwalten. Wir sind auch in diversen L\u00e4ndern Europas vertreten.<\/div><\/div><div class='row links'><div class='col-lg-3'><a href='javascript:void(0);' data-id='mobile'>Mobile<\/a><\/div><div class='col-lg-3'><a href='javascript:void(0);' data-id='arena'>Arena<\/a><\/div><div class='col-lg-3'><a href='javascript:void(0);' data-id='europe'>Europe<\/a><\/div><\/div><\/div><\/div><div class='links-links' id='suisse'><div class='container'><div class='row'><div class='col-lg-12'><div class='link-title' data-id='mobile'><span data-id='mobile'>Bastion<\/span><div class='link-descr'>Mobile Eislaufbahn mit einer Fl\u00e4che von 450 m2, die seit 2008 jeden Winter installiert wird.<div class=\"owl-carousel\"><div style=\"background-image: url(https:\/\/www.lapati.ch\/wp-content\/uploads\/2021\/10\/photo_lapati_patinoire_200221_genevebastions-scaled.jpg);\"><\/div><div style=\"background-image: url(https:\/\/www.lapati.ch\/wp-content\/uploads\/2021\/10\/photo_lapati_patinoire_200221_genevebastions_9-scaled.jpg);\"><\/div><div style=\"background-image: url(https:\/\/www.lapati.ch\/wp-content\/uploads\/2021\/10\/photo_lapati_patinoire_200221_genevebastions_8-scaled.jpg);\"><\/div><div style=\"background-image: url(https:\/\/www.lapati.ch\/wp-content\/uploads\/2021\/10\/photo_lapati_patinoire_200221_genevebastions_7-scaled.jpg);\"><\/div><div style=\"background-image: url(https:\/\/www.lapati.ch\/wp-content\/uploads\/2021\/10\/photo_lapati_patinoire_200221_genevebastions_6-scaled.jpg);\"><\/div><div style=\"background-image: url(https:\/\/www.lapati.ch\/wp-content\/uploads\/2021\/10\/photo_lapati_patinoire_200221_genevebastions_5-scaled.jpg);\"><\/div><div style=\"background-image: url(https:\/\/www.lapati.ch\/wp-content\/uploads\/2021\/10\/photo_lapati_patinoire_200221_genevebastions_4-scaled.jpg);\"><\/div><div style=\"background-image: url(https:\/\/www.lapati.ch\/wp-content\/uploads\/2021\/10\/photo_lapati_patinoire_200221_genevebastions_3-scaled.jpg);\"><\/div><div style=\"background-image: url(https:\/\/www.lapati.ch\/wp-content\/uploads\/2021\/10\/photo_lapati_patinoire_200221_genevebastions_2-scaled.jpg);\"><\/div><div style=\"background-image: url(https:\/\/www.lapati.ch\/wp-content\/uploads\/2021\/10\/bastion-scaled.jpg);\"><\/div><\/div><\/div><\/div><div class='link-title' data-id='arena'><span data-id='arena'>Fribourg<\/span><div class='link-descr'><strong>BCF Arena<\/strong>\r\n\r\nInstallation der neuen flexiblen Banden der BCF-Arena, die den von der SIHF festgelegten Normen entsprechen, sowie die Herstellung und Installation der neuen Podien und B\u00e4nke und die Installation der \u00f6ffentlichen Schutznetze aus Kevlar.<div class=\"owl-carousel\"><div style=\"background-image: url(https:\/\/www.lapati.ch\/wp-content\/uploads\/2021\/10\/1bcf_arena.jpg);\"><\/div><div style=\"background-image: url(https:\/\/www.lapati.ch\/wp-content\/uploads\/2021\/10\/BCF_Arena_2-scaled.jpg);\"><\/div><div style=\"background-image: url(https:\/\/www.lapati.ch\/wp-content\/uploads\/2021\/10\/BCF_Arena_3-scaled.jpg);\"><\/div><\/div><\/div><\/div><div class='link-title' data-id='arena'><span data-id='arena'>Lausanne<\/span><div class='link-descr'><strong>Vaudoise Arena 3 Eisbahnen<\/strong>\r\n\r\nHaupteisbahn: Installation der neuen flexiblen Banden mit dem Rapido-System f\u00fcr den schnellen Abbau der Struktur, die den von der SIHF festgelegten Normen entsprechen, sowie Herstellung und Installation der neuen Podien und B\u00e4nke und die Installation der \u00f6ffentlichen Schutznetze aus Kevlar.\r\n\r\nTrainingshalle: Trainingshalle in der Vaudoise Arena Installation neuer flexibler Banden, die den von der SIHF festgelegten Standards entsprechen\r\n\r\nEisbahn im Freien: Installation neuer Banden f\u00fcr die Eisbahn im Freien, \u00f6ffentliche Schutznetzstruktur, Strafb\u00e4nke, Spielerb\u00e4nke und Zeitmesskabine.<div class=\"owl-carousel\"><div style=\"background-image: url(https:\/\/www.lapati.ch\/wp-content\/uploads\/2021\/10\/lausanne_1.jpg);\"><\/div><div style=\"background-image: url(https:\/\/www.lapati.ch\/wp-content\/uploads\/2021\/10\/lausanne_2.jpg);\"><\/div><div style=\"background-image: url(https:\/\/www.lapati.ch\/wp-content\/uploads\/2021\/10\/lausanne_3.jpg);\"><\/div><div style=\"background-image: url(https:\/\/www.lapati.ch\/wp-content\/uploads\/2021\/10\/lausanne_4.jpg);\"><\/div><div style=\"background-image: url(https:\/\/www.lapati.ch\/wp-content\/uploads\/2021\/10\/lausanne_5.jpg);\"><\/div><div style=\"background-image: url(https:\/\/www.lapati.ch\/wp-content\/uploads\/2021\/10\/1_vaudoise_arena_entrainement.jpg);\"><\/div><div style=\"background-image: url(https:\/\/www.lapati.ch\/wp-content\/uploads\/2021\/10\/2_vaudoise_arena_entrainement.jpg);\"><\/div><div style=\"background-image: url(https:\/\/www.lapati.ch\/wp-content\/uploads\/2021\/10\/3_vaudoise_arena_entrainement.jpg);\"><\/div><div style=\"background-image: url(https:\/\/www.lapati.ch\/wp-content\/uploads\/2021\/10\/4_vaudoise_arena_entrainement.jpg);\"><\/div><div style=\"background-image: url(https:\/\/www.lapati.ch\/wp-content\/uploads\/2021\/10\/6_vaudoise_arena_entrainement_6.jpg);\"><\/div><div style=\"background-image: url(https:\/\/www.lapati.ch\/wp-content\/uploads\/2021\/10\/7_vaudoise_arena_entrainement.jpg);\"><\/div><div style=\"background-image: url(https:\/\/www.lapati.ch\/wp-content\/uploads\/2021\/10\/9_vaudoise_arena_entrainement.jpg);\"><\/div><div style=\"background-image: url(https:\/\/www.lapati.ch\/wp-content\/uploads\/2021\/10\/1vaudoise_arena_exterieur.jpg);\"><\/div><div style=\"background-image: url(https:\/\/www.lapati.ch\/wp-content\/uploads\/2021\/10\/2vaudoise_arena_exterieur.jpg);\"><\/div><div style=\"background-image: url(https:\/\/www.lapati.ch\/wp-content\/uploads\/2021\/10\/3vaudoise_arena_exterieur.jpg);\"><\/div><div style=\"background-image: url(https:\/\/www.lapati.ch\/wp-content\/uploads\/2021\/10\/4vaudoise_arena_exterieur.jpg);\"><\/div><div style=\"background-image: url(https:\/\/www.lapati.ch\/wp-content\/uploads\/2021\/10\/5vaudoise_arena_exterieur.jpg);\"><\/div><div style=\"background-image: url(https:\/\/www.lapati.ch\/wp-content\/uploads\/2021\/10\/6vaudoise_arena_exterieur.jpg);\"><\/div><div style=\"background-image: url(https:\/\/www.lapati.ch\/wp-content\/uploads\/2021\/10\/7vaudoise_arena_exterieur.jpg);\"><\/div><div style=\"background-image: url(https:\/\/www.lapati.ch\/wp-content\/uploads\/2021\/10\/8vaudoise_arena_exterieur.jpg);\"><\/div><\/div><\/div><\/div><div class='link-title' data-id='mobile'><span data-id='mobile'>Morat<\/span><div class='link-descr'>Mobile Eislaufbahn mit einer Fl\u00e4che von 510 m2, die seit 2011 jeden Winter installiert wird.<div class=\"owl-carousel\"><div style=\"background-image: url(https:\/\/www.lapati.ch\/wp-content\/uploads\/2021\/10\/2.morat_1.jpg);\"><\/div><div style=\"background-image: url(https:\/\/www.lapati.ch\/wp-content\/uploads\/2021\/10\/morat.jpg);\"><\/div><div style=\"background-image: url(https:\/\/www.lapati.ch\/wp-content\/uploads\/2021\/10\/photo_lapati_patinoire_200212_morat_4-scaled.jpg);\"><\/div><div style=\"background-image: url(https:\/\/www.lapati.ch\/wp-content\/uploads\/2021\/10\/photo_lapati_patinoire_200212_morat_5-scaled.jpg);\"><\/div><\/div><\/div><\/div><div class='link-title' data-id='mobile'><span data-id='mobile'>Sierre<\/span><div class='link-descr'>Mobile Eisbahn mit einer Fl\u00e4che von 590 m2, die seit 2005 jeden Winter installiert wird.<div class=\"owl-carousel\"><div style=\"background-image: url(https:\/\/www.lapati.ch\/wp-content\/uploads\/2021\/10\/sierre-scaled.jpg);\"><\/div><div style=\"background-image: url(https:\/\/www.lapati.ch\/wp-content\/uploads\/2021\/10\/photo_lapati_patinoire_200229_sierre-scaled.jpg);\"><\/div><div style=\"background-image: url(https:\/\/www.lapati.ch\/wp-content\/uploads\/2021\/10\/photo_lapati_patinoire_200229_sierre_10-scaled.jpg);\"><\/div><div style=\"background-image: url(https:\/\/www.lapati.ch\/wp-content\/uploads\/2021\/10\/photo_lapati_patinoire_200229_sierre_9-scaled.jpg);\"><\/div><div style=\"background-image: url(https:\/\/www.lapati.ch\/wp-content\/uploads\/2021\/10\/photo_lapati_patinoire_200229_sierre_6-scaled.jpg);\"><\/div><div style=\"background-image: url(https:\/\/www.lapati.ch\/wp-content\/uploads\/2021\/10\/photo_lapati_patinoire_200229_sierre_3-scaled.jpg);\"><\/div><div style=\"background-image: url(https:\/\/www.lapati.ch\/wp-content\/uploads\/2021\/10\/photo_lapati_patinoire_200229_sierre_2-scaled.jpg);\"><\/div><div style=\"background-image: url(https:\/\/www.lapati.ch\/wp-content\/uploads\/2021\/10\/10.photo_lapati_patinoire_200229_sierre_7-scaled.jpg);\"><\/div><\/div><\/div><\/div><div class='link-title' data-id='mobile'><span data-id='mobile'>Vevey<\/span><div class='link-descr'>Mobile Eisbahn mit einer Fl\u00e4che von 600 m2, die seit 2008 jeden Winter installiert wird.<div class=\"owl-carousel\"><div style=\"background-image: url(https:\/\/www.lapati.ch\/wp-content\/uploads\/2021\/10\/vevey_5.jpg);\"><\/div><div style=\"background-image: url(https:\/\/www.lapati.ch\/wp-content\/uploads\/2021\/10\/vevey_3.jpg);\"><\/div><div style=\"background-image: url(https:\/\/www.lapati.ch\/wp-content\/uploads\/2021\/10\/vevey_4.jpg);\"><\/div><div style=\"background-image: url(https:\/\/www.lapati.ch\/wp-content\/uploads\/2021\/10\/vevey_1.jpg);\"><\/div><\/div><\/div><\/div><div class='link-title' data-id='arena'><span data-id='arena'>Vissoie<\/span><div class='link-descr'>Komplette Renovierung der Eisbahn in Vissoie, einschlie\u00dflich der Installation des Verteilungsnetzes und der K\u00e4lteplatte, der Schaffung einer K\u00e4lteproduktion, der Energier\u00fcckgewinnung, der Installation flexibler Platten und der Eisaufbereitung.<div class=\"owl-carousel\"><div style=\"background-image: url(https:\/\/www.lapati.ch\/wp-content\/uploads\/2021\/10\/vissoie_1.jpg);\"><\/div><div style=\"background-image: url(https:\/\/www.lapati.ch\/wp-content\/uploads\/2021\/10\/vissoie_2.jpg);\"><\/div><div style=\"background-image: url(https:\/\/www.lapati.ch\/wp-content\/uploads\/2021\/10\/vissoie_3.jpg);\"><\/div><div style=\"background-image: url(https:\/\/www.lapati.ch\/wp-content\/uploads\/2021\/10\/vissoie_4.jpg);\"><\/div><div style=\"background-image: url(https:\/\/www.lapati.ch\/wp-content\/uploads\/2021\/10\/vissoie_5.jpg);\"><\/div><div style=\"background-image: url(https:\/\/www.lapati.ch\/wp-content\/uploads\/2021\/10\/vissoie_6.jpg);\"><\/div><div style=\"background-image: url(https:\/\/www.lapati.ch\/wp-content\/uploads\/2021\/10\/vissoie_7.jpg);\"><\/div><div style=\"background-image: url(https:\/\/www.lapati.ch\/wp-content\/uploads\/2021\/10\/vissoie_8.jpg);\"><\/div><div style=\"background-image: url(https:\/\/www.lapati.ch\/wp-content\/uploads\/2021\/10\/vissoie_9.jpg);\"><\/div><\/div><\/div><\/div><div class='link-title' data-id='arena'><span data-id='arena'>Zug<\/span><div class='link-descr'><strong>Bossard Arena (DE)<\/strong>\r\n\r\nInstallation der neuen flexiblen Banden, die den von der SIHF festgelegten Normen entsprechen, sowie Installation der neuen Podien und B\u00e4nke und Installation der \u00f6ffentlichen Schutznetze aus Kevlar.<div class=\"owl-carousel\"><div style=\"background-image: url(https:\/\/www.lapati.ch\/wp-content\/uploads\/2021\/10\/Zoug_1-scaled.jpg);\"><\/div><div style=\"background-image: url(https:\/\/www.lapati.ch\/wp-content\/uploads\/2021\/10\/Zoug_2-scaled.jpg);\"><\/div><div style=\"background-image: url(https:\/\/www.lapati.ch\/wp-content\/uploads\/2021\/10\/Zoug_4-scaled.jpg);\"><\/div><\/div><\/div><\/div><\/div><\/div><\/div><\/div><div class='links-links' id='etranger'><div class='container'><div class='row'><div class='col-lg-12'><div class='link-title' data-id='europe'><span data-id='europe'>Monaco<\/span><div class='link-descr'>Installation einer Wetterstation zur Fernsteuerung und Energiekontrolle (Saisonbeginn November 2021)<\/div><\/div><div class='link-title' data-id='europe'><span data-id='europe'>Madrid (Espagne)<\/span><div class='link-descr'>Eisbahn aus zweiter Hand <div class=\"owl-carousel\"><div style=\"background-image: url(https:\/\/www.lapati.ch\/wp-content\/uploads\/2021\/10\/madrid_1.jpg);\"><\/div><div style=\"background-image: url(https:\/\/www.lapati.ch\/wp-content\/uploads\/2021\/10\/madrid_2.jpg);\"><\/div><div style=\"background-image: url(https:\/\/www.lapati.ch\/wp-content\/uploads\/2021\/10\/madrid_3.jpg);\"><\/div><div style=\"background-image: url(https:\/\/www.lapati.ch\/wp-content\/uploads\/2021\/10\/madrid_4.jpg);\"><\/div><div style=\"background-image: url(https:\/\/www.lapati.ch\/wp-content\/uploads\/2021\/10\/madrid_5.jpg);\"><\/div><div style=\"background-image: url(https:\/\/www.lapati.ch\/wp-content\/uploads\/2021\/10\/madrid_6.jpg);\"><\/div><\/div><\/div><\/div><div class='link-title' data-id='europe'><span data-id='europe'>Rouen (France)<\/span><div class='link-descr'>Kevlarnetz <div class=\"owl-carousel\"><div style=\"background-image: url(https:\/\/www.lapati.ch\/wp-content\/uploads\/2021\/10\/rouen_1.jpg);\"><\/div><div style=\"background-image: url(https:\/\/www.lapati.ch\/wp-content\/uploads\/2021\/10\/rouen_4.jpg);\"><\/div><div style=\"background-image: url(https:\/\/www.lapati.ch\/wp-content\/uploads\/2021\/10\/rouen_3.jpg);\"><\/div><div style=\"background-image: url(https:\/\/www.lapati.ch\/wp-content\/uploads\/2021\/10\/rouen_2.jpg);\"><\/div><\/div><\/div><\/div><\/div><\/div><\/div><\/div><\/div>[\/vc_column][\/vc_row]<\/p>\n<\/div>","protected":false},"excerpt":{"rendered":"<p>[vc_row full_width=&#8220;stretch_row&#8220; el_class=&#8220;no-border&#8220;][vc_column][vc_column_text] Referenzen [\/vc_column_text][\/vc_column][\/vc_row][vc_row full_width=&#8220;stretch_row_content&#8220; el_class=&#8220;bottom-0 refs&#8220;][vc_column][\/vc_column][\/vc_row]<\/p>\n","protected":false},"author":2,"featured_media":0,"parent":0,"menu_order":0,"comment_status":"closed","ping_status":"closed","template":"","meta":{"_acf_changed":false,"footnotes":""},"class_list":["post-374","page","type-page","status-publish","hentry"],"acf":[],"yoast_head":"<!-- This site is optimized with the Yoast SEO plugin v26.5 - https:\/\/yoast.com\/wordpress\/plugins\/seo\/ -->\n<title>La Pati : Votre patinoire cl\u00e9 en main ! | Referenzen<\/title>\n<meta name=\"robots\" content=\"index, follow, max-snippet:-1, max-image-preview:large, max-video-preview:-1\" \/>\n<link rel=\"canonical\" href=\"https:\/\/www.lapati.ch\/de\/reference\/\" \/>\n<meta property=\"og:locale\" content=\"de_DE\" \/>\n<meta property=\"og:type\" content=\"article\" \/>\n<meta property=\"og:title\" content=\"La Pati : Votre patinoire cl\u00e9 en main ! | Referenzen\" \/>\n<meta property=\"og:description\" content=\"[vc_row full_width=&#8220;stretch_row&#8220; el_class=&#8220;no-border&#8220;][vc_column][vc_column_text] Referenzen [\/vc_column_text][\/vc_column][\/vc_row][vc_row full_width=&#8220;stretch_row_content&#8220; el_class=&#8220;bottom-0 refs&#8220;][vc_column][\/vc_column][\/vc_row]\" \/>\n<meta property=\"og:url\" content=\"https:\/\/www.lapati.ch\/de\/reference\/\" \/>\n<meta property=\"og:site_name\" content=\"La Pati : Votre patinoire cl\u00e9 en main !\" \/>\n<meta property=\"article:modified_time\" content=\"2021-09-13T15:46:50+00:00\" \/>\n<meta name=\"twitter:card\" content=\"summary_large_image\" \/>\n<meta name=\"twitter:label1\" content=\"Gesch\u00e4tzte Lesezeit\" \/>\n\t<meta name=\"twitter:data1\" content=\"1\u00a0Minute\" \/>\n<script type=\"application\/ld+json\" class=\"yoast-schema-graph\">{\"@context\":\"https:\/\/schema.org\",\"@graph\":[{\"@type\":\"WebPage\",\"@id\":\"https:\/\/www.lapati.ch\/de\/reference\/\",\"url\":\"https:\/\/www.lapati.ch\/de\/reference\/\",\"name\":\"La Pati : Votre patinoire cl\u00e9 en main ! | Referenzen\",\"isPartOf\":{\"@id\":\"https:\/\/www.lapati.ch\/de\/#website\"},\"datePublished\":\"2021-08-24T08:40:51+00:00\",\"dateModified\":\"2021-09-13T15:46:50+00:00\",\"breadcrumb\":{\"@id\":\"https:\/\/www.lapati.ch\/de\/reference\/#breadcrumb\"},\"inLanguage\":\"de\",\"potentialAction\":[{\"@type\":\"ReadAction\",\"target\":[\"https:\/\/www.lapati.ch\/de\/reference\/\"]}]},{\"@type\":\"BreadcrumbList\",\"@id\":\"https:\/\/www.lapati.ch\/de\/reference\/#breadcrumb\",\"itemListElement\":[{\"@type\":\"ListItem\",\"position\":1,\"name\":\"Accueil\",\"item\":\"https:\/\/www.lapati.ch\/de\/\"},{\"@type\":\"ListItem\",\"position\":2,\"name\":\"Referenzen\"}]},{\"@type\":\"WebSite\",\"@id\":\"https:\/\/www.lapati.ch\/de\/#website\",\"url\":\"https:\/\/www.lapati.ch\/de\/\",\"name\":\"La Pati : Votre patinoire cl\u00e9 en main !\",\"description\":\"\",\"potentialAction\":[{\"@type\":\"SearchAction\",\"target\":{\"@type\":\"EntryPoint\",\"urlTemplate\":\"https:\/\/www.lapati.ch\/de\/?s={search_term_string}\"},\"query-input\":{\"@type\":\"PropertyValueSpecification\",\"valueRequired\":true,\"valueName\":\"search_term_string\"}}],\"inLanguage\":\"de\"}]}<\/script>\n<!-- \/ Yoast SEO plugin. -->","yoast_head_json":{"title":"La Pati : Votre patinoire cl\u00e9 en main ! | Referenzen","robots":{"index":"index","follow":"follow","max-snippet":"max-snippet:-1","max-image-preview":"max-image-preview:large","max-video-preview":"max-video-preview:-1"},"canonical":"https:\/\/www.lapati.ch\/de\/reference\/","og_locale":"de_DE","og_type":"article","og_title":"La Pati : Votre patinoire cl\u00e9 en main ! | Referenzen","og_description":"[vc_row full_width=&#8220;stretch_row&#8220; el_class=&#8220;no-border&#8220;][vc_column][vc_column_text] Referenzen [\/vc_column_text][\/vc_column][\/vc_row][vc_row full_width=&#8220;stretch_row_content&#8220; el_class=&#8220;bottom-0 refs&#8220;][vc_column][\/vc_column][\/vc_row]","og_url":"https:\/\/www.lapati.ch\/de\/reference\/","og_site_name":"La Pati : Votre patinoire cl\u00e9 en main !","article_modified_time":"2021-09-13T15:46:50+00:00","twitter_card":"summary_large_image","twitter_misc":{"Gesch\u00e4tzte Lesezeit":"1\u00a0Minute"},"schema":{"@context":"https:\/\/schema.org","@graph":[{"@type":"WebPage","@id":"https:\/\/www.lapati.ch\/de\/reference\/","url":"https:\/\/www.lapati.ch\/de\/reference\/","name":"La Pati : Votre patinoire cl\u00e9 en main ! | Referenzen","isPartOf":{"@id":"https:\/\/www.lapati.ch\/de\/#website"},"datePublished":"2021-08-24T08:40:51+00:00","dateModified":"2021-09-13T15:46:50+00:00","breadcrumb":{"@id":"https:\/\/www.lapati.ch\/de\/reference\/#breadcrumb"},"inLanguage":"de","potentialAction":[{"@type":"ReadAction","target":["https:\/\/www.lapati.ch\/de\/reference\/"]}]},{"@type":"BreadcrumbList","@id":"https:\/\/www.lapati.ch\/de\/reference\/#breadcrumb","itemListElement":[{"@type":"ListItem","position":1,"name":"Accueil","item":"https:\/\/www.lapati.ch\/de\/"},{"@type":"ListItem","position":2,"name":"Referenzen"}]},{"@type":"WebSite","@id":"https:\/\/www.lapati.ch\/de\/#website","url":"https:\/\/www.lapati.ch\/de\/","name":"La Pati : Votre patinoire cl\u00e9 en main !","description":"","potentialAction":[{"@type":"SearchAction","target":{"@type":"EntryPoint","urlTemplate":"https:\/\/www.lapati.ch\/de\/?s={search_term_string}"},"query-input":{"@type":"PropertyValueSpecification","valueRequired":true,"valueName":"search_term_string"}}],"inLanguage":"de"}]}},"_links":{"self":[{"href":"https:\/\/www.lapati.ch\/de\/wp-json\/wp\/v2\/pages\/374","targetHints":{"allow":["GET"]}}],"collection":[{"href":"https:\/\/www.lapati.ch\/de\/wp-json\/wp\/v2\/pages"}],"about":[{"href":"https:\/\/www.lapati.ch\/de\/wp-json\/wp\/v2\/types\/page"}],"author":[{"embeddable":true,"href":"https:\/\/www.lapati.ch\/de\/wp-json\/wp\/v2\/users\/2"}],"replies":[{"embeddable":true,"href":"https:\/\/www.lapati.ch\/de\/wp-json\/wp\/v2\/comments?post=374"}],"version-history":[{"count":2,"href":"https:\/\/www.lapati.ch\/de\/wp-json\/wp\/v2\/pages\/374\/revisions"}],"predecessor-version":[{"id":376,"href":"https:\/\/www.lapati.ch\/de\/wp-json\/wp\/v2\/pages\/374\/revisions\/376"}],"wp:attachment":[{"href":"https:\/\/www.lapati.ch\/de\/wp-json\/wp\/v2\/media?parent=374"}],"curies":[{"name":"wp","href":"https:\/\/api.w.org\/{rel}","templated":true}]}}