{"id":368,"date":"2021-08-03T17:11:57","date_gmt":"2021-08-03T15:11:57","guid":{"rendered":"http:\/\/www.lapati.ch\/audit\/"},"modified":"2021-10-07T16:54:18","modified_gmt":"2021-10-07T14:54:18","slug":"audit","status":"publish","type":"page","link":"https:\/\/www.lapati.ch\/de\/audit\/","title":{"rendered":"Audit"},"content":{"rendered":"<div class=\"wpb-content-wrapper\"><p>[vc_row el_class=&#8220;no-border&#8220;][vc_column][vc_column_text css_animation=&#8220;none&#8220;]<\/p>\n<h1 style=\"text-align: center;\">Audit<\/h1>\n<p>[\/vc_column_text][\/vc_column][\/vc_row][vc_row full_width=&#8220;stretch_row&#8220; css=&#8220;.vc_custom_1629964632112{background-image: url(http:\/\/www.lapati.ch\/wp-content\/uploads\/2021\/08\/bg-audit.jpg?id=225) !important;}&#8220; el_class=&#8220;header-page&#8220;][vc_column][vc_row_inner el_class=&#8220;texte&#8220;][vc_column_inner][vc_column_text]<\/p>\n<p style=\"text-align: center;\">Qualit\u00e4tsdienstleistung auf dem neuesten Stand der Technik<\/p>\n<p>[\/vc_column_text][\/vc_column_inner][\/vc_row_inner][\/vc_column][\/vc_row][vc_row full_width=&#8220;stretch_row&#8220; css=&#8220;.vc_custom_1629959238901{background-image: url(http:\/\/www.lapati.ch\/wp-content\/uploads\/2021\/08\/background-glace.jpg?id=34) !important;background-position: center !important;background-repeat: no-repeat !important;background-size: cover !important;}&#8220; el_class=&#8220;video&#8220;][vc_column][vc_video link=&#8220;https:\/\/vimeo.com\/623376236&#8243;][vc_column_text]La Pati SA nutzt ihre langj\u00e4hrige Erfahrung, um bestehenden Eisbahnen, die ihre Infrastruktur evaluieren oder verbessern wollen, professionelles Know-how anzubieten. Wir bewerten die Effizienz des Managements, die Produktivit\u00e4t der Organisation, die Sicherheit der Ausr\u00fcstung und schlagen m\u00f6gliche Verbesserungen entsprechend den geltenden Normen vor.<\/p>\n<p>F\u00fcr unsere Beratungsleistungen setzen wir modernste Messsysteme wie z.B. spezielle Hochleistungs-Computersynthesetools ein. Wir haben ein Team von Eisspezialisten, Technikern mit Erfahrung im Bau und Betrieb von Eisbahnen, Physikern und Ingenieuren. Au\u00dferdem kooperieren wir mit der Hochschule f\u00fcr Technik und Wirtschaft in Freiburg.[\/vc_column_text][\/vc_column][\/vc_row][vc_row full_width=&#8220;stretch_row&#8220;][vc_column][vc_row_inner][vc_column_inner][vc_column_text]<\/p>\n<h3>Unsere Expertise auf 5 Achsen<\/h3>\n<p>[\/vc_column_text][\/vc_column_inner][\/vc_row_inner][vc_row_inner el_class=&#8220;audit&#8220;][vc_column_inner width=&#8220;1\/4&#8243;][vc_column_text el_class=&#8220;audit-number&#8220;]<\/p>\n<p style=\"text-align: center;\">1<\/p>\n<p>[\/vc_column_text][\/vc_column_inner][vc_column_inner width=&#8220;3\/4&#8243;][vc_column_text el_class=&#8220;audit-title&#8220;]1. Achse[\/vc_column_text][vc_column_text]La Pati SA ber\u00e4t und unterst\u00fctzt Sie mit fundiertem Know-how. Wir machen eine umfassende Bestandsaufnahme vor Ort.[\/vc_column_text][\/vc_column_inner][\/vc_row_inner][vc_row_inner el_class=&#8220;audit&#8220;][vc_column_inner width=&#8220;1\/4&#8243;][vc_column_text el_class=&#8220;audit-number&#8220;]<\/p>\n<p style=\"text-align: center;\">2<\/p>\n<p>[\/vc_column_text][\/vc_column_inner][vc_column_inner width=&#8220;3\/4&#8243;][vc_column_text el_class=&#8220;audit-title&#8220;]2. Achse[\/vc_column_text][vc_column_text]Wir \u00fcberpr\u00fcfen die Eisqualit\u00e4t, indem wir die Temperatur und die Eisdicke messen.[\/vc_column_text][\/vc_column_inner][\/vc_row_inner][vc_row_inner el_class=&#8220;audit&#8220;][vc_column_inner width=&#8220;1\/4&#8243;][vc_column_text el_class=&#8220;audit-number&#8220;]<\/p>\n<p style=\"text-align: center;\">3<\/p>\n<p>[\/vc_column_text][\/vc_column_inner][vc_column_inner width=&#8220;3\/4&#8243;][vc_column_text el_class=&#8220;audit-title&#8220;]3.\u00a0Achse[\/vc_column_text][vc_column_text]Wir schauen uns detailliert die vorherrschende Luftqualit\u00e4t an \u2013 wir messen Feuchtigkeit, Luftstr\u00f6me etc. und stellen sicher, dass die Lufttemperatur sowohl f\u00fcr diejenigen auf dem Eis als auch f\u00fcr die Zuschauer optimal ist.[\/vc_column_text][\/vc_column_inner][\/vc_row_inner][vc_row_inner el_class=&#8220;audit&#8220;][vc_column_inner width=&#8220;1\/4&#8243;][vc_column_text el_class=&#8220;audit-number&#8220;]<\/p>\n<p style=\"text-align: center;\">4<\/p>\n<p>[\/vc_column_text][\/vc_column_inner][vc_column_inner width=&#8220;3\/4&#8243;][vc_column_text el_class=&#8220;audit-title&#8220;]4. Achse[\/vc_column_text][vc_column_text]Wir \u00fcberwachen in Echtzeit, erstellen benutzerfreundliche Visualisierungen, erfassen m\u00f6gliche Optimierungen und wir ber\u00fccksichtigen bei unserer Analyse die jeweiligen Bedingungen und die vorhandene Infrastruktur der Kunden.[\/vc_column_text][\/vc_column_inner][\/vc_row_inner][vc_row_inner el_class=&#8220;audit&#8220;][vc_column_inner width=&#8220;1\/4&#8243;][vc_column_text el_class=&#8220;audit-number&#8220;]<\/p>\n<p style=\"text-align: center;\">5<\/p>\n<p>[\/vc_column_text][\/vc_column_inner][vc_column_inner width=&#8220;3\/4&#8243;][vc_column_text el_class=&#8220;audit-title&#8220;]5. Achse[\/vc_column_text][vc_column_text]Wir senken die Betriebskosten, erh\u00f6hen die Lebensdauer der Infrastruktur und Installationen und steigern die Energieeffizienz, indem wir den Energieverbrauch reduzieren.[\/vc_column_text][\/vc_column_inner][\/vc_row_inner][\/vc_column][\/vc_row]<\/p>\n<\/div>","protected":false},"excerpt":{"rendered":"<p>[vc_row el_class=&#8220;no-border&#8220;][vc_column][vc_column_text css_animation=&#8220;none&#8220;] Audit [\/vc_column_text][\/vc_column][\/vc_row][vc_row full_width=&#8220;stretch_row&#8220; css=&#8220;.vc_custom_1629964632112{background-image: url(http:\/\/www.lapati.ch\/wp-content\/uploads\/2021\/08\/bg-audit.jpg?id=225) !important;}&#8220; el_class=&#8220;header-page&#8220;][vc_column][vc_row_inner el_class=&#8220;texte&#8220;][vc_column_inner][vc_column_text] Qualit\u00e4tsdienstleistung auf dem neuesten Stand der Technik [\/vc_column_text][\/vc_column_inner][\/vc_row_inner][\/vc_column][\/vc_row][vc_row full_width=&#8220;stretch_row&#8220; css=&#8220;.vc_custom_1629959238901{background-image: url(http:\/\/www.lapati.ch\/wp-content\/uploads\/2021\/08\/background-glace.jpg?id=34) !important;background-position: center !important;background-repeat: no-repeat !important;background-size: cover !important;}&#8220; el_class=&#8220;video&#8220;][vc_column][vc_video link=&#8220;https:\/\/vimeo.com\/623376236&#8243;][vc_column_text]La Pati SA nutzt ihre langj\u00e4hrige Erfahrung, um bestehenden Eisbahnen, die ihre Infrastruktur evaluieren oder verbessern wollen, professionelles Know-how anzubieten. Wir bewerten die Effizienz des [&hellip;]<\/p>\n","protected":false},"author":2,"featured_media":0,"parent":0,"menu_order":0,"comment_status":"closed","ping_status":"closed","template":"","meta":{"_acf_changed":false,"footnotes":""},"class_list":["post-368","page","type-page","status-publish","hentry"],"acf":[],"yoast_head":"<!-- This site is optimized with the Yoast SEO plugin v26.5 - https:\/\/yoast.com\/wordpress\/plugins\/seo\/ -->\n<title>La Pati : Votre patinoire cl\u00e9 en main ! | Audit<\/title>\n<meta name=\"robots\" content=\"index, follow, max-snippet:-1, max-image-preview:large, max-video-preview:-1\" \/>\n<link rel=\"canonical\" href=\"https:\/\/www.lapati.ch\/de\/audit\/\" \/>\n<meta property=\"og:locale\" content=\"de_DE\" \/>\n<meta property=\"og:type\" content=\"article\" \/>\n<meta property=\"og:title\" content=\"La Pati : Votre patinoire cl\u00e9 en main ! | Audit\" \/>\n<meta property=\"og:description\" content=\"[vc_row el_class=&#8220;no-border&#8220;][vc_column][vc_column_text css_animation=&#8220;none&#8220;] Audit [\/vc_column_text][\/vc_column][\/vc_row][vc_row full_width=&#8220;stretch_row&#8220; css=&#8220;.vc_custom_1629964632112{background-image: url(http:\/\/www.lapati.ch\/wp-content\/uploads\/2021\/08\/bg-audit.jpg?id=225) !important;}&#8220; el_class=&#8220;header-page&#8220;][vc_column][vc_row_inner el_class=&#8220;texte&#8220;][vc_column_inner][vc_column_text] Qualit\u00e4tsdienstleistung auf dem neuesten Stand der Technik [\/vc_column_text][\/vc_column_inner][\/vc_row_inner][\/vc_column][\/vc_row][vc_row full_width=&#8220;stretch_row&#8220; css=&#8220;.vc_custom_1629959238901{background-image: url(http:\/\/www.lapati.ch\/wp-content\/uploads\/2021\/08\/background-glace.jpg?id=34) !important;background-position: center !important;background-repeat: no-repeat !important;background-size: cover !important;}&#8220; el_class=&#8220;video&#8220;][vc_column][vc_video link=&#8220;https:\/\/vimeo.com\/623376236&#8243;][vc_column_text]La Pati SA nutzt ihre langj\u00e4hrige Erfahrung, um bestehenden Eisbahnen, die ihre Infrastruktur evaluieren oder verbessern wollen, professionelles Know-how anzubieten. Wir bewerten die Effizienz des [&hellip;]\" \/>\n<meta property=\"og:url\" content=\"https:\/\/www.lapati.ch\/de\/audit\/\" \/>\n<meta property=\"og:site_name\" content=\"La Pati : Votre patinoire cl\u00e9 en main !\" \/>\n<meta property=\"article:modified_time\" content=\"2021-10-07T14:54:18+00:00\" \/>\n<meta name=\"twitter:card\" content=\"summary_large_image\" \/>\n<meta name=\"twitter:label1\" content=\"Gesch\u00e4tzte Lesezeit\" \/>\n\t<meta name=\"twitter:data1\" content=\"2\u00a0Minuten\" \/>\n<script type=\"application\/ld+json\" class=\"yoast-schema-graph\">{\"@context\":\"https:\/\/schema.org\",\"@graph\":[{\"@type\":\"WebPage\",\"@id\":\"https:\/\/www.lapati.ch\/de\/audit\/\",\"url\":\"https:\/\/www.lapati.ch\/de\/audit\/\",\"name\":\"La Pati : Votre patinoire cl\u00e9 en main ! | Audit\",\"isPartOf\":{\"@id\":\"https:\/\/www.lapati.ch\/de\/#website\"},\"datePublished\":\"2021-08-03T15:11:57+00:00\",\"dateModified\":\"2021-10-07T14:54:18+00:00\",\"breadcrumb\":{\"@id\":\"https:\/\/www.lapati.ch\/de\/audit\/#breadcrumb\"},\"inLanguage\":\"de\",\"potentialAction\":[{\"@type\":\"ReadAction\",\"target\":[\"https:\/\/www.lapati.ch\/de\/audit\/\"]}]},{\"@type\":\"BreadcrumbList\",\"@id\":\"https:\/\/www.lapati.ch\/de\/audit\/#breadcrumb\",\"itemListElement\":[{\"@type\":\"ListItem\",\"position\":1,\"name\":\"Accueil\",\"item\":\"https:\/\/www.lapati.ch\/de\/\"},{\"@type\":\"ListItem\",\"position\":2,\"name\":\"Audit\"}]},{\"@type\":\"WebSite\",\"@id\":\"https:\/\/www.lapati.ch\/de\/#website\",\"url\":\"https:\/\/www.lapati.ch\/de\/\",\"name\":\"La Pati : Votre patinoire cl\u00e9 en main !\",\"description\":\"\",\"potentialAction\":[{\"@type\":\"SearchAction\",\"target\":{\"@type\":\"EntryPoint\",\"urlTemplate\":\"https:\/\/www.lapati.ch\/de\/?s={search_term_string}\"},\"query-input\":{\"@type\":\"PropertyValueSpecification\",\"valueRequired\":true,\"valueName\":\"search_term_string\"}}],\"inLanguage\":\"de\"}]}<\/script>\n<!-- \/ Yoast SEO plugin. -->","yoast_head_json":{"title":"La Pati : Votre patinoire cl\u00e9 en main ! | Audit","robots":{"index":"index","follow":"follow","max-snippet":"max-snippet:-1","max-image-preview":"max-image-preview:large","max-video-preview":"max-video-preview:-1"},"canonical":"https:\/\/www.lapati.ch\/de\/audit\/","og_locale":"de_DE","og_type":"article","og_title":"La Pati : Votre patinoire cl\u00e9 en main ! | Audit","og_description":"[vc_row el_class=&#8220;no-border&#8220;][vc_column][vc_column_text css_animation=&#8220;none&#8220;] Audit [\/vc_column_text][\/vc_column][\/vc_row][vc_row full_width=&#8220;stretch_row&#8220; css=&#8220;.vc_custom_1629964632112{background-image: url(http:\/\/www.lapati.ch\/wp-content\/uploads\/2021\/08\/bg-audit.jpg?id=225) !important;}&#8220; el_class=&#8220;header-page&#8220;][vc_column][vc_row_inner el_class=&#8220;texte&#8220;][vc_column_inner][vc_column_text] Qualit\u00e4tsdienstleistung auf dem neuesten Stand der Technik [\/vc_column_text][\/vc_column_inner][\/vc_row_inner][\/vc_column][\/vc_row][vc_row full_width=&#8220;stretch_row&#8220; css=&#8220;.vc_custom_1629959238901{background-image: url(http:\/\/www.lapati.ch\/wp-content\/uploads\/2021\/08\/background-glace.jpg?id=34) !important;background-position: center !important;background-repeat: no-repeat !important;background-size: cover !important;}&#8220; el_class=&#8220;video&#8220;][vc_column][vc_video link=&#8220;https:\/\/vimeo.com\/623376236&#8243;][vc_column_text]La Pati SA nutzt ihre langj\u00e4hrige Erfahrung, um bestehenden Eisbahnen, die ihre Infrastruktur evaluieren oder verbessern wollen, professionelles Know-how anzubieten. Wir bewerten die Effizienz des [&hellip;]","og_url":"https:\/\/www.lapati.ch\/de\/audit\/","og_site_name":"La Pati : Votre patinoire cl\u00e9 en main !","article_modified_time":"2021-10-07T14:54:18+00:00","twitter_card":"summary_large_image","twitter_misc":{"Gesch\u00e4tzte Lesezeit":"2\u00a0Minuten"},"schema":{"@context":"https:\/\/schema.org","@graph":[{"@type":"WebPage","@id":"https:\/\/www.lapati.ch\/de\/audit\/","url":"https:\/\/www.lapati.ch\/de\/audit\/","name":"La Pati : Votre patinoire cl\u00e9 en main ! | Audit","isPartOf":{"@id":"https:\/\/www.lapati.ch\/de\/#website"},"datePublished":"2021-08-03T15:11:57+00:00","dateModified":"2021-10-07T14:54:18+00:00","breadcrumb":{"@id":"https:\/\/www.lapati.ch\/de\/audit\/#breadcrumb"},"inLanguage":"de","potentialAction":[{"@type":"ReadAction","target":["https:\/\/www.lapati.ch\/de\/audit\/"]}]},{"@type":"BreadcrumbList","@id":"https:\/\/www.lapati.ch\/de\/audit\/#breadcrumb","itemListElement":[{"@type":"ListItem","position":1,"name":"Accueil","item":"https:\/\/www.lapati.ch\/de\/"},{"@type":"ListItem","position":2,"name":"Audit"}]},{"@type":"WebSite","@id":"https:\/\/www.lapati.ch\/de\/#website","url":"https:\/\/www.lapati.ch\/de\/","name":"La Pati : Votre patinoire cl\u00e9 en main !","description":"","potentialAction":[{"@type":"SearchAction","target":{"@type":"EntryPoint","urlTemplate":"https:\/\/www.lapati.ch\/de\/?s={search_term_string}"},"query-input":{"@type":"PropertyValueSpecification","valueRequired":true,"valueName":"search_term_string"}}],"inLanguage":"de"}]}},"_links":{"self":[{"href":"https:\/\/www.lapati.ch\/de\/wp-json\/wp\/v2\/pages\/368","targetHints":{"allow":["GET"]}}],"collection":[{"href":"https:\/\/www.lapati.ch\/de\/wp-json\/wp\/v2\/pages"}],"about":[{"href":"https:\/\/www.lapati.ch\/de\/wp-json\/wp\/v2\/types\/page"}],"author":[{"embeddable":true,"href":"https:\/\/www.lapati.ch\/de\/wp-json\/wp\/v2\/users\/2"}],"replies":[{"embeddable":true,"href":"https:\/\/www.lapati.ch\/de\/wp-json\/wp\/v2\/comments?post=368"}],"version-history":[{"count":6,"href":"https:\/\/www.lapati.ch\/de\/wp-json\/wp\/v2\/pages\/368\/revisions"}],"predecessor-version":[{"id":821,"href":"https:\/\/www.lapati.ch\/de\/wp-json\/wp\/v2\/pages\/368\/revisions\/821"}],"wp:attachment":[{"href":"https:\/\/www.lapati.ch\/de\/wp-json\/wp\/v2\/media?parent=368"}],"curies":[{"name":"wp","href":"https:\/\/api.w.org\/{rel}","templated":true}]}}