{"id":358,"date":"2021-08-05T12:16:45","date_gmt":"2021-08-05T10:16:45","guid":{"rendered":"http:\/\/www.lapati.ch\/location\/equipements\/"},"modified":"2021-10-07T16:51:12","modified_gmt":"2021-10-07T14:51:12","slug":"ausruestung","status":"publish","type":"page","link":"https:\/\/www.lapati.ch\/de\/location\/ausruestung\/","title":{"rendered":"Ausr\u00fcstung"},"content":{"rendered":"<div class=\"wpb-content-wrapper\"><p>[vc_row full_width=&#8220;stretch_row&#8220; el_class=&#8220;no-border&#8220;][vc_column][vc_column_text]<\/p>\n<h1 style=\"text-align: center;\">Ausr\u00fcstung und Zubeh\u00f6r<\/h1>\n<p>[\/vc_column_text][\/vc_column][\/vc_row][vc_row full_width=&#8220;stretch_row&#8220; css=&#8220;.vc_custom_1628164343022{background-image: url(http:\/\/www.lapati.ch\/wp-content\/uploads\/2021\/08\/bg-equipement.jpg?id=101) !important;}&#8220; el_class=&#8220;header-page&#8220;][vc_column][\/vc_column][\/vc_row][vc_row full_width=&#8220;stretch_row&#8220; css=&#8220;.vc_custom_1628164451375{background-image: url(http:\/\/www.lapati.ch\/wp-content\/uploads\/2021\/08\/background-glace.jpg?id=34) !important;}&#8220;][vc_column][vc_column_text]<\/p>\n<h3><strong>Komplette Ausstattung <\/strong><\/h3>\n<p>Wir best\u00fccken die gesamte Eisfl\u00e4che mit dem n\u00f6tigen Equipment, ganz nach den Kundenw\u00fcnschen und Bed\u00fcrfnissen. Alle unsere Produkte stehen zum Verkauf oder k\u00f6nnen alternativ f\u00fcr einige Tage oder mehrere Monate gemietet werden. Die Eisbahn kann in ein Spielfeld f\u00fcr Eishockeyspieler (Markierung, Tore, Netze, flexible Banden, die den vom SIHF festgelegten Normen entsprechen etc.), eine Curlingbahn oder eine Eisstockbahn (Petanque auf Eis) verwandelt werden. Wir sind auch Ihr Partner bei der Herstellung und Montage neuer Podeste und B\u00e4nke in der Eishalle und unterst\u00fctzen Sie mit Eismaschinen.<\/p>\n<p>[\/vc_column_text][\/vc_column][\/vc_row][vc_row full_width=&#8220;stretch_row&#8220; el_class=&#8220;infos&#8220;][vc_column][vc_row_inner css=&#8220;.vc_custom_1628164594336{margin-bottom: 50px !important;}&#8220;][vc_column_inner width=&#8220;2\/12&#8243;][vc_single_image image=&#8220;360&#8243; img_size=&#8220;full&#8220;][\/vc_column_inner][vc_column_inner width=&#8220;10\/12&#8243;][vc_column_text]<\/p>\n<h3><strong>Banden<\/strong><\/h3>\n<p>Wir sind der Schweizer Anbieter von Vepe-Flexboard Banden. Die Vepe Safeboards werden nach den neuen Regeln und Anforderungen der IIHF hergestellt. Sie reduzieren Kopf- und K\u00f6rperverletzungen beim Aufprall und gew\u00e4hrleisten eine sicherere Spielfl\u00e4che.<\/p>\n<p>&#8211; Eine niedrigere Bande.<br \/>\n&#8211; Schmale, flexible und abgerundete Handl\u00e4ufe zwischen Bande und Zuschauerschutz.<br \/>\n&#8211; Flexible Struktur, um beim Aufprall St\u00f6sse abzud\u00e4mpfen.<br \/>\n&#8211; Der Zuschauerschutz besteht aus flexiblem Acryl\/Polykarbonat (anstelle von Hartglas).<br \/>\n&#8211; Transparente und flexible H-Leisten anstatt Metallschienen zwischen den Segmenten des Zuschauerschutzes.<br \/>\n&#8211; Abgerundete Acrylgl\u00e4ser am Ende des Zuschauerschutzes an der den Seiten der Spielerb\u00e4nke.<\/p>\n<p>[\/vc_column_text][\/vc_column_inner][\/vc_row_inner][vc_row_inner css=&#8220;.vc_custom_1628164600199{margin-bottom: 50px !important;}&#8220;][vc_column_inner width=&#8220;2\/12&#8243;][vc_single_image image=&#8220;360&#8243; img_size=&#8220;full&#8220;][\/vc_column_inner][vc_column_inner width=&#8220;10\/12&#8243;][vc_column_text]<\/p>\n<h3><strong>Ausstattung<\/strong><\/h3>\n<p>Wir statten Ihre Eisfl\u00e4che komplett aus, ganz nach Ihren W\u00fcnschen und Bed\u00fcrfnissen.<\/p>\n<p>Ob Schlittschuhe, Petanque, Blockh\u00fctten f\u00fcr den Schlittschuhverleih, Tore oder Hilfen f\u00fcr das Schlittschuhlaufen \u2013 wir haben das Equipment f\u00fcr Sie.[\/vc_column_text][\/vc_column_inner][\/vc_row_inner][vc_row_inner][vc_column_inner width=&#8220;2\/12&#8243;][vc_single_image image=&#8220;360&#8243; img_size=&#8220;full&#8220;][\/vc_column_inner][vc_column_inner width=&#8220;10\/12&#8243;][vc_column_text]<\/p>\n<h3><strong>Eismaschine<\/strong><\/h3>\n<p>La Pati SA ist der Schweizer Vertreter der Marke Olympia Icebear. Bei uns erhalten Sie Eismaschinen und Eishobel.[\/vc_column_text][\/vc_column_inner][\/vc_row_inner][\/vc_column][\/vc_row]<\/p>\n<\/div>","protected":false},"excerpt":{"rendered":"<p>[vc_row full_width=&#8220;stretch_row&#8220; el_class=&#8220;no-border&#8220;][vc_column][vc_column_text] Ausr\u00fcstung und Zubeh\u00f6r [\/vc_column_text][\/vc_column][\/vc_row][vc_row full_width=&#8220;stretch_row&#8220; css=&#8220;.vc_custom_1628164343022{background-image: url(http:\/\/www.lapati.ch\/wp-content\/uploads\/2021\/08\/bg-equipement.jpg?id=101) !important;}&#8220; el_class=&#8220;header-page&#8220;][vc_column][\/vc_column][\/vc_row][vc_row full_width=&#8220;stretch_row&#8220; css=&#8220;.vc_custom_1628164451375{background-image: url(http:\/\/www.lapati.ch\/wp-content\/uploads\/2021\/08\/background-glace.jpg?id=34) !important;}&#8220;][vc_column][vc_column_text] Komplette Ausstattung Wir best\u00fccken die gesamte Eisfl\u00e4che mit dem n\u00f6tigen Equipment, ganz nach den Kundenw\u00fcnschen und Bed\u00fcrfnissen. Alle unsere Produkte stehen zum Verkauf oder k\u00f6nnen alternativ f\u00fcr einige Tage oder mehrere Monate gemietet werden. Die Eisbahn kann in ein [&hellip;]<\/p>\n","protected":false},"author":2,"featured_media":0,"parent":348,"menu_order":0,"comment_status":"closed","ping_status":"closed","template":"","meta":{"_acf_changed":false,"footnotes":""},"class_list":["post-358","page","type-page","status-publish","hentry"],"acf":[],"yoast_head":"<!-- This site is optimized with the Yoast SEO plugin v26.5 - https:\/\/yoast.com\/wordpress\/plugins\/seo\/ -->\n<title>La Pati : Votre patinoire cl\u00e9 en main ! | Ausr\u00fcstung<\/title>\n<meta name=\"description\" content=\"Wir best\u00fccken die gesamte Eisfl\u00e4che mit dem n\u00f6tigen Equipment, ganz nach den Kundenw\u00fcnschen und Bed\u00fcrfnissen.\" \/>\n<meta name=\"robots\" content=\"index, follow, max-snippet:-1, max-image-preview:large, max-video-preview:-1\" \/>\n<link rel=\"canonical\" href=\"https:\/\/www.lapati.ch\/de\/location\/ausruestung\/\" \/>\n<meta property=\"og:locale\" content=\"de_DE\" \/>\n<meta property=\"og:type\" content=\"article\" \/>\n<meta property=\"og:title\" content=\"La Pati : Votre patinoire cl\u00e9 en main ! | Ausr\u00fcstung\" \/>\n<meta property=\"og:description\" content=\"Wir best\u00fccken die gesamte Eisfl\u00e4che mit dem n\u00f6tigen Equipment, ganz nach den Kundenw\u00fcnschen und Bed\u00fcrfnissen.\" \/>\n<meta property=\"og:url\" content=\"https:\/\/www.lapati.ch\/de\/location\/ausruestung\/\" \/>\n<meta property=\"og:site_name\" content=\"La Pati : Votre patinoire cl\u00e9 en main !\" \/>\n<meta property=\"article:modified_time\" content=\"2021-10-07T14:51:12+00:00\" \/>\n<meta name=\"twitter:card\" content=\"summary_large_image\" \/>\n<meta name=\"twitter:label1\" content=\"Gesch\u00e4tzte Lesezeit\" \/>\n\t<meta name=\"twitter:data1\" content=\"2\u00a0Minuten\" \/>\n<script type=\"application\/ld+json\" class=\"yoast-schema-graph\">{\"@context\":\"https:\/\/schema.org\",\"@graph\":[{\"@type\":\"WebPage\",\"@id\":\"https:\/\/www.lapati.ch\/de\/location\/ausruestung\/\",\"url\":\"https:\/\/www.lapati.ch\/de\/location\/ausruestung\/\",\"name\":\"La Pati : Votre patinoire cl\u00e9 en main ! | Ausr\u00fcstung\",\"isPartOf\":{\"@id\":\"https:\/\/www.lapati.ch\/de\/#website\"},\"datePublished\":\"2021-08-05T10:16:45+00:00\",\"dateModified\":\"2021-10-07T14:51:12+00:00\",\"description\":\"Wir best\u00fccken die gesamte Eisfl\u00e4che mit dem n\u00f6tigen Equipment, ganz nach den Kundenw\u00fcnschen und Bed\u00fcrfnissen.\",\"breadcrumb\":{\"@id\":\"https:\/\/www.lapati.ch\/de\/location\/ausruestung\/#breadcrumb\"},\"inLanguage\":\"de\",\"potentialAction\":[{\"@type\":\"ReadAction\",\"target\":[\"https:\/\/www.lapati.ch\/de\/location\/ausruestung\/\"]}]},{\"@type\":\"BreadcrumbList\",\"@id\":\"https:\/\/www.lapati.ch\/de\/location\/ausruestung\/#breadcrumb\",\"itemListElement\":[{\"@type\":\"ListItem\",\"position\":1,\"name\":\"Accueil\",\"item\":\"https:\/\/www.lapati.ch\/de\/\"},{\"@type\":\"ListItem\",\"position\":2,\"name\":\"Miete\",\"item\":\"https:\/\/www.lapati.ch\/de\/location\/\"},{\"@type\":\"ListItem\",\"position\":3,\"name\":\"Ausr\u00fcstung\"}]},{\"@type\":\"WebSite\",\"@id\":\"https:\/\/www.lapati.ch\/de\/#website\",\"url\":\"https:\/\/www.lapati.ch\/de\/\",\"name\":\"La Pati : Votre patinoire cl\u00e9 en main !\",\"description\":\"\",\"potentialAction\":[{\"@type\":\"SearchAction\",\"target\":{\"@type\":\"EntryPoint\",\"urlTemplate\":\"https:\/\/www.lapati.ch\/de\/?s={search_term_string}\"},\"query-input\":{\"@type\":\"PropertyValueSpecification\",\"valueRequired\":true,\"valueName\":\"search_term_string\"}}],\"inLanguage\":\"de\"}]}<\/script>\n<!-- \/ Yoast SEO plugin. -->","yoast_head_json":{"title":"La Pati : Votre patinoire cl\u00e9 en main ! | Ausr\u00fcstung","description":"Wir best\u00fccken die gesamte Eisfl\u00e4che mit dem n\u00f6tigen Equipment, ganz nach den Kundenw\u00fcnschen und Bed\u00fcrfnissen.","robots":{"index":"index","follow":"follow","max-snippet":"max-snippet:-1","max-image-preview":"max-image-preview:large","max-video-preview":"max-video-preview:-1"},"canonical":"https:\/\/www.lapati.ch\/de\/location\/ausruestung\/","og_locale":"de_DE","og_type":"article","og_title":"La Pati : Votre patinoire cl\u00e9 en main ! | Ausr\u00fcstung","og_description":"Wir best\u00fccken die gesamte Eisfl\u00e4che mit dem n\u00f6tigen Equipment, ganz nach den Kundenw\u00fcnschen und Bed\u00fcrfnissen.","og_url":"https:\/\/www.lapati.ch\/de\/location\/ausruestung\/","og_site_name":"La Pati : Votre patinoire cl\u00e9 en main !","article_modified_time":"2021-10-07T14:51:12+00:00","twitter_card":"summary_large_image","twitter_misc":{"Gesch\u00e4tzte Lesezeit":"2\u00a0Minuten"},"schema":{"@context":"https:\/\/schema.org","@graph":[{"@type":"WebPage","@id":"https:\/\/www.lapati.ch\/de\/location\/ausruestung\/","url":"https:\/\/www.lapati.ch\/de\/location\/ausruestung\/","name":"La Pati : Votre patinoire cl\u00e9 en main ! | Ausr\u00fcstung","isPartOf":{"@id":"https:\/\/www.lapati.ch\/de\/#website"},"datePublished":"2021-08-05T10:16:45+00:00","dateModified":"2021-10-07T14:51:12+00:00","description":"Wir best\u00fccken die gesamte Eisfl\u00e4che mit dem n\u00f6tigen Equipment, ganz nach den Kundenw\u00fcnschen und Bed\u00fcrfnissen.","breadcrumb":{"@id":"https:\/\/www.lapati.ch\/de\/location\/ausruestung\/#breadcrumb"},"inLanguage":"de","potentialAction":[{"@type":"ReadAction","target":["https:\/\/www.lapati.ch\/de\/location\/ausruestung\/"]}]},{"@type":"BreadcrumbList","@id":"https:\/\/www.lapati.ch\/de\/location\/ausruestung\/#breadcrumb","itemListElement":[{"@type":"ListItem","position":1,"name":"Accueil","item":"https:\/\/www.lapati.ch\/de\/"},{"@type":"ListItem","position":2,"name":"Miete","item":"https:\/\/www.lapati.ch\/de\/location\/"},{"@type":"ListItem","position":3,"name":"Ausr\u00fcstung"}]},{"@type":"WebSite","@id":"https:\/\/www.lapati.ch\/de\/#website","url":"https:\/\/www.lapati.ch\/de\/","name":"La Pati : Votre patinoire cl\u00e9 en main !","description":"","potentialAction":[{"@type":"SearchAction","target":{"@type":"EntryPoint","urlTemplate":"https:\/\/www.lapati.ch\/de\/?s={search_term_string}"},"query-input":{"@type":"PropertyValueSpecification","valueRequired":true,"valueName":"search_term_string"}}],"inLanguage":"de"}]}},"_links":{"self":[{"href":"https:\/\/www.lapati.ch\/de\/wp-json\/wp\/v2\/pages\/358","targetHints":{"allow":["GET"]}}],"collection":[{"href":"https:\/\/www.lapati.ch\/de\/wp-json\/wp\/v2\/pages"}],"about":[{"href":"https:\/\/www.lapati.ch\/de\/wp-json\/wp\/v2\/types\/page"}],"author":[{"embeddable":true,"href":"https:\/\/www.lapati.ch\/de\/wp-json\/wp\/v2\/users\/2"}],"replies":[{"embeddable":true,"href":"https:\/\/www.lapati.ch\/de\/wp-json\/wp\/v2\/comments?post=358"}],"version-history":[{"count":6,"href":"https:\/\/www.lapati.ch\/de\/wp-json\/wp\/v2\/pages\/358\/revisions"}],"predecessor-version":[{"id":816,"href":"https:\/\/www.lapati.ch\/de\/wp-json\/wp\/v2\/pages\/358\/revisions\/816"}],"up":[{"embeddable":true,"href":"https:\/\/www.lapati.ch\/de\/wp-json\/wp\/v2\/pages\/348"}],"wp:attachment":[{"href":"https:\/\/www.lapati.ch\/de\/wp-json\/wp\/v2\/media?parent=358"}],"curies":[{"name":"wp","href":"https:\/\/api.w.org\/{rel}","templated":true}]}}