{"id":352,"date":"2021-08-05T12:16:27","date_gmt":"2021-08-05T10:16:27","guid":{"rendered":"http:\/\/www.lapati.ch\/location\/structures-mobiles\/"},"modified":"2021-10-04T12:19:07","modified_gmt":"2021-10-04T10:19:07","slug":"mobile-strukturen","status":"publish","type":"page","link":"https:\/\/www.lapati.ch\/de\/location\/mobile-strukturen\/","title":{"rendered":"Mobile Strukturen"},"content":{"rendered":"<div class=\"wpb-content-wrapper\"><p>[vc_row el_class=&#8220;no-border&#8220;][vc_column][vc_column_text]<\/p>\n<h1 style=\"text-align: center;\">Mobile Strukturen<\/h1>\n<p>[\/vc_column_text][\/vc_column][\/vc_row][vc_row full_width=&#8220;stretch_row&#8220; el_class=&#8220;header-page&#8220; css=&#8220;.vc_custom_1628159387785{background-image: url(http:\/\/www.lapati.ch\/wp-content\/uploads\/2021\/08\/bg-structures.jpg?id=85) !important;}&#8220;][vc_column][vc_row_inner el_class=&#8220;texte&#8220;][vc_column_inner][vc_column_text]<\/p>\n<p style=\"text-align: center;\">Unsere Eisbahnen sind so individuell wie unsere Kunden<\/p>\n<p>[\/vc_column_text][\/vc_column_inner][\/vc_row_inner][\/vc_column][\/vc_row][vc_row full_width=&#8220;stretch_row&#8220; css=&#8220;.vc_custom_1628162782349{background-image: url(http:\/\/www.lapati.ch\/wp-content\/uploads\/2021\/08\/background-glace.jpg?id=34) !important;}&#8220;][vc_column][vc_column_text]<\/p>\n<h3><strong>Modular und simpel <\/strong><\/h3>\n<p>Die Eisbahnen von La Pati SA sind perfekt an die verschiedenen Eissportarten angepasst, sei es f\u00fcr Wettk\u00e4mpfe (zertifizierte Eisbahn), Training oder Freizeit. Wir bieten eine Grundstruktur an, die einen Eisbereich sowie verschiedene Anbauten umfasst, die f\u00fcr den reibungslosen Ablauf eines Sportbereichs unerl\u00e4sslich sind (Eingang und Empfang, Umkleidekabinen sanit\u00e4re Anlagen, Sanit\u00e4tsstation, Restaurant mit Ein- und Ausgang zum Eis, Schlittschuhverleih usw.). Jeder Kunde kann den Plan nach seinen Bed\u00fcrfnissen und dem zur Verf\u00fcgung stehenden Grundst\u00fcck individuell gestalten und anpassen.[\/vc_column_text][\/vc_column][\/vc_row][vc_row full_width=&#8220;stretch_row&#8220; el_class=&#8220;structure&#8220;][vc_column][vc_row_inner][vc_column_inner width=&#8220;4\/12&#8243;][vc_single_image image=&#8220;356&#8243; img_size=&#8220;full&#8220;][\/vc_column_inner][vc_column_inner width=&#8220;8\/12&#8243;][vc_column_text]<\/p>\n<h3><strong>Eisbahnen f\u00fcr den Innenbereich <\/strong><\/h3>\n<p>Ob in einem Einkaufszentrum, einem Hotel oder einem Parkhaus; wir haben das Produkt! Nach dem gleichen Konzept wie die mobilen Aussenbahnen konzipiert, werden die mobilen Innenbahnen nach den Bed\u00fcrfnissen und W\u00fcnschen der Kunden gefertigt.<\/p>\n<p>[\/vc_column_text][\/vc_column_inner][\/vc_row_inner][vc_row_inner css=&#8220;.vc_custom_1628163559295{margin-top: 50px !important;}&#8220;][vc_column_inner width=&#8220;4\/12&#8243;][vc_single_image image=&#8220;357&#8243; img_size=&#8220;full&#8220;][\/vc_column_inner][vc_column_inner width=&#8220;8\/12&#8243;][vc_column_text]<\/p>\n<h3><strong>Eisbahnen im Aussenbereich<\/strong><\/h3>\n<p>Die Eisbahnen werden f\u00fcr Privatkunden mit dem Ziel entwickelt, dass sie in der Anschaffung und dem Betrieb einem privaten Schwimmbad \u00e4hneln. Wir fertigen in unseren R\u00e4umlichkeiten Eisbahnen f\u00fcr den Aussenbereich von wenigen m<sup>2<\/sup> bis 1\u2019800 m<sup>2 <\/sup>an. Einfach auf- und abgebaut und nachhaltig konzipiert, l\u00e4sst sich der mobile Bausatz an allen Standorten aufbauen.<\/p>\n<p>[\/vc_column_text][\/vc_column_inner][\/vc_row_inner][\/vc_column][\/vc_row]<\/p>\n<\/div>","protected":false},"excerpt":{"rendered":"<p>[vc_row el_class=&#8220;no-border&#8220;][vc_column][vc_column_text] Mobile Strukturen [\/vc_column_text][\/vc_column][\/vc_row][vc_row full_width=&#8220;stretch_row&#8220; el_class=&#8220;header-page&#8220; css=&#8220;.vc_custom_1628159387785{background-image: url(http:\/\/www.lapati.ch\/wp-content\/uploads\/2021\/08\/bg-structures.jpg?id=85) !important;}&#8220;][vc_column][vc_row_inner el_class=&#8220;texte&#8220;][vc_column_inner][vc_column_text] Unsere Eisbahnen sind so individuell wie unsere Kunden [\/vc_column_text][\/vc_column_inner][\/vc_row_inner][\/vc_column][\/vc_row][vc_row full_width=&#8220;stretch_row&#8220; css=&#8220;.vc_custom_1628162782349{background-image: url(http:\/\/www.lapati.ch\/wp-content\/uploads\/2021\/08\/background-glace.jpg?id=34) !important;}&#8220;][vc_column][vc_column_text] Modular und simpel Die Eisbahnen von La Pati SA sind perfekt an die verschiedenen Eissportarten angepasst, sei es f\u00fcr Wettk\u00e4mpfe (zertifizierte Eisbahn), Training oder Freizeit. Wir bieten eine Grundstruktur an, die [&hellip;]<\/p>\n","protected":false},"author":2,"featured_media":0,"parent":348,"menu_order":0,"comment_status":"closed","ping_status":"closed","template":"","meta":{"_acf_changed":false,"footnotes":""},"class_list":["post-352","page","type-page","status-publish","hentry"],"acf":[],"yoast_head":"<!-- This site is optimized with the Yoast SEO plugin v26.5 - https:\/\/yoast.com\/wordpress\/plugins\/seo\/ -->\n<title>La Pati : Votre patinoire cl\u00e9 en main ! | Mobile Strukturen<\/title>\n<meta name=\"description\" content=\"Die Eisbahnen von La Pati SA sind perfekt an die verschiedenen Eissportarten angepasst, sei es f\u00fcr Wettk\u00e4mpfe, Training oder Freizeit.\" \/>\n<meta name=\"robots\" content=\"index, follow, max-snippet:-1, max-image-preview:large, max-video-preview:-1\" \/>\n<link rel=\"canonical\" href=\"https:\/\/www.lapati.ch\/de\/location\/mobile-strukturen\/\" \/>\n<meta property=\"og:locale\" content=\"de_DE\" \/>\n<meta property=\"og:type\" content=\"article\" \/>\n<meta property=\"og:title\" content=\"La Pati : Votre patinoire cl\u00e9 en main ! | Mobile Strukturen\" \/>\n<meta property=\"og:description\" content=\"Die Eisbahnen von La Pati SA sind perfekt an die verschiedenen Eissportarten angepasst, sei es f\u00fcr Wettk\u00e4mpfe, Training oder Freizeit.\" \/>\n<meta property=\"og:url\" content=\"https:\/\/www.lapati.ch\/de\/location\/mobile-strukturen\/\" \/>\n<meta property=\"og:site_name\" content=\"La Pati : Votre patinoire cl\u00e9 en main !\" \/>\n<meta property=\"article:modified_time\" content=\"2021-10-04T10:19:07+00:00\" \/>\n<meta name=\"twitter:card\" content=\"summary_large_image\" \/>\n<meta name=\"twitter:label1\" content=\"Gesch\u00e4tzte Lesezeit\" \/>\n\t<meta name=\"twitter:data1\" content=\"1\u00a0Minute\" \/>\n<script type=\"application\/ld+json\" class=\"yoast-schema-graph\">{\"@context\":\"https:\/\/schema.org\",\"@graph\":[{\"@type\":\"WebPage\",\"@id\":\"https:\/\/www.lapati.ch\/de\/location\/mobile-strukturen\/\",\"url\":\"https:\/\/www.lapati.ch\/de\/location\/mobile-strukturen\/\",\"name\":\"La Pati : Votre patinoire cl\u00e9 en main ! | Mobile Strukturen\",\"isPartOf\":{\"@id\":\"https:\/\/www.lapati.ch\/de\/#website\"},\"datePublished\":\"2021-08-05T10:16:27+00:00\",\"dateModified\":\"2021-10-04T10:19:07+00:00\",\"description\":\"Die Eisbahnen von La Pati SA sind perfekt an die verschiedenen Eissportarten angepasst, sei es f\u00fcr Wettk\u00e4mpfe, Training oder Freizeit.\",\"breadcrumb\":{\"@id\":\"https:\/\/www.lapati.ch\/de\/location\/mobile-strukturen\/#breadcrumb\"},\"inLanguage\":\"de\",\"potentialAction\":[{\"@type\":\"ReadAction\",\"target\":[\"https:\/\/www.lapati.ch\/de\/location\/mobile-strukturen\/\"]}]},{\"@type\":\"BreadcrumbList\",\"@id\":\"https:\/\/www.lapati.ch\/de\/location\/mobile-strukturen\/#breadcrumb\",\"itemListElement\":[{\"@type\":\"ListItem\",\"position\":1,\"name\":\"Accueil\",\"item\":\"https:\/\/www.lapati.ch\/de\/\"},{\"@type\":\"ListItem\",\"position\":2,\"name\":\"Miete\",\"item\":\"https:\/\/www.lapati.ch\/de\/location\/\"},{\"@type\":\"ListItem\",\"position\":3,\"name\":\"Mobile Strukturen\"}]},{\"@type\":\"WebSite\",\"@id\":\"https:\/\/www.lapati.ch\/de\/#website\",\"url\":\"https:\/\/www.lapati.ch\/de\/\",\"name\":\"La Pati : Votre patinoire cl\u00e9 en main !\",\"description\":\"\",\"potentialAction\":[{\"@type\":\"SearchAction\",\"target\":{\"@type\":\"EntryPoint\",\"urlTemplate\":\"https:\/\/www.lapati.ch\/de\/?s={search_term_string}\"},\"query-input\":{\"@type\":\"PropertyValueSpecification\",\"valueRequired\":true,\"valueName\":\"search_term_string\"}}],\"inLanguage\":\"de\"}]}<\/script>\n<!-- \/ Yoast SEO plugin. -->","yoast_head_json":{"title":"La Pati : Votre patinoire cl\u00e9 en main ! | Mobile Strukturen","description":"Die Eisbahnen von La Pati SA sind perfekt an die verschiedenen Eissportarten angepasst, sei es f\u00fcr Wettk\u00e4mpfe, Training oder Freizeit.","robots":{"index":"index","follow":"follow","max-snippet":"max-snippet:-1","max-image-preview":"max-image-preview:large","max-video-preview":"max-video-preview:-1"},"canonical":"https:\/\/www.lapati.ch\/de\/location\/mobile-strukturen\/","og_locale":"de_DE","og_type":"article","og_title":"La Pati : Votre patinoire cl\u00e9 en main ! | Mobile Strukturen","og_description":"Die Eisbahnen von La Pati SA sind perfekt an die verschiedenen Eissportarten angepasst, sei es f\u00fcr Wettk\u00e4mpfe, Training oder Freizeit.","og_url":"https:\/\/www.lapati.ch\/de\/location\/mobile-strukturen\/","og_site_name":"La Pati : Votre patinoire cl\u00e9 en main !","article_modified_time":"2021-10-04T10:19:07+00:00","twitter_card":"summary_large_image","twitter_misc":{"Gesch\u00e4tzte Lesezeit":"1\u00a0Minute"},"schema":{"@context":"https:\/\/schema.org","@graph":[{"@type":"WebPage","@id":"https:\/\/www.lapati.ch\/de\/location\/mobile-strukturen\/","url":"https:\/\/www.lapati.ch\/de\/location\/mobile-strukturen\/","name":"La Pati : Votre patinoire cl\u00e9 en main ! | Mobile Strukturen","isPartOf":{"@id":"https:\/\/www.lapati.ch\/de\/#website"},"datePublished":"2021-08-05T10:16:27+00:00","dateModified":"2021-10-04T10:19:07+00:00","description":"Die Eisbahnen von La Pati SA sind perfekt an die verschiedenen Eissportarten angepasst, sei es f\u00fcr Wettk\u00e4mpfe, Training oder Freizeit.","breadcrumb":{"@id":"https:\/\/www.lapati.ch\/de\/location\/mobile-strukturen\/#breadcrumb"},"inLanguage":"de","potentialAction":[{"@type":"ReadAction","target":["https:\/\/www.lapati.ch\/de\/location\/mobile-strukturen\/"]}]},{"@type":"BreadcrumbList","@id":"https:\/\/www.lapati.ch\/de\/location\/mobile-strukturen\/#breadcrumb","itemListElement":[{"@type":"ListItem","position":1,"name":"Accueil","item":"https:\/\/www.lapati.ch\/de\/"},{"@type":"ListItem","position":2,"name":"Miete","item":"https:\/\/www.lapati.ch\/de\/location\/"},{"@type":"ListItem","position":3,"name":"Mobile Strukturen"}]},{"@type":"WebSite","@id":"https:\/\/www.lapati.ch\/de\/#website","url":"https:\/\/www.lapati.ch\/de\/","name":"La Pati : Votre patinoire cl\u00e9 en main !","description":"","potentialAction":[{"@type":"SearchAction","target":{"@type":"EntryPoint","urlTemplate":"https:\/\/www.lapati.ch\/de\/?s={search_term_string}"},"query-input":{"@type":"PropertyValueSpecification","valueRequired":true,"valueName":"search_term_string"}}],"inLanguage":"de"}]}},"_links":{"self":[{"href":"https:\/\/www.lapati.ch\/de\/wp-json\/wp\/v2\/pages\/352","targetHints":{"allow":["GET"]}}],"collection":[{"href":"https:\/\/www.lapati.ch\/de\/wp-json\/wp\/v2\/pages"}],"about":[{"href":"https:\/\/www.lapati.ch\/de\/wp-json\/wp\/v2\/types\/page"}],"author":[{"embeddable":true,"href":"https:\/\/www.lapati.ch\/de\/wp-json\/wp\/v2\/users\/2"}],"replies":[{"embeddable":true,"href":"https:\/\/www.lapati.ch\/de\/wp-json\/wp\/v2\/comments?post=352"}],"version-history":[{"count":6,"href":"https:\/\/www.lapati.ch\/de\/wp-json\/wp\/v2\/pages\/352\/revisions"}],"predecessor-version":[{"id":792,"href":"https:\/\/www.lapati.ch\/de\/wp-json\/wp\/v2\/pages\/352\/revisions\/792"}],"up":[{"embeddable":true,"href":"https:\/\/www.lapati.ch\/de\/wp-json\/wp\/v2\/pages\/348"}],"wp:attachment":[{"href":"https:\/\/www.lapati.ch\/de\/wp-json\/wp\/v2\/media?parent=352"}],"curies":[{"name":"wp","href":"https:\/\/api.w.org\/{rel}","templated":true}]}}