{"id":2250,"date":"2025-02-10T13:44:44","date_gmt":"2025-02-10T12:44:44","guid":{"rendered":"https:\/\/www.lapati.ch\/news\/attractions\/formulaire-eisstock-led\/"},"modified":"2025-02-20T08:23:29","modified_gmt":"2025-02-20T07:23:29","slug":"formulaire-eisstock-led","status":"publish","type":"page","link":"https:\/\/www.lapati.ch\/de\/news\/attractions\/formulaire-eisstock-led\/","title":{"rendered":"Formulaire Eisstock-led DE"},"content":{"rendered":"<div class=\"wpb-content-wrapper\"><p>[vc_row][vc_column]\n<div class=\"wpcf7 no-js\" id=\"wpcf7-f1549-o1\" lang=\"fr-FR\" dir=\"ltr\" data-wpcf7-id=\"1549\">\n<div class=\"screen-reader-response\"><p role=\"status\" aria-live=\"polite\" aria-atomic=\"true\"><\/p> <ul><\/ul><\/div>\n<form action=\"\/de\/wp-json\/wp\/v2\/pages\/2250#wpcf7-f1549-o1\" method=\"post\" class=\"wpcf7-form init\" aria-label=\"Formulaire de contact\" novalidate=\"novalidate\" data-status=\"init\">\n<fieldset class=\"hidden-fields-container\"><input type=\"hidden\" name=\"_wpcf7\" value=\"1549\" \/><input type=\"hidden\" name=\"_wpcf7_version\" value=\"6.1.4\" \/><input type=\"hidden\" name=\"_wpcf7_locale\" value=\"fr_FR\" \/><input type=\"hidden\" name=\"_wpcf7_unit_tag\" value=\"wpcf7-f1549-o1\" \/><input type=\"hidden\" name=\"_wpcf7_container_post\" value=\"0\" \/><input type=\"hidden\" name=\"_wpcf7_posted_data_hash\" value=\"\" \/><input type=\"hidden\" name=\"_wpcf7_recaptcha_response\" value=\"\" \/>\n<\/fieldset>\n<html xmlns=\"http:\/\/www.w3.org\/1999\/xhtml\">\n\t<head>\n\t\t<title>Ice Mini-Golf\n\t\t<\/title>\n<meta http-equiv=\"Content-Type\" content=\"text\/html; charset=iso-8859-1\" \/>\n<meta name=\"viewport\" content=\"width=1200\" \/>\n\t<\/head>\n\t<style>\n\t<\/style>\n\t<div style=\"background-image:url(https:\/\/www.lapati.ch\/wp-content\/uploads\/2025\/02\/led.jpg); border-color: #0f237d; border-style:solid;\nborder-width: 2px; border-radius: 10px; width:1000; height:395px; margin:auto; text-align:center; padding-left:20px;\">\n\t\t<FONT COLOR=\"#00000; family:Roboto; font-size:200px; weight:Bold\">\n\t\t<\/font>\n\t<\/div>\n<\/html><div class=\"wpcf7-response-output\" aria-hidden=\"true\"><\/div>\n<\/form>\n<\/div>\n[vc_column_text]<\/p>\n<h4 style=\"text-align: center;\" data-start=\"849\" data-end=\"918\"><strong data-start=\"849\" data-end=\"916\">Eisstock LED \u2013 Ein leuchtendes und einzigartiges Spielerlebnis!<\/strong><\/h4>\n<p style=\"text-align: center;\" data-start=\"920\" data-end=\"1192\">Wir sind <strong data-start=\"929\" data-end=\"960\">exklusiver Vertriebspartner<\/strong> des Eisstock LED \u2013 ein traditionelles Spiel, das mit moderner Technologie neu erfunden wurde! Dank des <strong data-start=\"1064\" data-end=\"1092\">integrierten LED-Systems<\/strong> k\u00f6nnt ihr sowohl tags\u00fcber als auch nachts spielen und eine atemberaubende Lichtstimmung genie\u00dfen.<\/p>\n<p style=\"text-align: center;\" data-start=\"1194\" data-end=\"1524\">Perfekt f\u00fcr Events, Turniere oder einfach zum Spa\u00df mit Freunden und Familie \u2013 der Eisstock LED bringt eine <strong data-start=\"1301\" data-end=\"1341\">einzigartige und immersive Dimension<\/strong> in euer Spielerlebnis auf dem Eis. Die LED-Beleuchtung sorgt nicht nur f\u00fcr eine beeindruckende Optik, sondern verbessert auch die Sichtbarkeit und macht jeden Wurf noch spannender.<\/p>\n<p style=\"text-align: center;\" data-start=\"1526\" data-end=\"1647\">Verpasst nicht diese exklusive Neuheit! <strong data-start=\"1566\" data-end=\"1598\">Fordert jetzt ein Angebot an<\/strong> und bringt eure Eisstock-Partien zum Leuchten!<\/p>\n<p>[\/vc_column_text][\/vc_column][\/vc_row][vc_row][vc_column width=&#8220;1\/6&#8243;][vc_single_image image=&#8220;2070&#8243; style=&#8220;vc_box_border&#8220; border_color=&#8220;black&#8220; onclick=&#8220;img_link_large&#8220; img_link_target=&#8220;_blank&#8220;][\/vc_column][vc_column width=&#8220;1\/6&#8243;][vc_single_image image=&#8220;2089&#8243; style=&#8220;vc_box_border&#8220; border_color=&#8220;black&#8220; onclick=&#8220;img_link_large&#8220; img_link_target=&#8220;_blank&#8220;][\/vc_column][vc_column width=&#8220;1\/6&#8243;][vc_single_image image=&#8220;2098&#8243; style=&#8220;vc_box_border&#8220; border_color=&#8220;black&#8220; onclick=&#8220;img_link_large&#8220; img_link_target=&#8220;_blank&#8220;][\/vc_column][vc_column width=&#8220;1\/6&#8243;][vc_single_image image=&#8220;2095&#8243; style=&#8220;vc_box_border&#8220; border_color=&#8220;black&#8220; onclick=&#8220;img_link_large&#8220; img_link_target=&#8220;_blank&#8220;][\/vc_column][vc_column width=&#8220;1\/6&#8243;][vc_single_image image=&#8220;2092&#8243; style=&#8220;vc_box_border&#8220; border_color=&#8220;black&#8220; onclick=&#8220;img_link_large&#8220; img_link_target=&#8220;_blank&#8220;][\/vc_column][vc_column width=&#8220;1\/6&#8243;][vc_single_image image=&#8220;2101&#8243; style=&#8220;vc_box_border&#8220; border_color=&#8220;black&#8220; onclick=&#8220;img_link_large&#8220; img_link_target=&#8220;_blank&#8220;][\/vc_column][\/vc_row][vc_row][vc_column][vc_column_text]<\/p>\n<h4 style=\"text-align: center;\">F\u00fcllen Sie das Formular aus, um die Preise zu erfahren<\/h4>\n<p>[\/vc_column_text][vc_column_text][\/vc_column_text]\n<div class=\"wpcf7 no-js\" id=\"wpcf7-f2245-o2\" lang=\"de-DE\" dir=\"ltr\" data-wpcf7-id=\"2245\">\n<div class=\"screen-reader-response\"><p role=\"status\" aria-live=\"polite\" aria-atomic=\"true\"><\/p> <ul><\/ul><\/div>\n<form action=\"\/de\/wp-json\/wp\/v2\/pages\/2250#wpcf7-f2245-o2\" method=\"post\" class=\"wpcf7-form init\" aria-label=\"Kontaktformular\" novalidate=\"novalidate\" data-status=\"init\">\n<fieldset class=\"hidden-fields-container\"><input type=\"hidden\" name=\"_wpcf7\" value=\"2245\" \/><input type=\"hidden\" name=\"_wpcf7_version\" value=\"6.1.4\" \/><input type=\"hidden\" name=\"_wpcf7_locale\" value=\"de_DE\" \/><input type=\"hidden\" name=\"_wpcf7_unit_tag\" value=\"wpcf7-f2245-o2\" \/><input type=\"hidden\" name=\"_wpcf7_container_post\" value=\"0\" \/><input type=\"hidden\" name=\"_wpcf7_posted_data_hash\" value=\"\" \/><input type=\"hidden\" name=\"_wpcf7_recaptcha_response\" value=\"\" \/>\n<\/fieldset>\n<style>\n.wpcf7-submit {\n background: #0f237d; \/* couleur d\u2019arri\u00e8re-plan *\/\n color: #e8eaed; \/* couleur de police *\/\n padding: 15px 280px; \/* marge interne de 15 pixels en haut et en bas et de 0 pixel \u00e0 droite et \u00e0 gauche *\/\n font-size: 40px; \/* taille de police *\/\n font-weight: bold; \/* \u00e9paisseur de police grasse *\/\n border-radius: 10px; \/* rayon de la bordure *\/\n border: 0; \/* taille de la bordure, et dans ce cas absence de bordure *\/\n transition: .3s ease-in-out;\/* animation de transition, dans ce cas pour la transition de couleur d\u2019arri\u00e8re-plan en mode survol *\/\n}\n.wpcf7-submit:hover {\n background: #a0daf8; \/* couleur d\u2019arri\u00e8re-plan *\/\n color: #0f237d;\n cursor: pointer; \/* forme du curseur de la souris *\/\n}\n\n.wpcf7-text, .wpcf7-textarea, .wpcf7-select, .wpcf7-date {\n padding: 10px; \/* marge interne de 10 pixels*\/\n border-radius: 3px; \/* rayon de la bordure courb\u00e9 de 3 pixels *\/\n border: 1px solid #d9dbdd; \/* bordure large de 1 pixel, continue et de couleur #d9dbdd (code couleur HEX) *\/\n background: #00000; \/* arri\u00e8re-plan de couleur #e8eaed (code couleur HEX) *\/\n font-size: 17px; \/* taille de police de 17 pixels *\/\n color: #33415c; \/* couleur de police *\/\n}\n.sr-only {\n position: absolute;\n left: -10000px;\n top: auto;\n width: 1px;\n height: 1px;\n overflow: hidden;\n}\n<\/style>\n<CENTER>\n\t<tr>\n\t\t<td>\n\t\t\t<p><label class=\"textenom\"><span class=\"wpcf7-form-control-wrap\" data-name=\"your-name\"><input size=\"40\" maxlength=\"400\" class=\"wpcf7-form-control wpcf7-text wpcf7-validates-as-required\" aria-required=\"true\" aria-invalid=\"false\" placeholder=\"Name*\" value=\"\" type=\"text\" name=\"your-name\" \/><\/span><\/label>\n\t\t\t<\/p>\n\t\t<\/td>\n\t<\/tr>\n\t<tr>\n\t\t<td>\n\t\t\t<p><label class=\"textenom\"> <span class=\"wpcf7-form-control-wrap\" data-name=\"your-surname\"><input size=\"40\" maxlength=\"400\" class=\"wpcf7-form-control wpcf7-text wpcf7-validates-as-required\" aria-required=\"true\" aria-invalid=\"false\" placeholder=\"Vorname*\" value=\"\" type=\"text\" name=\"your-surname\" \/><\/span><\/label>\n\t\t\t<\/p>\n\t\t<\/td>\n\t<\/tr>\n\t<tr>\n\t\t<td>\n\t\t\t<p><label class=\"textenom\"><span class=\"wpcf7-form-control-wrap\" data-name=\"your-tel\"><input size=\"40\" maxlength=\"400\" class=\"wpcf7-form-control wpcf7-tel wpcf7-text wpcf7-validates-as-tel\" aria-invalid=\"false\" placeholder=\"Telefon\" value=\"\" type=\"tel\" name=\"your-tel\" \/><\/span> <\/label>\n\t\t\t<\/p>\n\t\t<\/td>\n\t<\/tr>\n\t<tr>\n\t\t<td>\n\t\t\t<p><label class=\"textenom\"> <span class=\"wpcf7-form-control-wrap\" data-name=\"your-email\"><input size=\"40\" maxlength=\"400\" class=\"wpcf7-form-control wpcf7-email wpcf7-validates-as-required wpcf7-text wpcf7-validates-as-email\" aria-required=\"true\" aria-invalid=\"false\" placeholder=\"E-mail*\" value=\"\" type=\"email\" name=\"your-email\" \/><\/span> <\/label>\n\t\t\t<\/p>\n\t\t<\/td>\n\t<\/tr>\n<\/center>\n<CENTER>\n\t<table style=\"position: fixe; top: 1000px; left: 600px\">\n\t\t<tr>\n\t\t\t<CENTER>\n\t\t\t<\/center>\n\t\t<\/tr>\n\t\t<tr>\n\t\t\t<td>\n\t\t\t\t<p><label><\/label>\n\t\t\t\t<\/p>\n\t\t\t<\/td>\n\t\t\t<td width:50px>\n\t\t\t\t<div form=\"position: absolute; left: -10000px; top: auto; width: 1px; height: 1px; overflow: hidden; display: grid; grid-template-columns: 1fr 1fr\">\n\t\t\t\t<\/div>\n\t\t\t<\/td>\n\t\t\t<td>\n\t\t\t\t<h5><span class=\"wpcf7-form-control-wrap\" data-name=\"text-nbre\"><input size=\"40\" maxlength=\"400\" class=\"wpcf7-form-control wpcf7-text\" aria-invalid=\"false\" placeholder=\"Anzahl der LEDs\" value=\"\" type=\"text\" name=\"text-nbre\" \/><\/span>\n\t\t\t\t<\/h5>\n\t\t\t<\/td>\n\t\t<\/tr>\n\t<\/table>\n\t<table>\n\t\t<td>\n\t\t\t<p><label><\/label>\n\t\t\t<\/p>\n\t\t<\/td>\n\t\t<td width:50px>\n\t\t\t<div form=\"position: absolute; left: -10000px; top: auto; width: 1px; height: 1px; overflow: hidden; display: grid; grid-template-columns: 1fr 1fr\">\n\t\t\t<\/div>\n\t\t<\/td>\n\t\t<td>\n\t\t\t<h5><span class=\"wpcf7-form-control-wrap\" data-name=\"text-nbre2\"><input size=\"40\" maxlength=\"400\" class=\"wpcf7-form-control wpcf7-text\" aria-invalid=\"false\" placeholder=\"Anzahl der Eisst\u00f6cke\" value=\"\" type=\"text\" name=\"text-nbre2\" \/><\/span>\n\t\t\t<\/h5>\n\t\t<\/td>\n\t<\/table>\n\t<table>\n\t\t<tr>\n\t\t\t<td>\n\t\t\t\t<p><label class=\"textenom\"> <span class=\"wpcf7-form-control-wrap\" data-name=\"your-message\"><textarea cols=\"50\" rows=\"3\" maxlength=\"2000\" class=\"wpcf7-form-control wpcf7-textarea\" aria-invalid=\"false\" placeholder=\"Zus\u00e4tzliche Informationen\" name=\"your-message\"><\/textarea><\/span> <\/label>\n\t\t\t\t<\/p>\n\t\t\t<\/td>\n\t\t<\/tr>\n\t<\/table>\n<\/center>\n<Center>\n\t<tr>\n\t\t<td  align=\"center\">\n\t\t\t<h6><label class=\"bouton2\"><input class=\"wpcf7-form-control wpcf7-submit has-spinner\" type=\"submit\" value=\"Erhalten Sie Ihr kostenloses Angebot\" \/><\/label>\n\t\t\t<\/h6>\n\t\t<\/td>\n\t<\/tr>\n<\/center><div class=\"wpcf7-response-output\" aria-hidden=\"true\"><\/div>\n<\/form>\n<\/div>\n[vc_btn title=&#8220;Weitere Attraktionen&#8220; style=&#8220;outline&#8220; shape=&#8220;square&#8220; color=&#8220;primary&#8220; size=&#8220;lg&#8220; align=&#8220;center&#8220; button_block=&#8220;true&#8220; link=&#8220;url:https%3A%2F%2Fwww.lapati.ch%2Fde%2Fattractions%2F|title:Autres%20attractions&#8220; el_class=&#8220;<\/p>\n<div>\n<h6>`{`submit &#8222;Recevez un devis&#8222;`}`<\/h6>\n<\/div>\n<p>&#8222;][\/vc_column][\/vc_row]<\/p>\n<\/div>","protected":false},"excerpt":{"rendered":"<p>[vc_row][vc_column][vc_column_text] Eisstock LED \u2013 Ein leuchtendes und einzigartiges Spielerlebnis! Wir sind exklusiver Vertriebspartner des Eisstock LED \u2013 ein traditionelles Spiel, das mit moderner Technologie neu erfunden wurde! Dank des integrierten LED-Systems k\u00f6nnt ihr sowohl tags\u00fcber als auch nachts spielen und eine atemberaubende Lichtstimmung genie\u00dfen. Perfekt f\u00fcr Events, Turniere oder einfach zum Spa\u00df mit Freunden und [&hellip;]<\/p>\n","protected":false},"author":3,"featured_media":0,"parent":1991,"menu_order":0,"comment_status":"closed","ping_status":"closed","template":"","meta":{"_acf_changed":false,"footnotes":""},"class_list":["post-2250","page","type-page","status-publish","hentry"],"acf":[],"yoast_head":"<!-- This site is optimized with the Yoast SEO plugin v26.5 - https:\/\/yoast.com\/wordpress\/plugins\/seo\/ -->\n<title>La Pati : Votre patinoire cl\u00e9 en main ! | Formulaire Eisstock-led DE<\/title>\n<meta name=\"description\" content=\"Wir sind exklusiver Vertriebspartner des Eisstock LED \u2013 ein traditionelles Spiel, das mit moderner Technologie neu erfunden wurde!\" \/>\n<meta name=\"robots\" content=\"index, follow, max-snippet:-1, max-image-preview:large, max-video-preview:-1\" \/>\n<link rel=\"canonical\" href=\"https:\/\/www.lapati.ch\/de\/news\/attractions\/formulaire-eisstock-led\/\" \/>\n<meta property=\"og:locale\" content=\"de_DE\" \/>\n<meta property=\"og:type\" content=\"article\" \/>\n<meta property=\"og:title\" content=\"La Pati : Votre patinoire cl\u00e9 en main ! | Formulaire Eisstock-led DE\" \/>\n<meta property=\"og:description\" content=\"Wir sind exklusiver Vertriebspartner des Eisstock LED \u2013 ein traditionelles Spiel, das mit moderner Technologie neu erfunden wurde!\" \/>\n<meta property=\"og:url\" content=\"https:\/\/www.lapati.ch\/de\/news\/attractions\/formulaire-eisstock-led\/\" \/>\n<meta property=\"og:site_name\" content=\"La Pati : Votre patinoire cl\u00e9 en main !\" \/>\n<meta property=\"article:modified_time\" content=\"2025-02-20T07:23:29+00:00\" \/>\n<meta name=\"twitter:card\" content=\"summary_large_image\" \/>\n<meta name=\"twitter:label1\" content=\"Gesch\u00e4tzte Lesezeit\" \/>\n\t<meta name=\"twitter:data1\" content=\"3\u00a0Minuten\" \/>\n<script type=\"application\/ld+json\" class=\"yoast-schema-graph\">{\"@context\":\"https:\/\/schema.org\",\"@graph\":[{\"@type\":\"WebPage\",\"@id\":\"https:\/\/www.lapati.ch\/de\/news\/attractions\/formulaire-eisstock-led\/\",\"url\":\"https:\/\/www.lapati.ch\/de\/news\/attractions\/formulaire-eisstock-led\/\",\"name\":\"La Pati : Votre patinoire cl\u00e9 en main ! | Formulaire Eisstock-led DE\",\"isPartOf\":{\"@id\":\"https:\/\/www.lapati.ch\/de\/#website\"},\"datePublished\":\"2025-02-10T12:44:44+00:00\",\"dateModified\":\"2025-02-20T07:23:29+00:00\",\"description\":\"Wir sind exklusiver Vertriebspartner des Eisstock LED \u2013 ein traditionelles Spiel, das mit moderner Technologie neu erfunden wurde!\",\"breadcrumb\":{\"@id\":\"https:\/\/www.lapati.ch\/de\/news\/attractions\/formulaire-eisstock-led\/#breadcrumb\"},\"inLanguage\":\"de\",\"potentialAction\":[{\"@type\":\"ReadAction\",\"target\":[\"https:\/\/www.lapati.ch\/de\/news\/attractions\/formulaire-eisstock-led\/\"]}]},{\"@type\":\"BreadcrumbList\",\"@id\":\"https:\/\/www.lapati.ch\/de\/news\/attractions\/formulaire-eisstock-led\/#breadcrumb\",\"itemListElement\":[{\"@type\":\"ListItem\",\"position\":1,\"name\":\"Accueil\",\"item\":\"https:\/\/www.lapati.ch\/de\/\"},{\"@type\":\"ListItem\",\"position\":2,\"name\":\"News\",\"item\":\"https:\/\/www.lapati.ch\/de\/news\/\"},{\"@type\":\"ListItem\",\"position\":3,\"name\":\"Attraktionen\",\"item\":\"https:\/\/www.lapati.ch\/de\/news\/attractions\/\"},{\"@type\":\"ListItem\",\"position\":4,\"name\":\"Formulaire Eisstock-led DE\"}]},{\"@type\":\"WebSite\",\"@id\":\"https:\/\/www.lapati.ch\/de\/#website\",\"url\":\"https:\/\/www.lapati.ch\/de\/\",\"name\":\"La Pati : Votre patinoire cl\u00e9 en main !\",\"description\":\"\",\"potentialAction\":[{\"@type\":\"SearchAction\",\"target\":{\"@type\":\"EntryPoint\",\"urlTemplate\":\"https:\/\/www.lapati.ch\/de\/?s={search_term_string}\"},\"query-input\":{\"@type\":\"PropertyValueSpecification\",\"valueRequired\":true,\"valueName\":\"search_term_string\"}}],\"inLanguage\":\"de\"}]}<\/script>\n<!-- \/ Yoast SEO plugin. -->","yoast_head_json":{"title":"La Pati : Votre patinoire cl\u00e9 en main ! | Formulaire Eisstock-led DE","description":"Wir sind exklusiver Vertriebspartner des Eisstock LED \u2013 ein traditionelles Spiel, das mit moderner Technologie neu erfunden wurde!","robots":{"index":"index","follow":"follow","max-snippet":"max-snippet:-1","max-image-preview":"max-image-preview:large","max-video-preview":"max-video-preview:-1"},"canonical":"https:\/\/www.lapati.ch\/de\/news\/attractions\/formulaire-eisstock-led\/","og_locale":"de_DE","og_type":"article","og_title":"La Pati : Votre patinoire cl\u00e9 en main ! | Formulaire Eisstock-led DE","og_description":"Wir sind exklusiver Vertriebspartner des Eisstock LED \u2013 ein traditionelles Spiel, das mit moderner Technologie neu erfunden wurde!","og_url":"https:\/\/www.lapati.ch\/de\/news\/attractions\/formulaire-eisstock-led\/","og_site_name":"La Pati : Votre patinoire cl\u00e9 en main !","article_modified_time":"2025-02-20T07:23:29+00:00","twitter_card":"summary_large_image","twitter_misc":{"Gesch\u00e4tzte Lesezeit":"3\u00a0Minuten"},"schema":{"@context":"https:\/\/schema.org","@graph":[{"@type":"WebPage","@id":"https:\/\/www.lapati.ch\/de\/news\/attractions\/formulaire-eisstock-led\/","url":"https:\/\/www.lapati.ch\/de\/news\/attractions\/formulaire-eisstock-led\/","name":"La Pati : Votre patinoire cl\u00e9 en main ! | Formulaire Eisstock-led DE","isPartOf":{"@id":"https:\/\/www.lapati.ch\/de\/#website"},"datePublished":"2025-02-10T12:44:44+00:00","dateModified":"2025-02-20T07:23:29+00:00","description":"Wir sind exklusiver Vertriebspartner des Eisstock LED \u2013 ein traditionelles Spiel, das mit moderner Technologie neu erfunden wurde!","breadcrumb":{"@id":"https:\/\/www.lapati.ch\/de\/news\/attractions\/formulaire-eisstock-led\/#breadcrumb"},"inLanguage":"de","potentialAction":[{"@type":"ReadAction","target":["https:\/\/www.lapati.ch\/de\/news\/attractions\/formulaire-eisstock-led\/"]}]},{"@type":"BreadcrumbList","@id":"https:\/\/www.lapati.ch\/de\/news\/attractions\/formulaire-eisstock-led\/#breadcrumb","itemListElement":[{"@type":"ListItem","position":1,"name":"Accueil","item":"https:\/\/www.lapati.ch\/de\/"},{"@type":"ListItem","position":2,"name":"News","item":"https:\/\/www.lapati.ch\/de\/news\/"},{"@type":"ListItem","position":3,"name":"Attraktionen","item":"https:\/\/www.lapati.ch\/de\/news\/attractions\/"},{"@type":"ListItem","position":4,"name":"Formulaire Eisstock-led DE"}]},{"@type":"WebSite","@id":"https:\/\/www.lapati.ch\/de\/#website","url":"https:\/\/www.lapati.ch\/de\/","name":"La Pati : Votre patinoire cl\u00e9 en main !","description":"","potentialAction":[{"@type":"SearchAction","target":{"@type":"EntryPoint","urlTemplate":"https:\/\/www.lapati.ch\/de\/?s={search_term_string}"},"query-input":{"@type":"PropertyValueSpecification","valueRequired":true,"valueName":"search_term_string"}}],"inLanguage":"de"}]}},"_links":{"self":[{"href":"https:\/\/www.lapati.ch\/de\/wp-json\/wp\/v2\/pages\/2250","targetHints":{"allow":["GET"]}}],"collection":[{"href":"https:\/\/www.lapati.ch\/de\/wp-json\/wp\/v2\/pages"}],"about":[{"href":"https:\/\/www.lapati.ch\/de\/wp-json\/wp\/v2\/types\/page"}],"author":[{"embeddable":true,"href":"https:\/\/www.lapati.ch\/de\/wp-json\/wp\/v2\/users\/3"}],"replies":[{"embeddable":true,"href":"https:\/\/www.lapati.ch\/de\/wp-json\/wp\/v2\/comments?post=2250"}],"version-history":[{"count":7,"href":"https:\/\/www.lapati.ch\/de\/wp-json\/wp\/v2\/pages\/2250\/revisions"}],"predecessor-version":[{"id":2304,"href":"https:\/\/www.lapati.ch\/de\/wp-json\/wp\/v2\/pages\/2250\/revisions\/2304"}],"up":[{"embeddable":true,"href":"https:\/\/www.lapati.ch\/de\/wp-json\/wp\/v2\/pages\/1991"}],"wp:attachment":[{"href":"https:\/\/www.lapati.ch\/de\/wp-json\/wp\/v2\/media?parent=2250"}],"curies":[{"name":"wp","href":"https:\/\/api.w.org\/{rel}","templated":true}]}}