{"id":1991,"date":"2025-01-27T08:43:15","date_gmt":"2025-01-27T07:43:15","guid":{"rendered":"https:\/\/www.lapati.ch\/news\/attractions\/"},"modified":"2025-03-11T15:13:47","modified_gmt":"2025-03-11T14:13:47","slug":"attractions","status":"publish","type":"page","link":"https:\/\/www.lapati.ch\/de\/news\/attractions\/","title":{"rendered":"Attraktionen"},"content":{"rendered":"<div class=\"wpb-content-wrapper\"><p>[vc_row][vc_column][vc_column_text]<\/p>\n<h3 style=\"text-align: center;\">Entdecken Sie unsere Attraktionen!<\/h3>\n<div id=\"tw-target-rmn-container\" class=\"tw-target-rmn tw-ta-container F0azHf tw-nfl\" tabindex=\"0\" role=\"text\"><\/div>\n<p>[\/vc_column_text][\/vc_column][\/vc_row][vc_row][vc_column width=&#8220;2\/3&#8243;][vc_column_text]<\/p>\n<h4 id=\"tw-target-text\" class=\"tw-data-text tw-text-large tw-ta\" dir=\"ltr\" style=\"text-align: center;\" data-placeholder=\"Traduction\" data-ved=\"2ahUKEwiStcTzy5-LAxVr1QIHHWGoGpIQ3ewLegQICBAV\" aria-label=\"Texte traduit\u00a0: Eismalerei Unbedenkliche Farbe f\u00fcr Mensch und Umwelt, kein Abbau des Eises, vollst\u00e4ndig abwaschbar, Spa\u00df f\u00fcr alle.\"><span class=\"Y2IQFc\" lang=\"de\">Eismalerei <\/span><\/h4>\n<p class=\"tw-data-text tw-text-large tw-ta\" dir=\"ltr\" style=\"text-align: center;\" data-placeholder=\"Traduction\" data-ved=\"2ahUKEwiStcTzy5-LAxVr1QIHHWGoGpIQ3ewLegQICBAV\" aria-label=\"Texte traduit\u00a0: Eismalerei Unbedenkliche Farbe f\u00fcr Mensch und Umwelt, kein Abbau des Eises, vollst\u00e4ndig abwaschbar, Spa\u00df f\u00fcr alle.\"><span class=\"Y2IQFc\" lang=\"de\">Unbedenkliche Farbe f\u00fcr Mensch und Umwelt, kein Abbau des Eises, vollst\u00e4ndig abwaschbar, Spa\u00df f\u00fcr alle.<\/span><\/p>\n<p>[\/vc_column_text][\/vc_column][vc_column width=&#8220;1\/3&#8243;][vc_single_image image=&#8220;1766&#8243; alignment=&#8220;center&#8220; style=&#8220;vc_box_border&#8220; border_color=&#8220;black&#8220; onclick=&#8220;custom_link&#8220; link=&#8220;https:\/\/www.lapati.ch\/de\/news\/attractions\/formulaire-paint\/&#8220;][\/vc_column][\/vc_row][vc_row][vc_column width=&#8220;2\/3&#8243;][vc_column_text]<\/p>\n<h4 style=\"text-align: center;\">Minigolf auf Eis<\/h4>\n<p style=\"text-align: center;\">Ein Spa\u00df f\u00fcr ein Firmenessen, einen Ausflug mit Familie oder Freunden, einen Geburtstag. Gespielt mit Hockeyschl\u00e4ger und Squashball, ohne Schlittschuhe.<\/p>\n<p>[\/vc_column_text][\/vc_column][vc_column width=&#8220;1\/3&#8243;][vc_single_image image=&#8220;1769&#8243; alignment=&#8220;center&#8220; style=&#8220;vc_box_border&#8220; border_color=&#8220;black&#8220; onclick=&#8220;custom_link&#8220; link=&#8220;https:\/\/www.lapati.ch\/de\/news\/attractions\/formulaire-mini-golf\/&#8220;][\/vc_column][\/vc_row][vc_row][vc_column width=&#8220;2\/3&#8243;][vc_column_text]<\/p>\n<h4 id=\"tw-target-text\" class=\"tw-data-text tw-text-large tw-ta\" dir=\"ltr\" style=\"text-align: center;\" data-placeholder=\"Traduction\" data-ved=\"2ahUKEwiStcTzy5-LAxVr1QIHHWGoGpIQ3ewLegQICBAV\" aria-label=\"Texte traduit\u00a0: Blase auf Eis Event, Firmenessen oder einfach nur ein lustiges, lustiges und lustiges Spiel\"><span class=\"Y2IQFc\" lang=\"de\">Blase auf Eis <\/span><\/h4>\n<p class=\"tw-data-text tw-text-large tw-ta\" dir=\"ltr\" style=\"text-align: center;\" data-placeholder=\"Traduction\" data-ved=\"2ahUKEwiStcTzy5-LAxVr1QIHHWGoGpIQ3ewLegQICBAV\" aria-label=\"Texte traduit\u00a0: Blase auf Eis Event, Firmenessen oder einfach nur ein lustiges, lustiges und lustiges Spiel\"><span class=\"Y2IQFc\" lang=\"de\">Event, Firmenessen oder einfach nur ein lustiges, lustiges und lustiges Spiel<\/span><\/p>\n<p>[\/vc_column_text][\/vc_column][vc_column width=&#8220;1\/3&#8243;][vc_single_image image=&#8220;1772&#8243; alignment=&#8220;center&#8220; style=&#8220;vc_box_border&#8220; border_color=&#8220;black&#8220; onclick=&#8220;custom_link&#8220; link=&#8220;https:\/\/www.lapati.ch\/de\/news\/attractions\/formulaire-bubble\/&#8220;][\/vc_column][\/vc_row][vc_row][vc_column width=&#8220;2\/3&#8243;][vc_column_text]<\/p>\n<h4 style=\"text-align: center;\"><strong>Led<\/strong><\/h4>\n<div id=\"tw-target-text-container\" class=\"tw-ta-container F0azHf tw-nfl\" style=\"text-align: center;\" tabindex=\"0\" role=\"text\">\n<p id=\"tw-target-text\" class=\"tw-data-text tw-text-large tw-ta\" dir=\"ltr\" data-placeholder=\"Traduction\" data-ved=\"2ahUKEwiStcTzy5-LAxVr1QIHHWGoGpIQ3ewLegQICBAV\" aria-label=\"Texte traduit\u00a0: Brandneu! Beleuchtung des Eisstocks f\u00fcr optimale Sicht auf das Spiel.\"><span class=\"Y2IQFc\" lang=\"de\">Brandneu! Beleuchtung des Eisstocks f\u00fcr optimale Sicht auf das Spiel.<\/span><\/p>\n<\/div>\n<div id=\"tw-target-rmn-container\" class=\"tw-target-rmn tw-ta-container F0azHf tw-nfl\" style=\"text-align: center;\" tabindex=\"0\" role=\"text\">\n<pre id=\"tw-target-rmn\" class=\"tw-data-placeholder tw-text-small tw-ta\" dir=\"ltr\" data-placeholder=\"\"><\/pre>\n<\/div>\n<p>[\/vc_column_text][\/vc_column][vc_column width=&#8220;1\/3&#8243;][vc_single_image image=&#8220;1778&#8243; alignment=&#8220;center&#8220; style=&#8220;vc_box_border&#8220; border_color=&#8220;black&#8220; onclick=&#8220;custom_link&#8220; link=&#8220;https:\/\/www.lapati.ch\/de\/news\/attractions\/formulaire-eisstock-led\/&#8220;][\/vc_column][\/vc_row][vc_row][vc_column width=&#8220;2\/3&#8243;][vc_column_text]<\/p>\n<h4 id=\"tw-target-text\" class=\"tw-data-text tw-text-large tw-ta\" dir=\"ltr\" style=\"text-align: center;\" data-placeholder=\"Traduction\" data-ved=\"2ahUKEwiStcTzy5-LAxVr1QIHHWGoGpIQ3ewLegQICBAV\" aria-label=\"Texte traduit\u00a0: Schloss auf Eis Ein Schloss, das Kindern Spa\u00df macht!\"><span class=\"Y2IQFc\" lang=\"de\">Schloss auf Eis <\/span><\/h4>\n<p class=\"tw-data-text tw-text-large tw-ta\" dir=\"ltr\" style=\"text-align: center;\" data-placeholder=\"Traduction\" data-ved=\"2ahUKEwiStcTzy5-LAxVr1QIHHWGoGpIQ3ewLegQICBAV\" aria-label=\"Texte traduit\u00a0: Schloss auf Eis Ein Schloss, das Kindern Spa\u00df macht!\"><span class=\"Y2IQFc\" lang=\"de\">Ein Schloss, das Kindern Spa\u00df macht!<\/span><\/p>\n<p>[\/vc_column_text][\/vc_column][vc_column width=&#8220;1\/3&#8243;][vc_single_image image=&#8220;2143&#8243; alignment=&#8220;center&#8220; style=&#8220;vc_box_border&#8220; border_color=&#8220;black&#8220; onclick=&#8220;custom_link&#8220; link=&#8220;https:\/\/www.lapati.ch\/de\/news\/attractions\/formulaire-chateau-sur-glace\/&#8220;][\/vc_column][\/vc_row][vc_row][vc_column width=&#8220;2\/3&#8243;][vc_column_text]<\/p>\n<h4 id=\"tw-target-text\" class=\"tw-data-text tw-text-large tw-ta\" dir=\"ltr\" style=\"text-align: center;\" data-placeholder=\"Traduction\" data-ved=\"2ahUKEwiStcTzy5-LAxVr1QIHHWGoGpIQ3ewLegQICBAV\" aria-label=\"Texte traduit\u00a0: Skateboarden auf Eis Ganz neu, das Eis-Skateboard mit Kufe. Einfache und schnelle Montage, Spa\u00df garantiert.\"><span class=\"Y2IQFc\" lang=\"de\">Skateboarden auf Eis <\/span><\/h4>\n<p class=\"tw-data-text tw-text-large tw-ta\" dir=\"ltr\" style=\"text-align: center;\" data-placeholder=\"Traduction\" data-ved=\"2ahUKEwiStcTzy5-LAxVr1QIHHWGoGpIQ3ewLegQICBAV\" aria-label=\"Texte traduit\u00a0: Skateboarden auf Eis Ganz neu, das Eis-Skateboard mit Kufe. Einfache und schnelle Montage, Spa\u00df garantiert.\"><span class=\"Y2IQFc\" lang=\"de\">Ganz neu, das Eis-Skateboard mit Kufe. Einfache und schnelle Montage, Spa\u00df garantiert.<\/span><\/p>\n<p>[\/vc_column_text][\/vc_column][vc_column width=&#8220;1\/3&#8243;][vc_single_image image=&#8220;1799&#8243; alignment=&#8220;center&#8220; style=&#8220;vc_box_border&#8220; border_color=&#8220;black&#8220; onclick=&#8220;custom_link&#8220; link=&#8220;https:\/\/www.lapati.ch\/de\/news\/attractions\/formulaire-curfboard\/&#8220;][\/vc_column][\/vc_row][vc_row][vc_column width=&#8220;2\/3&#8243;][vc_column_text]<\/p>\n<h4 style=\"text-align: center;\">G\u00f6nnen Sie sich ein einzigartiges Lichterlebnis!<\/h4>\n<p style=\"text-align: center;\">G\u00f6nnen Sie sich ein einzigartiges Lichterlebnis!<br data-start=\"67\" data-end=\"70\" \/>Genie\u00dfen Sie optimale Sicht f\u00fcr aufregende Eisstock-Partien oder tauchen Sie in eine farbenfrohe und festliche Atmosph\u00e4re ein, um stilvoll \u00fcber das Eis zu gleiten. Ein Hauch von Licht, um jeden Moment auf dem Eis zu veredeln!<\/p>\n<p>[\/vc_column_text][\/vc_column][vc_column width=&#8220;1\/3&#8243;][vc_single_image image=&#8220;1821&#8243; alignment=&#8220;center&#8220; style=&#8220;vc_box_border&#8220; border_color=&#8220;black&#8220; onclick=&#8220;custom_link&#8220; link=&#8220;https:\/\/www.lapati.ch\/de\/news\/attractions\/formulaire-circle-led\/&#8220;][\/vc_column][\/vc_row]<\/p>\n<\/div>","protected":false},"excerpt":{"rendered":"<p>[vc_row][vc_column][vc_column_text] Entdecken Sie unsere Attraktionen! [\/vc_column_text][\/vc_column][\/vc_row][vc_row][vc_column width=&#8220;2\/3&#8243;][vc_column_text] Eismalerei Unbedenkliche Farbe f\u00fcr Mensch und Umwelt, kein Abbau des Eises, vollst\u00e4ndig abwaschbar, Spa\u00df f\u00fcr alle. [\/vc_column_text][\/vc_column][vc_column width=&#8220;1\/3&#8243;][vc_single_image image=&#8220;1766&#8243; alignment=&#8220;center&#8220; style=&#8220;vc_box_border&#8220; border_color=&#8220;black&#8220; onclick=&#8220;custom_link&#8220; link=&#8220;https:\/\/www.lapati.ch\/de\/news\/attractions\/formulaire-paint\/&#8220;][\/vc_column][\/vc_row][vc_row][vc_column width=&#8220;2\/3&#8243;][vc_column_text] Minigolf auf Eis Ein Spa\u00df f\u00fcr ein Firmenessen, einen Ausflug mit Familie oder Freunden, einen Geburtstag. Gespielt mit Hockeyschl\u00e4ger und Squashball, ohne Schlittschuhe. [&hellip;]<\/p>\n","protected":false},"author":3,"featured_media":0,"parent":379,"menu_order":0,"comment_status":"closed","ping_status":"closed","template":"","meta":{"_acf_changed":false,"footnotes":""},"class_list":["post-1991","page","type-page","status-publish","hentry"],"acf":[],"yoast_head":"<!-- This site is optimized with the Yoast SEO plugin v26.5 - https:\/\/yoast.com\/wordpress\/plugins\/seo\/ -->\n<title>La Pati : Votre patinoire cl\u00e9 en main ! | Attraktionen<\/title>\n<meta name=\"robots\" content=\"index, follow, max-snippet:-1, max-image-preview:large, max-video-preview:-1\" \/>\n<link rel=\"canonical\" href=\"https:\/\/www.lapati.ch\/de\/news\/attractions\/\" \/>\n<meta property=\"og:locale\" content=\"de_DE\" \/>\n<meta property=\"og:type\" content=\"article\" \/>\n<meta property=\"og:title\" content=\"La Pati : Votre patinoire cl\u00e9 en main ! | Attraktionen\" \/>\n<meta property=\"og:description\" content=\"[vc_row][vc_column][vc_column_text] Entdecken Sie unsere Attraktionen! [\/vc_column_text][\/vc_column][\/vc_row][vc_row][vc_column width=&#8220;2\/3&#8243;][vc_column_text] Eismalerei Unbedenkliche Farbe f\u00fcr Mensch und Umwelt, kein Abbau des Eises, vollst\u00e4ndig abwaschbar, Spa\u00df f\u00fcr alle. [\/vc_column_text][\/vc_column][vc_column width=&#8220;1\/3&#8243;][vc_single_image image=&#8220;1766&#8243; alignment=&#8220;center&#8220; style=&#8220;vc_box_border&#8220; border_color=&#8220;black&#8220; onclick=&#8220;custom_link&#8220; link=&#8220;https:\/\/www.lapati.ch\/de\/news\/attractions\/formulaire-paint\/&#8220;][\/vc_column][\/vc_row][vc_row][vc_column width=&#8220;2\/3&#8243;][vc_column_text] Minigolf auf Eis Ein Spa\u00df f\u00fcr ein Firmenessen, einen Ausflug mit Familie oder Freunden, einen Geburtstag. Gespielt mit Hockeyschl\u00e4ger und Squashball, ohne Schlittschuhe. [&hellip;]\" \/>\n<meta property=\"og:url\" content=\"https:\/\/www.lapati.ch\/de\/news\/attractions\/\" \/>\n<meta property=\"og:site_name\" content=\"La Pati : Votre patinoire cl\u00e9 en main !\" \/>\n<meta property=\"article:modified_time\" content=\"2025-03-11T14:13:47+00:00\" \/>\n<meta name=\"twitter:card\" content=\"summary_large_image\" \/>\n<meta name=\"twitter:label1\" content=\"Gesch\u00e4tzte Lesezeit\" \/>\n\t<meta name=\"twitter:data1\" content=\"2\u00a0Minuten\" \/>\n<script type=\"application\/ld+json\" class=\"yoast-schema-graph\">{\"@context\":\"https:\/\/schema.org\",\"@graph\":[{\"@type\":\"WebPage\",\"@id\":\"https:\/\/www.lapati.ch\/de\/news\/attractions\/\",\"url\":\"https:\/\/www.lapati.ch\/de\/news\/attractions\/\",\"name\":\"La Pati : Votre patinoire cl\u00e9 en main ! | Attraktionen\",\"isPartOf\":{\"@id\":\"https:\/\/www.lapati.ch\/de\/#website\"},\"datePublished\":\"2025-01-27T07:43:15+00:00\",\"dateModified\":\"2025-03-11T14:13:47+00:00\",\"breadcrumb\":{\"@id\":\"https:\/\/www.lapati.ch\/de\/news\/attractions\/#breadcrumb\"},\"inLanguage\":\"de\",\"potentialAction\":[{\"@type\":\"ReadAction\",\"target\":[\"https:\/\/www.lapati.ch\/de\/news\/attractions\/\"]}]},{\"@type\":\"BreadcrumbList\",\"@id\":\"https:\/\/www.lapati.ch\/de\/news\/attractions\/#breadcrumb\",\"itemListElement\":[{\"@type\":\"ListItem\",\"position\":1,\"name\":\"Accueil\",\"item\":\"https:\/\/www.lapati.ch\/de\/\"},{\"@type\":\"ListItem\",\"position\":2,\"name\":\"News\",\"item\":\"https:\/\/www.lapati.ch\/de\/news\/\"},{\"@type\":\"ListItem\",\"position\":3,\"name\":\"Attraktionen\"}]},{\"@type\":\"WebSite\",\"@id\":\"https:\/\/www.lapati.ch\/de\/#website\",\"url\":\"https:\/\/www.lapati.ch\/de\/\",\"name\":\"La Pati : Votre patinoire cl\u00e9 en main !\",\"description\":\"\",\"potentialAction\":[{\"@type\":\"SearchAction\",\"target\":{\"@type\":\"EntryPoint\",\"urlTemplate\":\"https:\/\/www.lapati.ch\/de\/?s={search_term_string}\"},\"query-input\":{\"@type\":\"PropertyValueSpecification\",\"valueRequired\":true,\"valueName\":\"search_term_string\"}}],\"inLanguage\":\"de\"}]}<\/script>\n<!-- \/ Yoast SEO plugin. -->","yoast_head_json":{"title":"La Pati : Votre patinoire cl\u00e9 en main ! | Attraktionen","robots":{"index":"index","follow":"follow","max-snippet":"max-snippet:-1","max-image-preview":"max-image-preview:large","max-video-preview":"max-video-preview:-1"},"canonical":"https:\/\/www.lapati.ch\/de\/news\/attractions\/","og_locale":"de_DE","og_type":"article","og_title":"La Pati : Votre patinoire cl\u00e9 en main ! | Attraktionen","og_description":"[vc_row][vc_column][vc_column_text] Entdecken Sie unsere Attraktionen! [\/vc_column_text][\/vc_column][\/vc_row][vc_row][vc_column width=&#8220;2\/3&#8243;][vc_column_text] Eismalerei Unbedenkliche Farbe f\u00fcr Mensch und Umwelt, kein Abbau des Eises, vollst\u00e4ndig abwaschbar, Spa\u00df f\u00fcr alle. [\/vc_column_text][\/vc_column][vc_column width=&#8220;1\/3&#8243;][vc_single_image image=&#8220;1766&#8243; alignment=&#8220;center&#8220; style=&#8220;vc_box_border&#8220; border_color=&#8220;black&#8220; onclick=&#8220;custom_link&#8220; link=&#8220;https:\/\/www.lapati.ch\/de\/news\/attractions\/formulaire-paint\/&#8220;][\/vc_column][\/vc_row][vc_row][vc_column width=&#8220;2\/3&#8243;][vc_column_text] Minigolf auf Eis Ein Spa\u00df f\u00fcr ein Firmenessen, einen Ausflug mit Familie oder Freunden, einen Geburtstag. Gespielt mit Hockeyschl\u00e4ger und Squashball, ohne Schlittschuhe. [&hellip;]","og_url":"https:\/\/www.lapati.ch\/de\/news\/attractions\/","og_site_name":"La Pati : Votre patinoire cl\u00e9 en main !","article_modified_time":"2025-03-11T14:13:47+00:00","twitter_card":"summary_large_image","twitter_misc":{"Gesch\u00e4tzte Lesezeit":"2\u00a0Minuten"},"schema":{"@context":"https:\/\/schema.org","@graph":[{"@type":"WebPage","@id":"https:\/\/www.lapati.ch\/de\/news\/attractions\/","url":"https:\/\/www.lapati.ch\/de\/news\/attractions\/","name":"La Pati : Votre patinoire cl\u00e9 en main ! | Attraktionen","isPartOf":{"@id":"https:\/\/www.lapati.ch\/de\/#website"},"datePublished":"2025-01-27T07:43:15+00:00","dateModified":"2025-03-11T14:13:47+00:00","breadcrumb":{"@id":"https:\/\/www.lapati.ch\/de\/news\/attractions\/#breadcrumb"},"inLanguage":"de","potentialAction":[{"@type":"ReadAction","target":["https:\/\/www.lapati.ch\/de\/news\/attractions\/"]}]},{"@type":"BreadcrumbList","@id":"https:\/\/www.lapati.ch\/de\/news\/attractions\/#breadcrumb","itemListElement":[{"@type":"ListItem","position":1,"name":"Accueil","item":"https:\/\/www.lapati.ch\/de\/"},{"@type":"ListItem","position":2,"name":"News","item":"https:\/\/www.lapati.ch\/de\/news\/"},{"@type":"ListItem","position":3,"name":"Attraktionen"}]},{"@type":"WebSite","@id":"https:\/\/www.lapati.ch\/de\/#website","url":"https:\/\/www.lapati.ch\/de\/","name":"La Pati : Votre patinoire cl\u00e9 en main !","description":"","potentialAction":[{"@type":"SearchAction","target":{"@type":"EntryPoint","urlTemplate":"https:\/\/www.lapati.ch\/de\/?s={search_term_string}"},"query-input":{"@type":"PropertyValueSpecification","valueRequired":true,"valueName":"search_term_string"}}],"inLanguage":"de"}]}},"_links":{"self":[{"href":"https:\/\/www.lapati.ch\/de\/wp-json\/wp\/v2\/pages\/1991","targetHints":{"allow":["GET"]}}],"collection":[{"href":"https:\/\/www.lapati.ch\/de\/wp-json\/wp\/v2\/pages"}],"about":[{"href":"https:\/\/www.lapati.ch\/de\/wp-json\/wp\/v2\/types\/page"}],"author":[{"embeddable":true,"href":"https:\/\/www.lapati.ch\/de\/wp-json\/wp\/v2\/users\/3"}],"replies":[{"embeddable":true,"href":"https:\/\/www.lapati.ch\/de\/wp-json\/wp\/v2\/comments?post=1991"}],"version-history":[{"count":20,"href":"https:\/\/www.lapati.ch\/de\/wp-json\/wp\/v2\/pages\/1991\/revisions"}],"predecessor-version":[{"id":2343,"href":"https:\/\/www.lapati.ch\/de\/wp-json\/wp\/v2\/pages\/1991\/revisions\/2343"}],"up":[{"embeddable":true,"href":"https:\/\/www.lapati.ch\/de\/wp-json\/wp\/v2\/pages\/379"}],"wp:attachment":[{"href":"https:\/\/www.lapati.ch\/de\/wp-json\/wp\/v2\/media?parent=1991"}],"curies":[{"name":"wp","href":"https:\/\/api.w.org\/{rel}","templated":true}]}}