{"id":1756,"date":"2025-01-23T11:43:55","date_gmt":"2025-01-23T10:43:55","guid":{"rendered":"https:\/\/www.lapati.ch\/news\/formulaire-paint\/"},"modified":"2025-02-20T08:12:06","modified_gmt":"2025-02-20T07:12:06","slug":"formulaire-paint","status":"publish","type":"page","link":"https:\/\/www.lapati.ch\/de\/news\/attractions\/formulaire-paint\/","title":{"rendered":"Formulaire Paint"},"content":{"rendered":"<div class=\"wpb-content-wrapper\"><p>[vc_row][vc_column]\n<div class=\"wpcf7 no-js\" id=\"wpcf7-f1741-o1\" lang=\"fr-FR\" dir=\"ltr\" data-wpcf7-id=\"1741\">\n<div class=\"screen-reader-response\"><p role=\"status\" aria-live=\"polite\" aria-atomic=\"true\"><\/p> <ul><\/ul><\/div>\n<form action=\"\/de\/wp-json\/wp\/v2\/pages\/1756#wpcf7-f1741-o1\" method=\"post\" class=\"wpcf7-form init\" aria-label=\"Formulaire de contact\" novalidate=\"novalidate\" data-status=\"init\">\n<fieldset class=\"hidden-fields-container\"><input type=\"hidden\" name=\"_wpcf7\" value=\"1741\" \/><input type=\"hidden\" name=\"_wpcf7_version\" value=\"6.1.4\" \/><input type=\"hidden\" name=\"_wpcf7_locale\" value=\"fr_FR\" \/><input type=\"hidden\" name=\"_wpcf7_unit_tag\" value=\"wpcf7-f1741-o1\" \/><input type=\"hidden\" name=\"_wpcf7_container_post\" value=\"0\" \/><input type=\"hidden\" name=\"_wpcf7_posted_data_hash\" value=\"\" \/><input type=\"hidden\" name=\"_wpcf7_recaptcha_response\" value=\"\" \/>\n<\/fieldset>\n<html xmlns=\"http:\/\/www.w3.org\/1999\/xhtml\">\n\t<head>\n\t\t<title>Ice Bubble\n\t\t<\/title>\n<meta http-equiv=\"Content-Type\" content=\"text\/html; charset=iso-8859-1\" \/>\n<meta name=\"viewport\" content=\"width=1200\" \/>\n\t<\/head>\n\t<style>\n\t<\/style>\n\t<div style=\"background-image:url(https:\/\/www.lapati.ch\/wp-content\/uploads\/2025\/01\/titre-paint.jpg); border-color: #0f237d; border-style:solid;\nborder-width: 0px; border-radius: 10px; width:1000; height:600px; margin:auto; text-align:center; padding-left:20px;\">\n\t\t<FONT COLOR=\"#00000; family:Roboto; font-size:200px; weight:Bold\">\n\t\t<\/font>\n\t<\/div>\n<\/html><div class=\"wpcf7-response-output\" aria-hidden=\"true\"><\/div>\n<\/form>\n<\/div>\n[vc_column_text]<\/p>\n<h4 style=\"text-align: center;\" data-start=\"916\" data-end=\"966\"><strong data-start=\"916\" data-end=\"964\">Eismalerei \u2013 Bringt Farbe auf die Eisfl\u00e4che!<\/strong><\/h4>\n<p style=\"text-align: center;\" data-start=\"1023\" data-end=\"1311\">Verwandelt eine einfache Eisfl\u00e4che in ein <strong data-start=\"1065\" data-end=\"1105\">gemeinsames, verg\u00e4ngliches Kunstwerk<\/strong> mit unserem einzigartigen Konzept der <strong data-start=\"1144\" data-end=\"1158\">Eismalerei<\/strong>. Unsere speziellen Farben sind <strong data-start=\"1190\" data-end=\"1244\">ungiftig, umweltfreundlich und 100 % eisfreundlich<\/strong>, sodass sowohl Kinder als auch Erwachsene kreativ werden k\u00f6nnen.<\/p>\n<p style=\"text-align: center;\" data-start=\"1313\" data-end=\"1601\">Lasst eurer Fantasie freien Lauf \u2013 malt, zeichnet oder hinterlasst <strong data-start=\"1380\" data-end=\"1416\">lustige, farbenfrohe Botschaften<\/strong> direkt auf dem Eis. Ob f\u00fcr eine festliche Veranstaltung, ein interaktives Erlebnis oder einfach als kreative Aktivit\u00e4t \u2013 diese Idee bringt <strong data-start=\"1556\" data-end=\"1581\">Spa\u00df und Originalit\u00e4t<\/strong> auf jede Eisbahn.<\/p>\n<p style=\"text-align: center;\" data-start=\"1603\" data-end=\"1682\">Erlebt das Eis auf eine v\u00f6llig neue Weise \u2013 mit eurer eigenen kreativen Note!<\/p>\n<p><!--more--><\/p>\n<h4 dir=\"ltr\" style=\"text-align: center;\" data-placeholder=\"Traduction\" data-ved=\"2ahUKEwiStcTzy5-LAxVr1QIHHWGoGpIQ3ewLegQICBAV\" aria-label=\"Texte traduit\u00a0: Eismalerei Bunte Eisbahn: Entfesseln Sie den K\u00fcnstler in Ihnen! Verwandeln Sie eine einfache Eisbahn in ein wahres kollektives Meisterwerk! Mit speziellen, ungiftigen und 100 % eisvertr\u00e4glichen Farben k\u00f6nnen Gro\u00df und Klein ihrer Kreativit\u00e4t freien Lauf lassen. Zeichne, male oder hinterlasse lustige Nachrichten!\"><strong data-start=\"0\" data-end=\"19\">Inhalt des Sets<\/strong><\/h4>\n<p dir=\"ltr\" style=\"text-align: center;\" data-placeholder=\"Traduction\" data-ved=\"2ahUKEwiStcTzy5-LAxVr1QIHHWGoGpIQ3ewLegQICBAV\" aria-label=\"Texte traduit\u00a0: Eismalerei Bunte Eisbahn: Entfesseln Sie den K\u00fcnstler in Ihnen! Verwandeln Sie eine einfache Eisbahn in ein wahres kollektives Meisterwerk! Mit speziellen, ungiftigen und 100 % eisvertr\u00e4glichen Farben k\u00f6nnen Gro\u00df und Klein ihrer Kreativit\u00e4t freien Lauf lassen. Zeichne, male oder hinterlasse lustige Nachrichten!\">1 blauer Topf 200 ml<br data-start=\"42\" data-end=\"45\" \/>1 roter Topf 200 ml<br data-start=\"64\" data-end=\"67\" \/>1 gelber Topf 200 ml<br data-start=\"87\" data-end=\"90\" \/>1 gr\u00fcner Topf 200 ml<br data-start=\"110\" data-end=\"113\" \/>4 Pinsel<\/p>\n<p>[\/vc_column_text][\/vc_column][\/vc_row][vc_row][vc_column width=&#8220;1\/6&#8243;][vc_single_image image=&#8220;1946&#8243; style=&#8220;vc_box_border&#8220; border_color=&#8220;black&#8220; onclick=&#8220;img_link_large&#8220; img_link_target=&#8220;_blank&#8220;][\/vc_column][vc_column width=&#8220;1\/6&#8243;][vc_single_image image=&#8220;1943&#8243; style=&#8220;vc_box_border&#8220; border_color=&#8220;black&#8220; onclick=&#8220;img_link_large&#8220; img_link_target=&#8220;_blank&#8220;][\/vc_column][vc_column width=&#8220;1\/6&#8243;][vc_single_image image=&#8220;1940&#8243; style=&#8220;vc_box_border&#8220; border_color=&#8220;black&#8220; onclick=&#8220;img_link_large&#8220; img_link_target=&#8220;_blank&#8220;][\/vc_column][vc_column width=&#8220;1\/6&#8243;][vc_single_image image=&#8220;1937&#8243; style=&#8220;vc_box_border&#8220; border_color=&#8220;black&#8220; onclick=&#8220;img_link_large&#8220; img_link_target=&#8220;_blank&#8220;][\/vc_column][vc_column width=&#8220;1\/6&#8243;][vc_single_image image=&#8220;1934&#8243; style=&#8220;vc_box_border&#8220; border_color=&#8220;black&#8220; onclick=&#8220;img_link_large&#8220; img_link_target=&#8220;_blank&#8220;][\/vc_column][vc_column width=&#8220;1\/6&#8243;][vc_single_image image=&#8220;1931&#8243; style=&#8220;vc_box_border&#8220; border_color=&#8220;black&#8220; onclick=&#8220;img_link_large&#8220; img_link_target=&#8220;_blank&#8220;][\/vc_column][\/vc_row][vc_row][vc_column][vc_column_text]<\/p>\n<h4 id=\"tw-target-text\" class=\"tw-data-text tw-text-large tw-ta\" dir=\"ltr\" style=\"text-align: center;\" data-placeholder=\"Traduction\" data-ved=\"2ahUKEwiStcTzy5-LAxVr1QIHHWGoGpIQ3ewLegQICBAV\" aria-label=\"Texte traduit\u00a0: F\u00fcllen Sie das Formular aus, um die Preise zu erfahren\"><span class=\"Y2IQFc\" lang=\"de\">F\u00fcllen Sie das Formular aus, um die Preise zu erfahren<\/span><\/h4>\n<p>[\/vc_column_text][vc_column_text][\/vc_column_text]\n<div class=\"wpcf7 no-js\" id=\"wpcf7-f2022-o2\" lang=\"de-DE\" dir=\"ltr\" data-wpcf7-id=\"2022\">\n<div class=\"screen-reader-response\"><p role=\"status\" aria-live=\"polite\" aria-atomic=\"true\"><\/p> <ul><\/ul><\/div>\n<form action=\"\/de\/wp-json\/wp\/v2\/pages\/1756#wpcf7-f2022-o2\" method=\"post\" class=\"wpcf7-form init\" aria-label=\"Kontaktformular\" novalidate=\"novalidate\" data-status=\"init\">\n<fieldset class=\"hidden-fields-container\"><input type=\"hidden\" name=\"_wpcf7\" value=\"2022\" \/><input type=\"hidden\" name=\"_wpcf7_version\" value=\"6.1.4\" \/><input type=\"hidden\" name=\"_wpcf7_locale\" value=\"de_DE\" \/><input type=\"hidden\" name=\"_wpcf7_unit_tag\" value=\"wpcf7-f2022-o2\" \/><input type=\"hidden\" name=\"_wpcf7_container_post\" value=\"0\" \/><input type=\"hidden\" name=\"_wpcf7_posted_data_hash\" value=\"\" \/><input type=\"hidden\" name=\"_wpcf7_recaptcha_response\" value=\"\" \/>\n<\/fieldset>\n<style>\n.wpcf7-submit {\n background: #0f237d; \/* couleur d\u2019arri\u00e8re-plan *\/\n color: #e8eaed; \/* couleur de police *\/\n padding: 15px 280px; \/* marge interne de 15 pixels en haut et en bas et de 0 pixel \u00e0 droite et \u00e0 gauche *\/\n font-size: 40px; \/* taille de police *\/\n font-weight: bold; \/* \u00e9paisseur de police grasse *\/\n border-radius: 10px; \/* rayon de la bordure *\/\n border: 0; \/* taille de la bordure, et dans ce cas absence de bordure *\/\n transition: .3s ease-in-out;\/* animation de transition, dans ce cas pour la transition de couleur d\u2019arri\u00e8re-plan en mode survol *\/\n}\n.wpcf7-submit:hover {\n background: #a0daf8; \/* couleur d\u2019arri\u00e8re-plan *\/\n color: #0f237d;\n cursor: pointer; \/* forme du curseur de la souris *\/\n}\n\n.wpcf7-text, .wpcf7-textarea, .wpcf7-select, .wpcf7-date {\n padding: 10px; \/* marge interne de 10 pixels*\/\n border-radius: 3px; \/* rayon de la bordure courb\u00e9 de 3 pixels *\/\n border: 1px solid #d9dbdd; \/* bordure large de 1 pixel, continue et de couleur #d9dbdd (code couleur HEX) *\/\n background: #00000; \/* arri\u00e8re-plan de couleur #e8eaed (code couleur HEX) *\/\n font-size: 17px; \/* taille de police de 17 pixels *\/\n color: #33415c; \/* couleur de police *\/\n}\n.sr-only {\n position: absolute;\n left: -10000px;\n top: auto;\n width: 1px;\n height: 1px;\n overflow: hidden;\n}\n<\/style>\n<CENTER>\n\t<tr>\n\t\t<td>\n\t\t\t<p><label class=\"textenom\"><span class=\"wpcf7-form-control-wrap\" data-name=\"your-name\"><input size=\"40\" maxlength=\"400\" class=\"wpcf7-form-control wpcf7-text wpcf7-validates-as-required\" aria-required=\"true\" aria-invalid=\"false\" placeholder=\"Name*\" value=\"\" type=\"text\" name=\"your-name\" \/><\/span><\/label>\n\t\t\t<\/p>\n\t\t<\/td>\n\t<\/tr>\n\t<tr>\n\t\t<td>\n\t\t\t<p><label class=\"textenom\"> <span class=\"wpcf7-form-control-wrap\" data-name=\"your-surname\"><input size=\"40\" maxlength=\"400\" class=\"wpcf7-form-control wpcf7-text wpcf7-validates-as-required\" aria-required=\"true\" aria-invalid=\"false\" placeholder=\"Vorname*\" value=\"\" type=\"text\" name=\"your-surname\" \/><\/span><\/label>\n\t\t\t<\/p>\n\t\t<\/td>\n\t<\/tr>\n\t<tr>\n\t\t<td>\n\t\t\t<p><label class=\"textenom\"><span class=\"wpcf7-form-control-wrap\" data-name=\"your-tel\"><input size=\"40\" maxlength=\"400\" class=\"wpcf7-form-control wpcf7-tel wpcf7-text wpcf7-validates-as-tel\" aria-invalid=\"false\" placeholder=\"Telefon\" value=\"\" type=\"tel\" name=\"your-tel\" \/><\/span> <\/label>\n\t\t\t<\/p>\n\t\t<\/td>\n\t<\/tr>\n\t<tr>\n\t\t<td>\n\t\t\t<p><label class=\"textenom\"> <span class=\"wpcf7-form-control-wrap\" data-name=\"your-email\"><input size=\"40\" maxlength=\"400\" class=\"wpcf7-form-control wpcf7-email wpcf7-validates-as-required wpcf7-text wpcf7-validates-as-email\" aria-required=\"true\" aria-invalid=\"false\" placeholder=\"E-mail*\" value=\"\" type=\"email\" name=\"your-email\" \/><\/span> <\/label>\n\t\t\t<\/p>\n\t\t<\/td>\n\t<\/tr>\n<\/center>\n<CENTER>\n\t<table>\n\t\t<CENTER>\n\t\t\t<tr>\n\t\t\t\t<td>\n\t\t\t\t\t<p><label class=\"textenom\"><\/label>\n\t\t\t\t\t<\/p>\n\t\t\t\t<\/td>\n\t\t\t\t<td width:50px>\n\t\t\t\t\t<div form=\"position: absolute; left: -10000px; top: auto; width: 1px; height: 1px; overflow: hidden; display: grid; grid-template-columns: 1fr 1fr\">\n\t\t\t\t\t<\/div>\n\t\t\t\t<\/td>\n\t\t\t\t<td>\n\t\t\t\t\t<h5><span class=\"wpcf7-form-control-wrap\" data-name=\"text-nbre\"><input size=\"40\" maxlength=\"400\" class=\"wpcf7-form-control wpcf7-text wpcf7-validates-as-required\" aria-required=\"true\" aria-invalid=\"false\" placeholder=\"Anzahl der Sets\" value=\"\" type=\"text\" name=\"text-nbre\" \/><\/span>\n\t\t\t\t\t<\/h5>\n\t\t\t\t<\/td>\n\t\t\t<\/tr>\n\t\t<\/center>\n\t<\/table>\n\t<table>\n\t\t<tr>\n\t\t\t<td>\n\t\t\t\t<p><label class=\"textenom\"> <span class=\"wpcf7-form-control-wrap\" data-name=\"your-message\"><textarea cols=\"50\" rows=\"3\" maxlength=\"2000\" class=\"wpcf7-form-control wpcf7-textarea\" aria-invalid=\"false\" placeholder=\"Weitere Informationen\" name=\"your-message\"><\/textarea><\/span> <\/label>\n\t\t\t\t<\/p>\n\t\t\t<\/td>\n\t\t<\/tr>\n\t<\/table>\n<\/center>\n<Center>\n\t<tr>\n\t\t<td  align=\"center\">\n\t\t\t<h6><label class=\"bouton2\"><input class=\"wpcf7-form-control wpcf7-submit has-spinner\" type=\"submit\" value=\"Kostenloses Angebot\" \/><\/label>\n\t\t\t<\/h6>\n\t\t<\/td>\n\t<\/tr>\n\t<table>\n &nbsp\n\t<\/table>\n<\/center><div class=\"wpcf7-response-output\" aria-hidden=\"true\"><\/div>\n<\/form>\n<\/div>\n[vc_btn title=&#8220;Weitere Attraktionen&#8220; style=&#8220;outline&#8220; shape=&#8220;square&#8220; color=&#8220;primary&#8220; size=&#8220;lg&#8220; align=&#8220;center&#8220; button_block=&#8220;true&#8220; link=&#8220;url:https%3A%2F%2Fwww.lapati.ch%2Fde%2Fnews%2Fattractions%2F&#8220;][\/vc_column][\/vc_row]<\/p>\n<\/div>","protected":false},"excerpt":{"rendered":"<p>[vc_row][vc_column][vc_column_text] Eismalerei \u2013 Bringt Farbe auf die Eisfl\u00e4che! Verwandelt eine einfache Eisfl\u00e4che in ein gemeinsames, verg\u00e4ngliches Kunstwerk mit unserem einzigartigen Konzept der Eismalerei. Unsere speziellen Farben sind ungiftig, umweltfreundlich und 100 % eisfreundlich, sodass sowohl Kinder als auch Erwachsene kreativ werden k\u00f6nnen. Lasst eurer Fantasie freien Lauf \u2013 malt, zeichnet oder hinterlasst lustige, farbenfrohe Botschaften [&hellip;]<\/p>\n","protected":false},"author":3,"featured_media":0,"parent":1991,"menu_order":0,"comment_status":"closed","ping_status":"closed","template":"","meta":{"_acf_changed":false,"footnotes":""},"class_list":["post-1756","page","type-page","status-publish","hentry"],"acf":[],"yoast_head":"<!-- This site is optimized with the Yoast SEO plugin v26.5 - https:\/\/yoast.com\/wordpress\/plugins\/seo\/ -->\n<title>La Pati : Votre patinoire cl\u00e9 en main ! | Formulaire Paint<\/title>\n<meta name=\"description\" content=\"Verwandelt eine einfache Eisfl\u00e4che in ein gemeinsames, verg\u00e4ngliches Kunstwerk mit unserem einzigartigen Konzept der Eismalerei.\" \/>\n<meta name=\"robots\" content=\"index, follow, max-snippet:-1, max-image-preview:large, max-video-preview:-1\" \/>\n<link rel=\"canonical\" href=\"https:\/\/www.lapati.ch\/de\/news\/attractions\/formulaire-paint\/\" \/>\n<meta property=\"og:locale\" content=\"de_DE\" \/>\n<meta property=\"og:type\" content=\"article\" \/>\n<meta property=\"og:title\" content=\"La Pati : Votre patinoire cl\u00e9 en main ! | Formulaire Paint\" \/>\n<meta property=\"og:description\" content=\"Verwandelt eine einfache Eisfl\u00e4che in ein gemeinsames, verg\u00e4ngliches Kunstwerk mit unserem einzigartigen Konzept der Eismalerei.\" \/>\n<meta property=\"og:url\" content=\"https:\/\/www.lapati.ch\/de\/news\/attractions\/formulaire-paint\/\" \/>\n<meta property=\"og:site_name\" content=\"La Pati : Votre patinoire cl\u00e9 en main !\" \/>\n<meta property=\"article:modified_time\" content=\"2025-02-20T07:12:06+00:00\" \/>\n<meta name=\"twitter:card\" content=\"summary_large_image\" \/>\n<meta name=\"twitter:label1\" content=\"Gesch\u00e4tzte Lesezeit\" \/>\n\t<meta name=\"twitter:data1\" content=\"3\u00a0Minuten\" \/>\n<script type=\"application\/ld+json\" class=\"yoast-schema-graph\">{\"@context\":\"https:\/\/schema.org\",\"@graph\":[{\"@type\":\"WebPage\",\"@id\":\"https:\/\/www.lapati.ch\/de\/news\/attractions\/formulaire-paint\/\",\"url\":\"https:\/\/www.lapati.ch\/de\/news\/attractions\/formulaire-paint\/\",\"name\":\"La Pati : Votre patinoire cl\u00e9 en main ! | Formulaire Paint\",\"isPartOf\":{\"@id\":\"https:\/\/www.lapati.ch\/de\/#website\"},\"datePublished\":\"2025-01-23T10:43:55+00:00\",\"dateModified\":\"2025-02-20T07:12:06+00:00\",\"description\":\"Verwandelt eine einfache Eisfl\u00e4che in ein gemeinsames, verg\u00e4ngliches Kunstwerk mit unserem einzigartigen Konzept der Eismalerei.\",\"breadcrumb\":{\"@id\":\"https:\/\/www.lapati.ch\/de\/news\/attractions\/formulaire-paint\/#breadcrumb\"},\"inLanguage\":\"de\",\"potentialAction\":[{\"@type\":\"ReadAction\",\"target\":[\"https:\/\/www.lapati.ch\/de\/news\/attractions\/formulaire-paint\/\"]}]},{\"@type\":\"BreadcrumbList\",\"@id\":\"https:\/\/www.lapati.ch\/de\/news\/attractions\/formulaire-paint\/#breadcrumb\",\"itemListElement\":[{\"@type\":\"ListItem\",\"position\":1,\"name\":\"Accueil\",\"item\":\"https:\/\/www.lapati.ch\/de\/\"},{\"@type\":\"ListItem\",\"position\":2,\"name\":\"News\",\"item\":\"https:\/\/www.lapati.ch\/de\/news\/\"},{\"@type\":\"ListItem\",\"position\":3,\"name\":\"Attraktionen\",\"item\":\"https:\/\/www.lapati.ch\/de\/news\/attractions\/\"},{\"@type\":\"ListItem\",\"position\":4,\"name\":\"Formulaire Paint\"}]},{\"@type\":\"WebSite\",\"@id\":\"https:\/\/www.lapati.ch\/de\/#website\",\"url\":\"https:\/\/www.lapati.ch\/de\/\",\"name\":\"La Pati : Votre patinoire cl\u00e9 en main !\",\"description\":\"\",\"potentialAction\":[{\"@type\":\"SearchAction\",\"target\":{\"@type\":\"EntryPoint\",\"urlTemplate\":\"https:\/\/www.lapati.ch\/de\/?s={search_term_string}\"},\"query-input\":{\"@type\":\"PropertyValueSpecification\",\"valueRequired\":true,\"valueName\":\"search_term_string\"}}],\"inLanguage\":\"de\"}]}<\/script>\n<!-- \/ Yoast SEO plugin. -->","yoast_head_json":{"title":"La Pati : Votre patinoire cl\u00e9 en main ! | Formulaire Paint","description":"Verwandelt eine einfache Eisfl\u00e4che in ein gemeinsames, verg\u00e4ngliches Kunstwerk mit unserem einzigartigen Konzept der Eismalerei.","robots":{"index":"index","follow":"follow","max-snippet":"max-snippet:-1","max-image-preview":"max-image-preview:large","max-video-preview":"max-video-preview:-1"},"canonical":"https:\/\/www.lapati.ch\/de\/news\/attractions\/formulaire-paint\/","og_locale":"de_DE","og_type":"article","og_title":"La Pati : Votre patinoire cl\u00e9 en main ! | Formulaire Paint","og_description":"Verwandelt eine einfache Eisfl\u00e4che in ein gemeinsames, verg\u00e4ngliches Kunstwerk mit unserem einzigartigen Konzept der Eismalerei.","og_url":"https:\/\/www.lapati.ch\/de\/news\/attractions\/formulaire-paint\/","og_site_name":"La Pati : Votre patinoire cl\u00e9 en main !","article_modified_time":"2025-02-20T07:12:06+00:00","twitter_card":"summary_large_image","twitter_misc":{"Gesch\u00e4tzte Lesezeit":"3\u00a0Minuten"},"schema":{"@context":"https:\/\/schema.org","@graph":[{"@type":"WebPage","@id":"https:\/\/www.lapati.ch\/de\/news\/attractions\/formulaire-paint\/","url":"https:\/\/www.lapati.ch\/de\/news\/attractions\/formulaire-paint\/","name":"La Pati : Votre patinoire cl\u00e9 en main ! | Formulaire Paint","isPartOf":{"@id":"https:\/\/www.lapati.ch\/de\/#website"},"datePublished":"2025-01-23T10:43:55+00:00","dateModified":"2025-02-20T07:12:06+00:00","description":"Verwandelt eine einfache Eisfl\u00e4che in ein gemeinsames, verg\u00e4ngliches Kunstwerk mit unserem einzigartigen Konzept der Eismalerei.","breadcrumb":{"@id":"https:\/\/www.lapati.ch\/de\/news\/attractions\/formulaire-paint\/#breadcrumb"},"inLanguage":"de","potentialAction":[{"@type":"ReadAction","target":["https:\/\/www.lapati.ch\/de\/news\/attractions\/formulaire-paint\/"]}]},{"@type":"BreadcrumbList","@id":"https:\/\/www.lapati.ch\/de\/news\/attractions\/formulaire-paint\/#breadcrumb","itemListElement":[{"@type":"ListItem","position":1,"name":"Accueil","item":"https:\/\/www.lapati.ch\/de\/"},{"@type":"ListItem","position":2,"name":"News","item":"https:\/\/www.lapati.ch\/de\/news\/"},{"@type":"ListItem","position":3,"name":"Attraktionen","item":"https:\/\/www.lapati.ch\/de\/news\/attractions\/"},{"@type":"ListItem","position":4,"name":"Formulaire Paint"}]},{"@type":"WebSite","@id":"https:\/\/www.lapati.ch\/de\/#website","url":"https:\/\/www.lapati.ch\/de\/","name":"La Pati : Votre patinoire cl\u00e9 en main !","description":"","potentialAction":[{"@type":"SearchAction","target":{"@type":"EntryPoint","urlTemplate":"https:\/\/www.lapati.ch\/de\/?s={search_term_string}"},"query-input":{"@type":"PropertyValueSpecification","valueRequired":true,"valueName":"search_term_string"}}],"inLanguage":"de"}]}},"_links":{"self":[{"href":"https:\/\/www.lapati.ch\/de\/wp-json\/wp\/v2\/pages\/1756","targetHints":{"allow":["GET"]}}],"collection":[{"href":"https:\/\/www.lapati.ch\/de\/wp-json\/wp\/v2\/pages"}],"about":[{"href":"https:\/\/www.lapati.ch\/de\/wp-json\/wp\/v2\/types\/page"}],"author":[{"embeddable":true,"href":"https:\/\/www.lapati.ch\/de\/wp-json\/wp\/v2\/users\/3"}],"replies":[{"embeddable":true,"href":"https:\/\/www.lapati.ch\/de\/wp-json\/wp\/v2\/comments?post=1756"}],"version-history":[{"count":23,"href":"https:\/\/www.lapati.ch\/de\/wp-json\/wp\/v2\/pages\/1756\/revisions"}],"predecessor-version":[{"id":2293,"href":"https:\/\/www.lapati.ch\/de\/wp-json\/wp\/v2\/pages\/1756\/revisions\/2293"}],"up":[{"embeddable":true,"href":"https:\/\/www.lapati.ch\/de\/wp-json\/wp\/v2\/pages\/1991"}],"wp:attachment":[{"href":"https:\/\/www.lapati.ch\/de\/wp-json\/wp\/v2\/media?parent=1756"}],"curies":[{"name":"wp","href":"https:\/\/api.w.org\/{rel}","templated":true}]}}