{"id":1727,"date":"2025-01-07T13:18:34","date_gmt":"2025-01-07T12:18:34","guid":{"rendered":"https:\/\/www.lapati.ch\/?page_id=1727"},"modified":"2025-03-11T14:55:02","modified_gmt":"2025-03-11T13:55:02","slug":"formulaire-bubble","status":"publish","type":"page","link":"https:\/\/www.lapati.ch\/de\/news\/attractions\/formulaire-bubble\/","title":{"rendered":"Formulaire Bubble"},"content":{"rendered":"<div class=\"wpb-content-wrapper\"><p>[vc_row][vc_column]\n<div class=\"wpcf7 no-js\" id=\"wpcf7-f1636-o1\" lang=\"fr-FR\" dir=\"ltr\" data-wpcf7-id=\"1636\">\n<div class=\"screen-reader-response\"><p role=\"status\" aria-live=\"polite\" aria-atomic=\"true\"><\/p> <ul><\/ul><\/div>\n<form action=\"\/de\/wp-json\/wp\/v2\/pages\/1727#wpcf7-f1636-o1\" method=\"post\" class=\"wpcf7-form init\" aria-label=\"Formulaire de contact\" novalidate=\"novalidate\" data-status=\"init\">\n<fieldset class=\"hidden-fields-container\"><input type=\"hidden\" name=\"_wpcf7\" value=\"1636\" \/><input type=\"hidden\" name=\"_wpcf7_version\" value=\"6.1.4\" \/><input type=\"hidden\" name=\"_wpcf7_locale\" value=\"fr_FR\" \/><input type=\"hidden\" name=\"_wpcf7_unit_tag\" value=\"wpcf7-f1636-o1\" \/><input type=\"hidden\" name=\"_wpcf7_container_post\" value=\"0\" \/><input type=\"hidden\" name=\"_wpcf7_posted_data_hash\" value=\"\" \/><input type=\"hidden\" name=\"_wpcf7_recaptcha_response\" value=\"\" \/>\n<\/fieldset>\n<html xmlns=\"http:\/\/www.w3.org\/1999\/xhtml\">\n\t<head>\n\t\t<title>Ice Bubble\n\t\t<\/title>\n<meta http-equiv=\"Content-Type\" content=\"text\/html; charset=iso-8859-1\" \/>\n<meta name=\"viewport\" content=\"width=1200\" \/>\n\t<\/head>\n\t<style>\n\t<\/style>\n\t<div style=\"background-image:url(https:\/\/www.lapati.ch\/wp-content\/uploads\/2025\/01\/site-bubble-FR3-1.jpg); border-color: #0f237d; border-style:solid;\nborder-width: 0px; border-radius: 10px; width:1000; height:524px; margin:auto; text-align:center; padding-left:20px;\">\n\t\t<FONT COLOR=\"#00000; family:Roboto; font-size:200px; weight:Bold\">\n\t\t<\/font>\n\t<\/div>\n<\/html><div class=\"wpcf7-response-output\" aria-hidden=\"true\"><\/div>\n<\/form>\n<\/div>\n[vc_column_text]<\/p>\n<h4 style=\"text-align: center;\" data-start=\"839\" data-end=\"889\"><strong data-start=\"839\" data-end=\"887\">Bubble auf Eis \u2013 Spa\u00df und Action garantiert!<\/strong><\/h4>\n<p style=\"text-align: center;\" data-start=\"891\" data-end=\"1123\">Egal ob <strong data-start=\"899\" data-end=\"914\">Firmenevent<\/strong>, <strong data-start=\"916\" data-end=\"933\">Freundeskreis<\/strong>, <strong data-start=\"935\" data-end=\"954\">Familienausflug<\/strong> oder eine <strong data-start=\"965\" data-end=\"994\">\u00f6ffentliche Veranstaltung<\/strong> \u2013 <strong data-start=\"997\" data-end=\"1015\">Bubble auf Eis<\/strong> ist das perfekte Erlebnis f\u00fcr alle, die einen <strong data-start=\"1062\" data-end=\"1101\">lustigen und unvergesslichen Moment<\/strong> verbringen m\u00f6chten!<\/p>\n<p style=\"text-align: center;\" data-start=\"1125\" data-end=\"1437\">Dank der <strong data-start=\"1134\" data-end=\"1193\">schnellen Installation und dem blitzschnellen Aufblasen<\/strong> seid ihr in k\u00fcrzester Zeit bereit, euch in riesigen aufblasbaren B\u00e4llen \u00fcber das Eis zu st\u00fcrzen. Lustige Kollisionen, spektakul\u00e4re Rutschpartien und spannende Herausforderungen sorgen f\u00fcr ein Erlebnis voller <strong data-start=\"1402\" data-end=\"1434\">Lachen, Action und Teamgeist<\/strong>!<\/p>\n<p style=\"text-align: center;\" data-start=\"1439\" data-end=\"1592\">Lust auf ein originelles und f\u00fcr alle zug\u00e4ngliches Event? <strong data-start=\"1497\" data-end=\"1590\">Probiert Bubble auf Eis aus und erlebt eine einzigartige Mischung aus Spa\u00df und Adrenalin!<\/strong><\/p>\n<p>[\/vc_column_text][\/vc_column][\/vc_row][vc_row][vc_column width=&#8220;1\/6&#8243;][vc_single_image image=&#8220;1679&#8243; style=&#8220;vc_box_border&#8220; border_color=&#8220;black&#8220; onclick=&#8220;img_link_large&#8220; img_link_target=&#8220;_blank&#8220;][\/vc_column][vc_column width=&#8220;1\/6&#8243;][vc_single_image image=&#8220;1676&#8243; style=&#8220;vc_box_border&#8220; border_color=&#8220;black&#8220; onclick=&#8220;img_link_large&#8220; img_link_target=&#8220;_blank&#8220;][\/vc_column][vc_column width=&#8220;1\/6&#8243;][vc_single_image image=&#8220;1673&#8243; style=&#8220;vc_box_border&#8220; border_color=&#8220;black&#8220; onclick=&#8220;img_link_large&#8220; img_link_target=&#8220;_blank&#8220;][\/vc_column][vc_column width=&#8220;1\/6&#8243;][vc_single_image image=&#8220;1664&#8243; style=&#8220;vc_box_border&#8220; border_color=&#8220;black&#8220; onclick=&#8220;img_link_large&#8220; img_link_target=&#8220;_blank&#8220;][\/vc_column][vc_column width=&#8220;1\/6&#8243;][vc_single_image image=&#8220;1661&#8243; style=&#8220;vc_box_border&#8220; border_color=&#8220;black&#8220; onclick=&#8220;img_link_large&#8220; img_link_target=&#8220;_blank&#8220;][\/vc_column][vc_column width=&#8220;1\/6&#8243;][vc_single_image image=&#8220;1724&#8243; style=&#8220;vc_box_border&#8220; border_color=&#8220;black&#8220; onclick=&#8220;img_link_large&#8220; img_link_target=&#8220;_blank&#8220;][\/vc_column][\/vc_row][vc_row][vc_column][vc_column_text]<\/p>\n<div id=\"tw-target-text-container\" class=\"tw-ta-container F0azHf tw-nfl\" tabindex=\"0\" role=\"text\">\n<h4 id=\"tw-target-text\" class=\"tw-data-text tw-text-large tw-ta\" dir=\"ltr\" style=\"text-align: center;\" data-placeholder=\"Traduction\" data-ved=\"2ahUKEwjG5bvZpOOKAxWTyAIHHYkdJjcQ3ewLegQICRAU\" aria-label=\"Texte traduit\u00a0: F\u00fcllen Sie das Formular aus, um die Mietpreise zu erfahren\"><span class=\"Y2IQFc\" lang=\"de\">F\u00fcllen Sie das Formular aus, um die Mietpreise zu erfahren<\/span><\/h4>\n<\/div>\n<div id=\"tw-target-rmn-container\" class=\"tw-target-rmn tw-ta-container F0azHf tw-nfl\" tabindex=\"0\" role=\"text\">\n<pre id=\"tw-target-rmn\" class=\"tw-data-placeholder tw-text-small tw-ta\" dir=\"ltr\" data-placeholder=\"\"><\/pre>\n<\/div>\n<div class=\"iYB33c\">\n<div class=\"dlJLJe\">\n<div data-cviv=\"false\" data-ved=\"2ahUKEwjG5bvZpOOKAxWTyAIHHYkdJjcQz_AEegQICRAV\">\n<div class=\"U9URNb\"><img loading=\"lazy\" decoding=\"async\" id=\"dimg_fvJ8Z8auL5ORi-gPibuYuQM_3\" class=\"YQ4gaf zr758c wA1Bge\" src=\"data:image\/png;base64,iVBORw0KGgoAAAANSUhEUgAAABQAAAAUCAQAAAAngNWGAAAA\/0lEQVR4AYXNMSiEcRyA4cfmGHQbCZIipkuxnJgMStlMNmeyD2dwmc8+sZgxYJd9ErIZFHUyYYD7fkr6l4\/rnvmtl7+KitrqV\/fq2Y5eLY3Z9S48eRLe7BmVZ9qhTLhQ0algzZWQOVKSsCF8OjAnwbxDTWFDUhPK\/jMr1H6HE\/IqRky2DyvCefuwItwZzodVoYRiLqMkVCXrwpJ9twZ+sgfDYEFYl8wIWxZ9uFf7zkallxlJh4YrLGsKjZRx7VGHhLqwgFUN45DGdb8MeXGpgB4ABZdeDcpZEY51A+hyLKz4S1W4MQWm3AibWtgWmk6dyISa1pSdyWTOlLXVp0+eL9D\/ZPfBTNanAAAAAElFTkSuQmCC\" alt=\"Ic\u00f4ne de validation par la communaut\u00e9\" width=\"16\" height=\"16\" data-csiid=\"fvJ8Z8auL5ORi-gPibuYuQM_5\" data-atf=\"0\" \/><\/div>\n<\/div>\n<\/div>\n<\/div>\n<p>[\/vc_column_text][vc_column_text][\/vc_column_text]\n<div class=\"wpcf7 no-js\" id=\"wpcf7-f2024-o2\" lang=\"de-DE\" dir=\"ltr\" data-wpcf7-id=\"2024\">\n<div class=\"screen-reader-response\"><p role=\"status\" aria-live=\"polite\" aria-atomic=\"true\"><\/p> <ul><\/ul><\/div>\n<form action=\"\/de\/wp-json\/wp\/v2\/pages\/1727#wpcf7-f2024-o2\" method=\"post\" class=\"wpcf7-form init\" aria-label=\"Kontaktformular\" novalidate=\"novalidate\" data-status=\"init\">\n<fieldset class=\"hidden-fields-container\"><input type=\"hidden\" name=\"_wpcf7\" value=\"2024\" \/><input type=\"hidden\" name=\"_wpcf7_version\" value=\"6.1.4\" \/><input type=\"hidden\" name=\"_wpcf7_locale\" value=\"de_DE\" \/><input type=\"hidden\" name=\"_wpcf7_unit_tag\" value=\"wpcf7-f2024-o2\" \/><input type=\"hidden\" name=\"_wpcf7_container_post\" value=\"0\" \/><input type=\"hidden\" name=\"_wpcf7_posted_data_hash\" value=\"\" \/><input type=\"hidden\" name=\"_wpcf7_recaptcha_response\" value=\"\" \/>\n<\/fieldset>\n<head>\n\t<style>\n\n.wpcf7-submit {\n background: #0f237d; \/* couleur d\u2019arri\u00e8re-plan *\/\n color: #e8eaed; \/* couleur de police *\/\n padding: 15px 280px; \/* marge interne de 15 pixels en haut et en bas et de 0 pixel \u00e0 droite et \u00e0 gauche *\/\n font-size: 40px; \/* taille de police *\/\n font-weight: bold; \/* \u00e9paisseur de police grasse *\/\n border-radius: 10px; \/* rayon de la bordure *\/\n border: 0; \/* taille de la bordure, et dans ce cas absence de bordure *\/\n transition: .3s ease-in-out;\/* animation de transition, dans ce cas pour la transition de couleur d\u2019arri\u00e8re-plan en mode survol *\/\n}\n.wpcf7-submit:hover {\n background: #a0daf8; \/* couleur d\u2019arri\u00e8re-plan *\/\n color: #0f237d;\n cursor: pointer; \/* forme du curseur de la souris *\/\n}\n.wpcf7-text, .wpcf7-textarea, .wpcf7-select, .wpcf7-date {\n padding: 10px; \/* marge interne de 10 pixels*\/\n border-radius: 3px; \/* rayon de la bordure courb\u00e9 de 3 pixels *\/\n border: 1px solid #d9dbdd; \/* bordure large de 1 pixel, continue et de couleur #d9dbdd (code couleur HEX) *\/\n background: #00000; \/* arri\u00e8re-plan de couleur #e8eaed (code couleur HEX) *\/\n font-size: 17px; \/* taille de police de 17 pixels *\/\n color: #33415c; \/* couleur de police *\/\n}\n.sr-only {\n position: absolute;\n left: -10000px;\n top: auto;\n width: 1px;\n height: 1px;\n overflow: hidden;\n}\n\nbouton2{\n background: #0f237d; \/* couleur d\u2019arri\u00e8re-plan *\/\n color: #e8eaed; \/* couleur de police *\/\n padding: 50px 0; \/* marge interne de 15 pixels en haut et en bas et de 0 pixel \u00e0 droite et \u00e0 gauche *\/\n font-size: 20px; \/* taille de police *\/\n font-weight: bold; \/* \u00e9paisseur de police grasse *\/\n border-radius: 3px; \/* rayon de la bordure *\/\n border: 0; \/* taille de la bordure, et dans ce cas absence de bordure *\/\n transition: .3s ease-in-out;\n}\n\t<\/style>\n<\/head>\n<CENTER>\n\t<table style=\"position: fixe; top: 1000px; left: 600px; border: 0px solid black;\">\n\t\t<tr>\n\t\t\t<div form=\"position: absolute; left: -10000px; top: auto; width: 1px; height: 1px; overflow: hidden; display: grid; grid-template-columns: 1fr 1fr\">\n\t\t\t<\/div>\n\t\t\t<td>\n\t\t\t\t<p><label><span class=\"wpcf7-form-control-wrap\" data-name=\"your-name\"><input size=\"40\" maxlength=\"400\" class=\"wpcf7-form-control wpcf7-text wpcf7-validates-as-required\" aria-required=\"true\" aria-invalid=\"false\" placeholder=\"Nom*\" value=\"\" type=\"text\" name=\"your-name\" \/><\/span><\/label>\n\t\t\t\t<\/p>\n\t\t\t<\/td>\n\t\t<\/tr>\n\t\t<tr>\n\t\t\t<div form=\"position: absolute; left: -10000px; top: auto; width: 1px; height: 1px; overflow: hidden; display: grid; grid-template-columns: 1fr 1fr\">\n\t\t\t<\/div>\n\t\t\t<td>\n\t\t\t\t<p><label> <span class=\"wpcf7-form-control-wrap\" data-name=\"your-surname\"><input size=\"40\" maxlength=\"400\" class=\"wpcf7-form-control wpcf7-text wpcf7-validates-as-required\" aria-required=\"true\" aria-invalid=\"false\" placeholder=\"Pr\u00e9nom*\" value=\"\" type=\"text\" name=\"your-surname\" \/><\/span><\/label>\n\t\t\t\t<\/p>\n\t\t\t<\/td>\n\t\t<\/tr>\n\t\t<tr>\n\t\t\t<div form=\"position: absolute; left: -10000px; top: auto; width: 1px; height: 1px; overflow: hidden; display: grid; grid-template-columns: 1fr 1fr\">\n\t\t\t<\/div>\n\t\t\t<td>\n\t\t\t\t<p><label><span class=\"wpcf7-form-control-wrap\" data-name=\"your-tel\"><input size=\"40\" maxlength=\"400\" class=\"wpcf7-form-control wpcf7-tel wpcf7-text wpcf7-validates-as-tel\" aria-invalid=\"false\" placeholder=\"T\u00e9l\u00e9phone\" value=\"\" type=\"tel\" name=\"your-tel\" \/><\/span> <\/label>\n\t\t\t\t<\/p>\n\t\t\t<\/td>\n\t\t<\/tr>\n\t\t<tr>\n\t\t\t<div form=\"position: absolute; left: -10000px; top: auto; width: 1px; height: 1px; overflow: hidden; display: grid; grid-template-columns: 1fr 1fr\">\n\t\t\t<\/div>\n\t\t\t<td>\n\t\t\t\t<p><label> <span class=\"wpcf7-form-control-wrap\" data-name=\"your-email\"><input size=\"40\" maxlength=\"400\" class=\"wpcf7-form-control wpcf7-text wpcf7-validates-as-required\" aria-required=\"true\" aria-invalid=\"false\" placeholder=\"E-mail*\" value=\"\" type=\"text\" name=\"your-email\" \/><\/span> <\/label>\n\t\t\t\t<\/p>\n\t\t\t<\/td>\n\t\t<\/tr>\n\t<\/table>\n\t<table style=\"position: fixe; top: 1000px; left: 600px\">\n\t\t<tr>\n\t\t\t<td width:100px>\n\t\t\t\t<div style=\"border: 0px solid; font-family:Arial; font-size:20px; font-weight:Bold; color : #fffff\">\n\t\t\t\t\t<p>R\u00e9serv\u00e9 pour &nbsp<span class=\"wpcf7-form-control-wrap\" data-name=\"choix-contact1\"><select class=\"wpcf7-form-control wpcf7-select\" aria-invalid=\"false\" name=\"choix-contact1\"><option value=\"1\">1<\/option><option value=\"2\">2<\/option><option value=\"3\">3<\/option><\/select><\/span>\n\t\t\t\t\t<\/p>\n\t\t\t\t<\/div>\n\t\t\t<\/td>\n\t\t\t<td>\n\t\t\t\t<p><span class=\"wpcf7-form-control-wrap\" data-name=\"choix-contact2\"><select class=\"wpcf7-form-control wpcf7-select\" aria-invalid=\"false\" name=\"choix-contact2\"><option value=\"weekend (s)\">weekend (s)<\/option><option value=\"semaine(s)\">semaine(s)<\/option><option value=\"mois(s)\">mois(s)<\/option><option value=\"saison(s)\">saison(s)<\/option><\/select><\/span>\n\t\t\t\t<\/p>\n\t\t\t<\/td>\n\t\t<\/tr>\n\t\t<tr>\n\t\t\t<td>\n\t\t\t\t<div style=\"border: 0px solid; font-family:arial; font-size:20px; font-weight:Bold\">\n\t\t\t\t\t<p>D\u00e9buterait le <span class=\"wpcf7-form-control-wrap\" data-name=\"date-326\"><input class=\"wpcf7-form-control wpcf7-date wpcf7-validates-as-date\" aria-invalid=\"false\" value=\"\" type=\"date\" name=\"date-326\" \/><\/span>\n\t\t\t\t\t<\/p>\n\t\t\t\t<\/div>\n\t\t\t<\/td>\n\t\t<\/tr>\n\t<\/table>\n\t<table>\n\t\t<CENTER>\n\t\t\t<tr>\n\t\t\t\t<td>\n\t\t\t\t<\/td>\n\t\t\t<\/tr>\n\t\t<\/center>\n\t<\/table>\n\t<table>\n\t\t<tr>\n\t\t\t<div form=\"position: absolute; left: -10000px; top: auto; width: 1px; height: 1px; overflow: hidden; display: grid; grid-template-columns: 1fr 1fr\">\n\t\t\t\t<td width:100px>\n\t\t\t\t<\/td>\n\t\t\t\t<td>\n\t\t\t\t\t<p><label> <span class=\"wpcf7-form-control-wrap\" data-name=\"your-message\"><textarea cols=\"50\" rows=\"3\" maxlength=\"2000\" class=\"wpcf7-form-control wpcf7-textarea\" aria-invalid=\"false\" placeholder=\"Informations Compl\u00e9mentaires\" name=\"your-message\"><\/textarea><\/span> <\/label>\n\t\t\t\t\t<\/p>\n\t\t\t\t<\/td>\n\t\t\t<\/div>\n\t\t<\/tr>\n\t<\/table>\n\t<table>\n\t\t<Center>\n\t\t\t<tr>\n\t\t\t\t<h6><label><input class=\"wpcf7-form-control wpcf7-submit has-spinner\" type=\"submit\" value=\"Obtenez votre devis gratuit\" \/><\/label>\n\t\t\t\t<\/h6>\n\t\t\t<\/tr>\n\t\t<\/center>\n\t<\/table>\n<\/center><div class=\"wpcf7-response-output\" aria-hidden=\"true\"><\/div>\n<\/form>\n<\/div>\n[vc_btn title=&#8220;Weitere Attraktionen&#8220; style=&#8220;outline&#8220; shape=&#8220;square&#8220; color=&#8220;primary&#8220; size=&#8220;lg&#8220; align=&#8220;center&#8220; button_block=&#8220;true&#8220; link=&#8220;url:https%3A%2F%2Fwww.lapati.ch%2Fde%2Fattractions%2F&#8220;][\/vc_column][\/vc_row]<\/p>\n<\/div>","protected":false},"excerpt":{"rendered":"<p>[vc_row][vc_column][vc_column_text] Bubble auf Eis \u2013 Spa\u00df und Action garantiert! Egal ob Firmenevent, Freundeskreis, Familienausflug oder eine \u00f6ffentliche Veranstaltung \u2013 Bubble auf Eis ist das perfekte Erlebnis f\u00fcr alle, die einen lustigen und unvergesslichen Moment verbringen m\u00f6chten! Dank der schnellen Installation und dem blitzschnellen Aufblasen seid ihr in k\u00fcrzester Zeit bereit, euch in riesigen aufblasbaren B\u00e4llen [&hellip;]<\/p>\n","protected":false},"author":3,"featured_media":0,"parent":1991,"menu_order":0,"comment_status":"closed","ping_status":"closed","template":"","meta":{"_acf_changed":false,"footnotes":""},"class_list":["post-1727","page","type-page","status-publish","hentry"],"acf":[],"yoast_head":"<!-- This site is optimized with the Yoast SEO plugin v26.5 - https:\/\/yoast.com\/wordpress\/plugins\/seo\/ -->\n<title>La Pati : Votre patinoire cl\u00e9 en main ! | Formulaire Bubble<\/title>\n<meta name=\"description\" content=\"Bubble auf Eis ist das perfekte Erlebnis f\u00fcr alle, die einen lustigen und unvergesslichen Moment verbringen m\u00f6chten!\" \/>\n<meta name=\"robots\" content=\"index, follow, max-snippet:-1, max-image-preview:large, max-video-preview:-1\" \/>\n<link rel=\"canonical\" href=\"https:\/\/www.lapati.ch\/de\/news\/attractions\/formulaire-bubble\/\" \/>\n<meta property=\"og:locale\" content=\"de_DE\" \/>\n<meta property=\"og:type\" content=\"article\" \/>\n<meta property=\"og:title\" content=\"La Pati : Votre patinoire cl\u00e9 en main ! | Formulaire Bubble\" \/>\n<meta property=\"og:description\" content=\"Bubble auf Eis ist das perfekte Erlebnis f\u00fcr alle, die einen lustigen und unvergesslichen Moment verbringen m\u00f6chten!\" \/>\n<meta property=\"og:url\" content=\"https:\/\/www.lapati.ch\/de\/news\/attractions\/formulaire-bubble\/\" \/>\n<meta property=\"og:site_name\" content=\"La Pati : Votre patinoire cl\u00e9 en main !\" \/>\n<meta property=\"article:modified_time\" content=\"2025-03-11T13:55:02+00:00\" \/>\n<meta name=\"twitter:card\" content=\"summary_large_image\" \/>\n<meta name=\"twitter:label1\" content=\"Gesch\u00e4tzte Lesezeit\" \/>\n\t<meta name=\"twitter:data1\" content=\"3\u00a0Minuten\" \/>\n<script type=\"application\/ld+json\" class=\"yoast-schema-graph\">{\"@context\":\"https:\/\/schema.org\",\"@graph\":[{\"@type\":\"WebPage\",\"@id\":\"https:\/\/www.lapati.ch\/de\/news\/attractions\/formulaire-bubble\/\",\"url\":\"https:\/\/www.lapati.ch\/de\/news\/attractions\/formulaire-bubble\/\",\"name\":\"La Pati : Votre patinoire cl\u00e9 en main ! | Formulaire Bubble\",\"isPartOf\":{\"@id\":\"https:\/\/www.lapati.ch\/de\/#website\"},\"datePublished\":\"2025-01-07T12:18:34+00:00\",\"dateModified\":\"2025-03-11T13:55:02+00:00\",\"description\":\"Bubble auf Eis ist das perfekte Erlebnis f\u00fcr alle, die einen lustigen und unvergesslichen Moment verbringen m\u00f6chten!\",\"breadcrumb\":{\"@id\":\"https:\/\/www.lapati.ch\/de\/news\/attractions\/formulaire-bubble\/#breadcrumb\"},\"inLanguage\":\"de\",\"potentialAction\":[{\"@type\":\"ReadAction\",\"target\":[\"https:\/\/www.lapati.ch\/de\/news\/attractions\/formulaire-bubble\/\"]}]},{\"@type\":\"BreadcrumbList\",\"@id\":\"https:\/\/www.lapati.ch\/de\/news\/attractions\/formulaire-bubble\/#breadcrumb\",\"itemListElement\":[{\"@type\":\"ListItem\",\"position\":1,\"name\":\"Accueil\",\"item\":\"https:\/\/www.lapati.ch\/de\/\"},{\"@type\":\"ListItem\",\"position\":2,\"name\":\"News\",\"item\":\"https:\/\/www.lapati.ch\/de\/news\/\"},{\"@type\":\"ListItem\",\"position\":3,\"name\":\"Attraktionen\",\"item\":\"https:\/\/www.lapati.ch\/de\/news\/attractions\/\"},{\"@type\":\"ListItem\",\"position\":4,\"name\":\"Formulaire Bubble\"}]},{\"@type\":\"WebSite\",\"@id\":\"https:\/\/www.lapati.ch\/de\/#website\",\"url\":\"https:\/\/www.lapati.ch\/de\/\",\"name\":\"La Pati : Votre patinoire cl\u00e9 en main !\",\"description\":\"\",\"potentialAction\":[{\"@type\":\"SearchAction\",\"target\":{\"@type\":\"EntryPoint\",\"urlTemplate\":\"https:\/\/www.lapati.ch\/de\/?s={search_term_string}\"},\"query-input\":{\"@type\":\"PropertyValueSpecification\",\"valueRequired\":true,\"valueName\":\"search_term_string\"}}],\"inLanguage\":\"de\"}]}<\/script>\n<!-- \/ Yoast SEO plugin. -->","yoast_head_json":{"title":"La Pati : Votre patinoire cl\u00e9 en main ! | Formulaire Bubble","description":"Bubble auf Eis ist das perfekte Erlebnis f\u00fcr alle, die einen lustigen und unvergesslichen Moment verbringen m\u00f6chten!","robots":{"index":"index","follow":"follow","max-snippet":"max-snippet:-1","max-image-preview":"max-image-preview:large","max-video-preview":"max-video-preview:-1"},"canonical":"https:\/\/www.lapati.ch\/de\/news\/attractions\/formulaire-bubble\/","og_locale":"de_DE","og_type":"article","og_title":"La Pati : Votre patinoire cl\u00e9 en main ! | Formulaire Bubble","og_description":"Bubble auf Eis ist das perfekte Erlebnis f\u00fcr alle, die einen lustigen und unvergesslichen Moment verbringen m\u00f6chten!","og_url":"https:\/\/www.lapati.ch\/de\/news\/attractions\/formulaire-bubble\/","og_site_name":"La Pati : Votre patinoire cl\u00e9 en main !","article_modified_time":"2025-03-11T13:55:02+00:00","twitter_card":"summary_large_image","twitter_misc":{"Gesch\u00e4tzte Lesezeit":"3\u00a0Minuten"},"schema":{"@context":"https:\/\/schema.org","@graph":[{"@type":"WebPage","@id":"https:\/\/www.lapati.ch\/de\/news\/attractions\/formulaire-bubble\/","url":"https:\/\/www.lapati.ch\/de\/news\/attractions\/formulaire-bubble\/","name":"La Pati : Votre patinoire cl\u00e9 en main ! | Formulaire Bubble","isPartOf":{"@id":"https:\/\/www.lapati.ch\/de\/#website"},"datePublished":"2025-01-07T12:18:34+00:00","dateModified":"2025-03-11T13:55:02+00:00","description":"Bubble auf Eis ist das perfekte Erlebnis f\u00fcr alle, die einen lustigen und unvergesslichen Moment verbringen m\u00f6chten!","breadcrumb":{"@id":"https:\/\/www.lapati.ch\/de\/news\/attractions\/formulaire-bubble\/#breadcrumb"},"inLanguage":"de","potentialAction":[{"@type":"ReadAction","target":["https:\/\/www.lapati.ch\/de\/news\/attractions\/formulaire-bubble\/"]}]},{"@type":"BreadcrumbList","@id":"https:\/\/www.lapati.ch\/de\/news\/attractions\/formulaire-bubble\/#breadcrumb","itemListElement":[{"@type":"ListItem","position":1,"name":"Accueil","item":"https:\/\/www.lapati.ch\/de\/"},{"@type":"ListItem","position":2,"name":"News","item":"https:\/\/www.lapati.ch\/de\/news\/"},{"@type":"ListItem","position":3,"name":"Attraktionen","item":"https:\/\/www.lapati.ch\/de\/news\/attractions\/"},{"@type":"ListItem","position":4,"name":"Formulaire Bubble"}]},{"@type":"WebSite","@id":"https:\/\/www.lapati.ch\/de\/#website","url":"https:\/\/www.lapati.ch\/de\/","name":"La Pati : Votre patinoire cl\u00e9 en main !","description":"","potentialAction":[{"@type":"SearchAction","target":{"@type":"EntryPoint","urlTemplate":"https:\/\/www.lapati.ch\/de\/?s={search_term_string}"},"query-input":{"@type":"PropertyValueSpecification","valueRequired":true,"valueName":"search_term_string"}}],"inLanguage":"de"}]}},"_links":{"self":[{"href":"https:\/\/www.lapati.ch\/de\/wp-json\/wp\/v2\/pages\/1727","targetHints":{"allow":["GET"]}}],"collection":[{"href":"https:\/\/www.lapati.ch\/de\/wp-json\/wp\/v2\/pages"}],"about":[{"href":"https:\/\/www.lapati.ch\/de\/wp-json\/wp\/v2\/types\/page"}],"author":[{"embeddable":true,"href":"https:\/\/www.lapati.ch\/de\/wp-json\/wp\/v2\/users\/3"}],"replies":[{"embeddable":true,"href":"https:\/\/www.lapati.ch\/de\/wp-json\/wp\/v2\/comments?post=1727"}],"version-history":[{"count":8,"href":"https:\/\/www.lapati.ch\/de\/wp-json\/wp\/v2\/pages\/1727\/revisions"}],"predecessor-version":[{"id":2342,"href":"https:\/\/www.lapati.ch\/de\/wp-json\/wp\/v2\/pages\/1727\/revisions\/2342"}],"up":[{"embeddable":true,"href":"https:\/\/www.lapati.ch\/de\/wp-json\/wp\/v2\/pages\/1991"}],"wp:attachment":[{"href":"https:\/\/www.lapati.ch\/de\/wp-json\/wp\/v2\/media?parent=1727"}],"curies":[{"name":"wp","href":"https:\/\/api.w.org\/{rel}","templated":true}]}}