{"id":1632,"date":"2025-01-04T01:14:10","date_gmt":"2025-01-04T00:14:10","guid":{"rendered":"https:\/\/www.lapati.ch\/news\/formulaire-mini-golf\/"},"modified":"2025-02-20T07:47:04","modified_gmt":"2025-02-20T06:47:04","slug":"formulaire-mini-golf","status":"publish","type":"page","link":"https:\/\/www.lapati.ch\/de\/news\/attractions\/formulaire-mini-golf\/","title":{"rendered":"Formulaire Mini-Golf"},"content":{"rendered":"<div class=\"wpb-content-wrapper\"><p>[vc_row][vc_column]\n<div class=\"wpcf7 no-js\" id=\"wpcf7-f1925-o1\" lang=\"fr-FR\" dir=\"ltr\" data-wpcf7-id=\"1925\">\n<div class=\"screen-reader-response\"><p role=\"status\" aria-live=\"polite\" aria-atomic=\"true\"><\/p> <ul><\/ul><\/div>\n<form action=\"\/de\/wp-json\/wp\/v2\/pages\/1632#wpcf7-f1925-o1\" method=\"post\" class=\"wpcf7-form init\" aria-label=\"Formulaire de contact\" novalidate=\"novalidate\" data-status=\"init\">\n<fieldset class=\"hidden-fields-container\"><input type=\"hidden\" name=\"_wpcf7\" value=\"1925\" \/><input type=\"hidden\" name=\"_wpcf7_version\" value=\"6.1.4\" \/><input type=\"hidden\" name=\"_wpcf7_locale\" value=\"fr_FR\" \/><input type=\"hidden\" name=\"_wpcf7_unit_tag\" value=\"wpcf7-f1925-o1\" \/><input type=\"hidden\" name=\"_wpcf7_container_post\" value=\"0\" \/><input type=\"hidden\" name=\"_wpcf7_posted_data_hash\" value=\"\" \/><input type=\"hidden\" name=\"_wpcf7_recaptcha_response\" value=\"\" \/>\n<\/fieldset>\n<html xmlns=\"http:\/\/www.w3.org\/1999\/xhtml\">\n\t<head>\n\t\t<title>Ice Bubble\n\t\t<\/title>\n<meta http-equiv=\"Content-Type\" content=\"text\/html; charset=iso-8859-1\" \/>\n<meta name=\"viewport\" content=\"width=1200\" \/>\n\t<\/head>\n\t<style>\n\t<\/style>\n\t<div style=\"background-image:url(https:\/\/www.lapati.ch\/wp-content\/uploads\/2025\/01\/hautLogo-2.jpg); border-color: #0f237d; border-style:solid;\nborder-width: 0px; border-radius: 10px; width:1000; height:480px; margin:auto; text-align:center; padding-left:20px;\">\n\t\t<FONT COLOR=\"#00000; family:Roboto; font-size:200px; weight:Bold\">\n\t\t<\/font>\n\t<\/div>\n<\/html><div class=\"wpcf7-response-output\" aria-hidden=\"true\"><\/div>\n<\/form>\n<\/div>\n[vc_column_text]<\/p>\n<h4 style=\"text-align: center;\" data-start=\"931\" data-end=\"995\"><strong data-start=\"931\" data-end=\"993\">Neuheit in der Schweiz \u2013 Entdeckt Mini-Golf auf Eis!<\/strong><\/h4>\n<p style=\"text-align: center;\" data-start=\"997\" data-end=\"1214\">Ob f\u00fcr eine <strong data-start=\"1009\" data-end=\"1026\">Veranstaltung<\/strong>, ein <strong data-start=\"1032\" data-end=\"1047\">Firmenessen<\/strong>, einen <strong data-start=\"1055\" data-end=\"1079\">Ausflug mit Freunden<\/strong> oder einen <strong data-start=\"1091\" data-end=\"1106\">Familientag<\/strong> \u2013 <strong data-start=\"1109\" data-end=\"1130\">Mini-Golf auf Eis<\/strong> ist die perfekte Aktivit\u00e4t, um Menschen auf spielerische Weise zusammenzubringen.<\/p>\n<p style=\"text-align: center;\" data-start=\"1216\" data-end=\"1429\">Mit <strong data-start=\"1220\" data-end=\"1256\">sechs abwechslungsreichen Bahnen<\/strong> ist jede Partie ein voller Erfolg. Egal ob Anf\u00e4nger oder erfahrener Spieler \u2013 der Spa\u00df steht im Vordergrund und sorgt f\u00fcr <strong data-start=\"1379\" data-end=\"1426\">Lachen, Spannung und unvergessliche Momente<\/strong>.<\/p>\n<p style=\"text-align: center;\" data-start=\"1431\" data-end=\"1558\">Und nach dem Spiel? Zeit f\u00fcr Entspannung! An der <strong data-start=\"1480\" data-end=\"1491\">Buvette<\/strong> k\u00f6nnt ihr euch st\u00e4rken und gemeinsam eure besten Schl\u00e4ge feiern.<\/p>\n<p style=\"text-align: center;\" data-start=\"1560\" data-end=\"1684\">Probiert diese <strong data-start=\"1575\" data-end=\"1614\">brandneue Attraktion in der Schweiz<\/strong> aus und entdeckt, wie viel Spa\u00df Mini-Golf\u2026 auf Eis machen kann!<\/p>\n<p>[\/vc_column_text][\/vc_column][\/vc_row][vc_row][vc_column width=&#8220;1\/6&#8243;][vc_single_image image=&#8220;1417&#8243; style=&#8220;vc_box_border&#8220; border_color=&#8220;black&#8220; onclick=&#8220;img_link_large&#8220; img_link_target=&#8220;_blank&#8220;][\/vc_column][vc_column width=&#8220;1\/6&#8243;][vc_single_image image=&#8220;1420&#8243; style=&#8220;vc_box_border&#8220; border_color=&#8220;black&#8220; onclick=&#8220;img_link_large&#8220; img_link_target=&#8220;_blank&#8220;][\/vc_column][vc_column width=&#8220;1\/6&#8243;][vc_single_image image=&#8220;1399&#8243; style=&#8220;vc_box_border&#8220; border_color=&#8220;black&#8220; onclick=&#8220;img_link_large&#8220; img_link_target=&#8220;_blank&#8220;][\/vc_column][vc_column width=&#8220;1\/6&#8243;][vc_single_image image=&#8220;1396&#8243; style=&#8220;vc_box_border&#8220; border_color=&#8220;black&#8220; onclick=&#8220;img_link_large&#8220; img_link_target=&#8220;_blank&#8220;][\/vc_column][vc_column width=&#8220;1\/6&#8243;][vc_single_image image=&#8220;1393&#8243; style=&#8220;vc_box_border&#8220; border_color=&#8220;black&#8220; onclick=&#8220;img_link_large&#8220; img_link_target=&#8220;_blank&#8220;][\/vc_column][vc_column width=&#8220;1\/6&#8243;][vc_single_image image=&#8220;1423&#8243; style=&#8220;vc_box_border&#8220; border_color=&#8220;black&#8220; onclick=&#8220;img_link_large&#8220; img_link_target=&#8220;_blank&#8220;][\/vc_column][\/vc_row][vc_row][vc_column][vc_column_text]<\/p>\n<h4 style=\"text-align: center;\"><span class=\"Y2IQFc\" lang=\"de\">F\u00fcllen Sie das Formular aus, um die Mietpreise zu erfahren<\/span><\/h4>\n<p>[\/vc_column_text][vc_column_text][\/vc_column_text]\n<div class=\"wpcf7 no-js\" id=\"wpcf7-f1639-o2\" lang=\"de-DE\" dir=\"ltr\" data-wpcf7-id=\"1639\">\n<div class=\"screen-reader-response\"><p role=\"status\" aria-live=\"polite\" aria-atomic=\"true\"><\/p> <ul><\/ul><\/div>\n<form action=\"\/de\/wp-json\/wp\/v2\/pages\/1632#wpcf7-f1639-o2\" method=\"post\" class=\"wpcf7-form init\" aria-label=\"Kontaktformular\" novalidate=\"novalidate\" data-status=\"init\">\n<fieldset class=\"hidden-fields-container\"><input type=\"hidden\" name=\"_wpcf7\" value=\"1639\" \/><input type=\"hidden\" name=\"_wpcf7_version\" value=\"6.1.4\" \/><input type=\"hidden\" name=\"_wpcf7_locale\" value=\"de_DE\" \/><input type=\"hidden\" name=\"_wpcf7_unit_tag\" value=\"wpcf7-f1639-o2\" \/><input type=\"hidden\" name=\"_wpcf7_container_post\" value=\"0\" \/><input type=\"hidden\" name=\"_wpcf7_posted_data_hash\" value=\"\" \/><input type=\"hidden\" name=\"_wpcf7_recaptcha_response\" value=\"\" \/>\n<\/fieldset>\n<style>\n.wpcf7-submit {\n background: #0f237d; \/* couleur d\u2019arri\u00e8re-plan *\/\n color: #e8eaed; \/* couleur de police *\/\n padding: 15px 280px; \/* marge interne de 15 pixels en haut et en bas et de 0 pixel \u00e0 droite et \u00e0 gauche *\/\n font-size: 40px; \/* taille de police *\/\n font-weight: bold; \/* \u00e9paisseur de police grasse *\/\n border-radius: 10px; \/* rayon de la bordure *\/\n border: 0; \/* taille de la bordure, et dans ce cas absence de bordure *\/\n transition: .3s ease-in-out;\/* animation de transition, dans ce cas pour la transition de couleur d\u2019arri\u00e8re-plan en mode survol *\/\n}\n.wpcf7-submit:hover {\n background: #a0daf8; \/* couleur d\u2019arri\u00e8re-plan *\/\n color: #0f237d;\n cursor: pointer; \/* forme du curseur de la souris *\/\n}\n\n.wpcf7-text, .wpcf7-textarea, .wpcf7-select, .wpcf7-date {\n padding: 10px; \/* marge interne de 10 pixels*\/\n border-radius: 3px; \/* rayon de la bordure courb\u00e9 de 3 pixels *\/\n border: 1px solid #d9dbdd; \/* bordure large de 1 pixel, continue et de couleur #d9dbdd (code couleur HEX) *\/\n background: #00000; \/* arri\u00e8re-plan de couleur #e8eaed (code couleur HEX) *\/\n font-size: 17px; \/* taille de police de 17 pixels *\/\n color: #33415c; \/* couleur de police *\/\n}\n.sr-only {\n position: absolute;\n left: -10000px;\n top: auto;\n width: 1px;\n height: 1px;\n overflow: hidden;\n}\n<\/style>\n<CENTER>\n\t<tr>\n\t\t<td>\n\t\t\t<p><label class=\"textenom\"><span class=\"wpcf7-form-control-wrap\" data-name=\"your-name\"><input size=\"40\" maxlength=\"400\" class=\"wpcf7-form-control wpcf7-text wpcf7-validates-as-required\" aria-required=\"true\" aria-invalid=\"false\" placeholder=\"Name*\" value=\"\" type=\"text\" name=\"your-name\" \/><\/span><\/label>\n\t\t\t<\/p>\n\t\t<\/td>\n\t<\/tr>\n\t<tr>\n\t\t<td>\n\t\t\t<p><label class=\"textenom\"> <span class=\"wpcf7-form-control-wrap\" data-name=\"your-surname\"><input size=\"40\" maxlength=\"400\" class=\"wpcf7-form-control wpcf7-text wpcf7-validates-as-required\" aria-required=\"true\" aria-invalid=\"false\" placeholder=\"Vorname*\" value=\"\" type=\"text\" name=\"your-surname\" \/><\/span><\/label>\n\t\t\t<\/p>\n\t\t<\/td>\n\t<\/tr>\n\t<tr>\n\t\t<td>\n\t\t\t<p><label class=\"textenom\"><span class=\"wpcf7-form-control-wrap\" data-name=\"your-tel\"><input size=\"40\" maxlength=\"400\" class=\"wpcf7-form-control wpcf7-tel wpcf7-text wpcf7-validates-as-tel\" aria-invalid=\"false\" placeholder=\"Telefon\" value=\"\" type=\"tel\" name=\"your-tel\" \/><\/span> <\/label>\n\t\t\t<\/p>\n\t\t<\/td>\n\t<\/tr>\n\t<tr>\n\t\t<td>\n\t\t\t<p><label class=\"textenom\"> <span class=\"wpcf7-form-control-wrap\" data-name=\"your-email\"><input size=\"40\" maxlength=\"400\" class=\"wpcf7-form-control wpcf7-email wpcf7-validates-as-required wpcf7-text wpcf7-validates-as-email\" aria-required=\"true\" aria-invalid=\"false\" placeholder=\"E-mail*\" value=\"\" type=\"email\" name=\"your-email\" \/><\/span> <\/label>\n\t\t\t<\/p>\n\t\t<\/td>\n\t<\/tr>\n<\/center>\n<CENTER>\n\t<table>\n\t\t<tr>\n\t\t\t<td width:100px>\n\t\t\t\t<div style=\"border: 0px solid; font-family:Arial; font-size:20px; font-weight:Bold; color : #fffff\">\n\t\t\t\t\t<p><label>F\u00fcr welchen Zeitraum &nbsp<\/label>\n\t\t\t\t\t<\/p>\n\t\t\t\t<\/div>\n\t\t\t<\/td>\n\t\t\t<td>\n\t\t\t\t<p><span class=\"wpcf7-form-control-wrap\" data-name=\"choix-contact1\"><select class=\"wpcf7-form-control wpcf7-select\" aria-invalid=\"false\" name=\"choix-contact1\"><option value=\"1\">1<\/option><option value=\"2\">2<\/option><option value=\"3\">3<\/option><\/select><\/span>\n\t\t\t\t<\/p>\n\t\t\t\t<p><label class=\"textenom\"><br \/>\n<span class=\"wpcf7-form-control-wrap\" data-name=\"choix-contact2\"><select class=\"wpcf7-form-control wpcf7-select\" aria-invalid=\"false\" name=\"choix-contact2\"><option value=\"Wochenende\">Wochenende<\/option><option value=\"Woche(n)\">Woche(n)<\/option><option value=\"Monat(e)\">Monat(e)<\/option><option value=\"Jahreszeit(en)\">Jahreszeit(en)<\/option><\/select><\/span><\/label>\n\t\t\t\t<\/p>\n\t\t\t<\/td>\n\t\t<\/tr>\n\t\t<tr>\n\t\t\t<td>\n\t\t\t\t<div style=\"border: 0px solid; font-family:arial; font-size:20px; font-weight:Bold\">\n\t\t\t\t<\/div>\n\t\t\t<\/td>\n\t\t<\/tr>\n\t<\/table>\n\t<table>\n\t\t<tr>\n\t\t\t<td>\n\t\t\t\t<p><label class=\"textenom\"> <span class=\"wpcf7-form-control-wrap\" data-name=\"your-message\"><textarea cols=\"50\" rows=\"3\" maxlength=\"2000\" class=\"wpcf7-form-control wpcf7-textarea\" aria-invalid=\"false\" placeholder=\"Weitere Informationen\" name=\"your-message\"><\/textarea><\/span> <\/label>\n\t\t\t\t<\/p>\n\t\t\t<\/td>\n\t\t<\/tr>\n\t<\/table>\n<\/center>\n<Center>\n\t<tr>\n\t\t<td  align=\"center\">\n\t\t\t<h6><label class=\"bouton2\"><input class=\"wpcf7-form-control wpcf7-submit has-spinner\" type=\"submit\" value=\"Kostenloses Angebot\" \/><\/label>\n\t\t\t<\/h6>\n\t\t<\/td>\n\t<\/tr>\n\t<table>\n &nbsp\n\t<\/table>\n<\/center><div class=\"wpcf7-response-output\" aria-hidden=\"true\"><\/div>\n<\/form>\n<\/div>\n[vc_btn title=&#8220;Weitere Attraktionen&#8220; style=&#8220;outline&#8220; shape=&#8220;square&#8220; color=&#8220;primary&#8220; size=&#8220;lg&#8220; align=&#8220;center&#8220; button_block=&#8220;true&#8220; link=&#8220;url:https%3A%2F%2Fwww.lapati.ch%2Fde%2Fattractions%2F|title:Weitere%20Attractionen&#8220;][\/vc_column][\/vc_row]<\/p>\n<\/div>","protected":false},"excerpt":{"rendered":"<p>[vc_row][vc_column][vc_column_text] Neuheit in der Schweiz \u2013 Entdeckt Mini-Golf auf Eis! Ob f\u00fcr eine Veranstaltung, ein Firmenessen, einen Ausflug mit Freunden oder einen Familientag \u2013 Mini-Golf auf Eis ist die perfekte Aktivit\u00e4t, um Menschen auf spielerische Weise zusammenzubringen. Mit sechs abwechslungsreichen Bahnen ist jede Partie ein voller Erfolg. Egal ob Anf\u00e4nger oder erfahrener Spieler \u2013 der [&hellip;]<\/p>\n","protected":false},"author":3,"featured_media":0,"parent":1991,"menu_order":0,"comment_status":"closed","ping_status":"closed","template":"","meta":{"_acf_changed":false,"footnotes":""},"class_list":["post-1632","page","type-page","status-publish","hentry"],"acf":[],"yoast_head":"<!-- This site is optimized with the Yoast SEO plugin v26.5 - https:\/\/yoast.com\/wordpress\/plugins\/seo\/ -->\n<title>La Pati : Votre patinoire cl\u00e9 en main ! | Formulaire Mini-Golf<\/title>\n<meta name=\"description\" content=\"Dank dieser sechs Minigolfpl\u00e4tze wird die erste Runde ein Erfolg und nach der Anstrengung folgt die Gem\u00fctlichkeit an der Erfrischungsbar!\" \/>\n<meta name=\"robots\" content=\"index, follow, max-snippet:-1, max-image-preview:large, max-video-preview:-1\" \/>\n<link rel=\"canonical\" href=\"https:\/\/www.lapati.ch\/de\/news\/attractions\/formulaire-mini-golf\/\" \/>\n<meta property=\"og:locale\" content=\"de_DE\" \/>\n<meta property=\"og:type\" content=\"article\" \/>\n<meta property=\"og:title\" content=\"La Pati : Votre patinoire cl\u00e9 en main ! | Formulaire Mini-Golf\" \/>\n<meta property=\"og:description\" content=\"Dank dieser sechs Minigolfpl\u00e4tze wird die erste Runde ein Erfolg und nach der Anstrengung folgt die Gem\u00fctlichkeit an der Erfrischungsbar!\" \/>\n<meta property=\"og:url\" content=\"https:\/\/www.lapati.ch\/de\/news\/attractions\/formulaire-mini-golf\/\" \/>\n<meta property=\"og:site_name\" content=\"La Pati : Votre patinoire cl\u00e9 en main !\" \/>\n<meta property=\"article:modified_time\" content=\"2025-02-20T06:47:04+00:00\" \/>\n<meta name=\"twitter:card\" content=\"summary_large_image\" \/>\n<meta name=\"twitter:label1\" content=\"Gesch\u00e4tzte Lesezeit\" \/>\n\t<meta name=\"twitter:data1\" content=\"3\u00a0Minuten\" \/>\n<script type=\"application\/ld+json\" class=\"yoast-schema-graph\">{\"@context\":\"https:\/\/schema.org\",\"@graph\":[{\"@type\":\"WebPage\",\"@id\":\"https:\/\/www.lapati.ch\/de\/news\/attractions\/formulaire-mini-golf\/\",\"url\":\"https:\/\/www.lapati.ch\/de\/news\/attractions\/formulaire-mini-golf\/\",\"name\":\"La Pati : Votre patinoire cl\u00e9 en main ! | Formulaire Mini-Golf\",\"isPartOf\":{\"@id\":\"https:\/\/www.lapati.ch\/de\/#website\"},\"datePublished\":\"2025-01-04T00:14:10+00:00\",\"dateModified\":\"2025-02-20T06:47:04+00:00\",\"description\":\"Dank dieser sechs Minigolfpl\u00e4tze wird die erste Runde ein Erfolg und nach der Anstrengung folgt die Gem\u00fctlichkeit an der Erfrischungsbar!\",\"breadcrumb\":{\"@id\":\"https:\/\/www.lapati.ch\/de\/news\/attractions\/formulaire-mini-golf\/#breadcrumb\"},\"inLanguage\":\"de\",\"potentialAction\":[{\"@type\":\"ReadAction\",\"target\":[\"https:\/\/www.lapati.ch\/de\/news\/attractions\/formulaire-mini-golf\/\"]}]},{\"@type\":\"BreadcrumbList\",\"@id\":\"https:\/\/www.lapati.ch\/de\/news\/attractions\/formulaire-mini-golf\/#breadcrumb\",\"itemListElement\":[{\"@type\":\"ListItem\",\"position\":1,\"name\":\"Accueil\",\"item\":\"https:\/\/www.lapati.ch\/de\/\"},{\"@type\":\"ListItem\",\"position\":2,\"name\":\"News\",\"item\":\"https:\/\/www.lapati.ch\/de\/news\/\"},{\"@type\":\"ListItem\",\"position\":3,\"name\":\"Attraktionen\",\"item\":\"https:\/\/www.lapati.ch\/de\/news\/attractions\/\"},{\"@type\":\"ListItem\",\"position\":4,\"name\":\"Formulaire Mini-Golf\"}]},{\"@type\":\"WebSite\",\"@id\":\"https:\/\/www.lapati.ch\/de\/#website\",\"url\":\"https:\/\/www.lapati.ch\/de\/\",\"name\":\"La Pati : Votre patinoire cl\u00e9 en main !\",\"description\":\"\",\"potentialAction\":[{\"@type\":\"SearchAction\",\"target\":{\"@type\":\"EntryPoint\",\"urlTemplate\":\"https:\/\/www.lapati.ch\/de\/?s={search_term_string}\"},\"query-input\":{\"@type\":\"PropertyValueSpecification\",\"valueRequired\":true,\"valueName\":\"search_term_string\"}}],\"inLanguage\":\"de\"}]}<\/script>\n<!-- \/ Yoast SEO plugin. -->","yoast_head_json":{"title":"La Pati : Votre patinoire cl\u00e9 en main ! | Formulaire Mini-Golf","description":"Dank dieser sechs Minigolfpl\u00e4tze wird die erste Runde ein Erfolg und nach der Anstrengung folgt die Gem\u00fctlichkeit an der Erfrischungsbar!","robots":{"index":"index","follow":"follow","max-snippet":"max-snippet:-1","max-image-preview":"max-image-preview:large","max-video-preview":"max-video-preview:-1"},"canonical":"https:\/\/www.lapati.ch\/de\/news\/attractions\/formulaire-mini-golf\/","og_locale":"de_DE","og_type":"article","og_title":"La Pati : Votre patinoire cl\u00e9 en main ! | Formulaire Mini-Golf","og_description":"Dank dieser sechs Minigolfpl\u00e4tze wird die erste Runde ein Erfolg und nach der Anstrengung folgt die Gem\u00fctlichkeit an der Erfrischungsbar!","og_url":"https:\/\/www.lapati.ch\/de\/news\/attractions\/formulaire-mini-golf\/","og_site_name":"La Pati : Votre patinoire cl\u00e9 en main !","article_modified_time":"2025-02-20T06:47:04+00:00","twitter_card":"summary_large_image","twitter_misc":{"Gesch\u00e4tzte Lesezeit":"3\u00a0Minuten"},"schema":{"@context":"https:\/\/schema.org","@graph":[{"@type":"WebPage","@id":"https:\/\/www.lapati.ch\/de\/news\/attractions\/formulaire-mini-golf\/","url":"https:\/\/www.lapati.ch\/de\/news\/attractions\/formulaire-mini-golf\/","name":"La Pati : Votre patinoire cl\u00e9 en main ! | Formulaire Mini-Golf","isPartOf":{"@id":"https:\/\/www.lapati.ch\/de\/#website"},"datePublished":"2025-01-04T00:14:10+00:00","dateModified":"2025-02-20T06:47:04+00:00","description":"Dank dieser sechs Minigolfpl\u00e4tze wird die erste Runde ein Erfolg und nach der Anstrengung folgt die Gem\u00fctlichkeit an der Erfrischungsbar!","breadcrumb":{"@id":"https:\/\/www.lapati.ch\/de\/news\/attractions\/formulaire-mini-golf\/#breadcrumb"},"inLanguage":"de","potentialAction":[{"@type":"ReadAction","target":["https:\/\/www.lapati.ch\/de\/news\/attractions\/formulaire-mini-golf\/"]}]},{"@type":"BreadcrumbList","@id":"https:\/\/www.lapati.ch\/de\/news\/attractions\/formulaire-mini-golf\/#breadcrumb","itemListElement":[{"@type":"ListItem","position":1,"name":"Accueil","item":"https:\/\/www.lapati.ch\/de\/"},{"@type":"ListItem","position":2,"name":"News","item":"https:\/\/www.lapati.ch\/de\/news\/"},{"@type":"ListItem","position":3,"name":"Attraktionen","item":"https:\/\/www.lapati.ch\/de\/news\/attractions\/"},{"@type":"ListItem","position":4,"name":"Formulaire Mini-Golf"}]},{"@type":"WebSite","@id":"https:\/\/www.lapati.ch\/de\/#website","url":"https:\/\/www.lapati.ch\/de\/","name":"La Pati : Votre patinoire cl\u00e9 en main !","description":"","potentialAction":[{"@type":"SearchAction","target":{"@type":"EntryPoint","urlTemplate":"https:\/\/www.lapati.ch\/de\/?s={search_term_string}"},"query-input":{"@type":"PropertyValueSpecification","valueRequired":true,"valueName":"search_term_string"}}],"inLanguage":"de"}]}},"_links":{"self":[{"href":"https:\/\/www.lapati.ch\/de\/wp-json\/wp\/v2\/pages\/1632","targetHints":{"allow":["GET"]}}],"collection":[{"href":"https:\/\/www.lapati.ch\/de\/wp-json\/wp\/v2\/pages"}],"about":[{"href":"https:\/\/www.lapati.ch\/de\/wp-json\/wp\/v2\/types\/page"}],"author":[{"embeddable":true,"href":"https:\/\/www.lapati.ch\/de\/wp-json\/wp\/v2\/users\/3"}],"replies":[{"embeddable":true,"href":"https:\/\/www.lapati.ch\/de\/wp-json\/wp\/v2\/comments?post=1632"}],"version-history":[{"count":8,"href":"https:\/\/www.lapati.ch\/de\/wp-json\/wp\/v2\/pages\/1632\/revisions"}],"predecessor-version":[{"id":2301,"href":"https:\/\/www.lapati.ch\/de\/wp-json\/wp\/v2\/pages\/1632\/revisions\/2301"}],"up":[{"embeddable":true,"href":"https:\/\/www.lapati.ch\/de\/wp-json\/wp\/v2\/pages\/1991"}],"wp:attachment":[{"href":"https:\/\/www.lapati.ch\/de\/wp-json\/wp\/v2\/media?parent=1632"}],"curies":[{"name":"wp","href":"https:\/\/api.w.org\/{rel}","templated":true}]}}